{"id":15017,"date":"2024-09-24T14:00:38","date_gmt":"2024-09-24T12:00:38","guid":{"rendered":"https:\/\/domkisauny.pl\/?post_type=product&#038;p=15017"},"modified":"2025-08-12T10:52:35","modified_gmt":"2025-08-12T08:52:35","slug":"zahradni-virivka-grande-202cm","status":"publish","type":"product","link":"https:\/\/dev.domkisauny.pl\/cs\/produkt\/zahradni-virivka-grande-202cm\/","title":{"rendered":"Zahradn\u00ed v\u00ed\u0159ivka GRANDE 202 cm"},"content":{"rendered":"<h3>Sada obsahuje:<\/h3>\n<ul>\n<li>3kW oh\u0159\u00edva\u010d<\/li>\n<li>ob\u011bhov\u00e9 \u010derpadlo<\/li>\n<li>18 vodn\u00edch\/vzduchov\u00fdch trysek<\/li>\n<li>LED osv\u011btlen\u00ed<\/li>\n<li>akrylovou vlo\u017eku<\/li>\n<li>termo d\u0159ev\u011bn\u00e9 oblo\u017een\u00ed (lat\u011b)<\/li>\n<li>d\u0159ev\u011bn\u00e9 sch\u016fdky<\/li>\n<li>tepeln\u00fd kryt<\/li>\n<\/ul>\n<h3>Rozm\u011bry<\/h3>\n<ul>\n<li>Vn\u011bj\u0161\u00ed pr\u016fm\u011br &#8211; 202 cm<\/li>\n<li>Vnit\u0159n\u00ed pr\u016fm\u011br &#8211; 182 cm<\/li>\n<li>Vn\u011bj\u0161\u00ed v\u00fd\u0161ka &#8211; 100 cm<\/li>\n<li>Hloubka v\u00ed\u0159ivky &#8211; 87 cm<\/li>\n<li>Hmotnost: 220 kg<\/li>\n<li>Objem: cca 2000 l<\/li>\n<\/ul>\n<p>Na\u0161e\u00a0<strong>zahradn\u00ed v\u00ed\u0159ivka<\/strong>\u00a0je ide\u00e1ln\u00edm \u0159e\u0161en\u00edm pro milovn\u00edky\u00a0<strong>relaxace a pohodl\u00ed na \u010derstv\u00e9m vzduchu<\/strong>.\u00a0Je vyrobena z prav\u00e9ho <strong>tepeln\u011b o\u0161et\u0159en\u00e9 d\u0159eva<\/strong>, a poskytuje nejen <strong>odolnost<\/strong>, ale tak\u00e9 <strong>estetick\u00fd vzhled<\/strong>, kter\u00fd se hod\u00ed do ka\u017ed\u00e9 <strong>zahrady<\/strong>.\u00a0Vanu dopl\u0148uje praktick\u00fd syst\u00e9m cirkulace vody s <strong>hydromas\u00e1\u017e\u00ed<\/strong> vybavenou osmn\u00e1cti tryskami, kter\u00e9 v\u00e1m umo\u017en\u00ed <strong>relaxovat se a uvolnit svaly<\/strong>. A\u0165 u\u017e si chcete odpo\u010dinout po n\u00e1ro\u010dn\u00e9m pracovn\u00edm dni, nebo si u\u017e\u00edt p\u0159\u00edjemn\u00e9 chv\u00edle se sv\u00fdmi bl\u00edzk\u00fdmi, na\u0161e v\u00ed\u0159ivka v\u00e1m poskytne <strong>n\u00e1dhern\u00fd z\u00e1\u017eitek<\/strong>.<\/p>\n<h3><strong>Zahradn\u00ed v\u00ed\u0159ivka GRANDE 202 cm<\/strong><\/h3>\n<p>Ka\u017ed\u00fd z n\u00e1s tou\u017e\u00ed po n\u00e1ro\u010dn\u00e9m a dlouh\u00e9m dni po odpo\u010dinku. <strong>Zahradn\u00ed v\u00ed\u0159ivka GRANDE je ide\u00e1ln\u00edm \u0159e\u0161en\u00edm, d\u00edky kter\u00e9mu si m\u016f\u017eete u\u017e\u00edvat relaxaci na vlastn\u00ed zahrad\u011b<\/strong>. P\u0159\u00edjemn\u00e1 koupel v tepl\u00e9 vod\u011b s terapeutickou hydromas\u00e1\u017e\u00ed je spolehliv\u00fdm zp\u016fsobem, jak znovu na\u010derpat s\u00edly. Skandin\u00e1vsk\u00e1 estetika pak na dv\u016fr vn\u00e1\u0161\u00ed p\u0159irozenou, \u00fatulnou atmosf\u00e9ru.<\/p>\n<p><img loading=\"lazy\" decoding=\"async\" class=\"aligncenter wp-image-15613 size-full\" src=\"https:\/\/domkysauny.cz\/wp-content\/uploads\/2024\/09\/jacuzzi-grande-wizualizacja.jpg\" alt=\"\" width=\"2000\" height=\"1600\" srcset=\"https:\/\/dev.domkisauny.pl\/wp-content\/uploads\/2024\/09\/jacuzzi-grande-wizualizacja.jpg 2000w, https:\/\/dev.domkisauny.pl\/wp-content\/uploads\/2024\/09\/jacuzzi-grande-wizualizacja-300x240.jpg 300w, https:\/\/dev.domkisauny.pl\/wp-content\/uploads\/2024\/09\/jacuzzi-grande-wizualizacja-1000x800.jpg 1000w, https:\/\/dev.domkisauny.pl\/wp-content\/uploads\/2024\/09\/jacuzzi-grande-wizualizacja-1024x819.jpg 1024w, https:\/\/dev.domkisauny.pl\/wp-content\/uploads\/2024\/09\/jacuzzi-grande-wizualizacja-768x614.jpg 768w, https:\/\/dev.domkisauny.pl\/wp-content\/uploads\/2024\/09\/jacuzzi-grande-wizualizacja-1536x1229.jpg 1536w\" sizes=\"auto, (max-width: 2000px) 100vw, 2000px\" \/><\/p>\n<h3><strong>Prom\u011b\u0148te svou zahradu v relaxa\u010dn\u00ed z\u00f3nu!<\/strong><\/h3>\n<p>Chcete zapomenout na neust\u00e1l\u00fd stres nebo p\u0159em\u00edru povinnost\u00ed? Zahradn\u00ed v\u00ed\u0159ivka GRANDE od spole\u010dnosti A&amp;M V\u00e1m v tom pom\u016f\u017ee. Jej\u00ed minimalistick\u00fd design se skv\u011ble hod\u00ed do ka\u017ed\u00e9 zahrady. <strong>V\u00e1\u0161 dvorek se tak prom\u011bn\u00ed ve skute\u010dnou relaxa\u010dn\u00ed z\u00f3nu.<\/strong><\/p>\n<p>A\u0165 u\u017e si chcete odpo\u010dinout po n\u00e1ro\u010dn\u00e9m pracovn\u00edm dni, relaxovat nebo jen tr\u00e1vit \u010das venku na \u010derstv\u00e9m vzduchu, d\u0159ev\u011bn\u00e1 zahradn\u00ed v\u00ed\u0159ivka V\u00e1m umo\u017en\u00ed znovu z\u00edskat rovnov\u00e1hu \u2013 a to v\u0161echno na Va\u0161\u00ed vlastn\u00ed zahrad\u011b.<\/p>\n<p>Tento model je vyroben z odoln\u00e9ho borovicov\u00e9ho Thermo d\u0159eva, kter\u00e9 dod\u00e1v\u00e1 pocit p\u0159irozenosti a tepla. Krom\u011b toho vytv\u00e1\u0159\u00ed osv\u011btlen\u00ed LED b\u011bhem ve\u010dern\u00edch koupel\u00ed unik\u00e1tn\u00ed atmosf\u00e9ru, kter\u00e1 z\u00e1\u017eitky je\u0161t\u011b umoc\u0148uje.<\/p>\n<p><strong>V\u00ed\u0159ivka GRANDE v\u0161ak, jak n\u00e1zev napov\u00edd\u00e1, vynik\u00e1 hlavn\u011b svou velikost\u00ed.<\/strong> D\u00edky rozm\u011br\u016fm 202 x 182 cm je v n\u00ed dostatek m\u00edsta a\u017e pro 8 osob, co\u017e zaru\u010duje odpo\u010dinek v kruhu nejbli\u017e\u0161\u00edch.<\/p>\n<h3><strong>Zahradn\u00ed v\u00ed\u0159ivka, recept na relaxaci po mnoho let<\/strong><\/h3>\n<p>Vysok\u00e1 kvalita na\u0161\u00ed zahradn\u00ed v\u00ed\u0159ivky je d\u00e1na promy\u0161lenou konstrukc\u00ed a pou\u017eit\u00edm modern\u00edch \u0159e\u0161en\u00ed, jako jsou:<\/p>\n<ul>\n<li>d\u0159evo Thermo odoln\u00e9 proti pov\u011btrnostn\u00edm vliv\u016fm,<\/li>\n<li>odoln\u00e1 a p\u0159\u00edjemn\u00e1 akryl\u00e1tov\u00e1 vlo\u017eka,<\/li>\n<li>vysoce kvalitn\u00ed vybaven\u00ed,<\/li>\n<li>tepeln\u011b izola\u010dn\u00ed poklop.<\/li>\n<\/ul>\n<p>D\u00edky nim si m\u016f\u017eete b\u00fdt jisti, \u017ee V\u00e1m v\u00ed\u0159ivka vydr\u017e\u00ed mnoho let.<\/p>\n<p><img loading=\"lazy\" decoding=\"async\" class=\"aligncenter size-full wp-image-15609\" src=\"https:\/\/domkysauny.cz\/wp-content\/uploads\/2024\/09\/jacuzzi-grande-rzut.jpg\" alt=\"\" width=\"2000\" height=\"1600\" srcset=\"https:\/\/dev.domkisauny.pl\/wp-content\/uploads\/2024\/09\/jacuzzi-grande-rzut.jpg 2000w, https:\/\/dev.domkisauny.pl\/wp-content\/uploads\/2024\/09\/jacuzzi-grande-rzut-300x240.jpg 300w, https:\/\/dev.domkisauny.pl\/wp-content\/uploads\/2024\/09\/jacuzzi-grande-rzut-1000x800.jpg 1000w, https:\/\/dev.domkisauny.pl\/wp-content\/uploads\/2024\/09\/jacuzzi-grande-rzut-1024x819.jpg 1024w, https:\/\/dev.domkisauny.pl\/wp-content\/uploads\/2024\/09\/jacuzzi-grande-rzut-768x614.jpg 768w, https:\/\/dev.domkisauny.pl\/wp-content\/uploads\/2024\/09\/jacuzzi-grande-rzut-1536x1229.jpg 1536w\" sizes=\"auto, (max-width: 2000px) 100vw, 2000px\" \/><\/p>\n<p>V\u00ed\u0159ivka v\u0161ak nen\u00ed jen o tepl\u00e9 vod\u011b \u2013 k opravdov\u00e9 regeneraci p\u0159isp\u00edv\u00e1 tak\u00e9 hydromas\u00e1\u017e. <strong>V\u00ed\u0159ivka GRANDE m\u00e1 18 vodn\u00edch a vzduchov\u00fdch trysek, kter\u00e9 se postaraj\u00ed o Va\u0161e uvoln\u011bn\u00ed.<\/strong><\/p>\n<p>Nav\u00edc je v\u00fdpl\u0148 v\u00ed\u0159ivky tvo\u0159ena akryl\u00e1tovou vlo\u017ekou, kter\u00e1 zaru\u010duje, \u017ee tento model bude vypadat perfektn\u011b po mnoho let. V\u00ed\u0159ivka je nejen velmi odoln\u00e1, ale je tak\u00e9 snadn\u00e9 ji udr\u017eovat v \u010distot\u011b.<\/p>\n<h3><strong>Dopln\u011bk k ubytovac\u00edmu za\u0159\u00edzen\u00ed, za kter\u00fd V\u00e1m host\u00e9 pod\u011bkuj\u00ed.<\/strong><\/h3>\n<p>Na dovolen\u00e9 m\u00e1me v\u0161ichni stejn\u00fd c\u00edl \u2013 odpo\u010dinout si. <strong>Pokud tedy provozujete ubytovac\u00ed za\u0159\u00edzen\u00ed, vyplat\u00ed se zv\u00e1\u017eit n\u00e1kup v\u00ed\u0159ivky.<\/strong> D\u00edky n\u00ed budou m\u00edt Va\u0161i host\u00e9 dokonalou p\u0159\u00edle\u017eitost k odpo\u010dinku, za co\u017e V\u00e1m budou jist\u011b vd\u011b\u010dn\u00ed.<\/p>\n","protected":false},"excerpt":{"rendered":"<p>Sada obsahuje: 3kW oh\u0159\u00edva\u010d ob\u011bhov\u00e9 \u010derpadlo 18 vodn\u00edch\/vzduchov\u00fdch trysek LED osv\u011btlen\u00ed akrylovou vlo\u017eku termo d\u0159ev\u011bn\u00e9 oblo\u017een\u00ed (lat\u011b) d\u0159ev\u011bn\u00e9 sch\u016fdky tepeln\u00fd<\/p>\n","protected":false},"featured_media":15614,"template":"","meta":{"_acf_changed":false},"product_brand":[],"product_cat":[117],"product_tag":[],"class_list":{"0":"post-15017","1":"product","2":"type-product","3":"status-publish","4":"has-post-thumbnail","6":"product_cat-jacuzzi","8":"first","9":"instock","10":"shipping-taxable","11":"purchasable","12":"product-type-variable"},"acf":[],"yoast_head":"<!-- This site is optimized with the Yoast SEO plugin v27.4 - https:\/\/yoast.com\/product\/yoast-seo-wordpress\/ -->\n<title>Zahradn\u00ed jacuzzi<\/title>\n<meta name=\"description\" content=\"V\u00fdrobek umo\u017e\u0148uje pohodlnou koupel\u00a0s perli\u010dkovou mas\u00e1\u017e\u00ed\u00a0pro n\u011bkolik osob a relaxaci\u00a0na zahrad\u011b. Je to dobr\u00e9 \u0159e\u0161en\u00ed pro majitele ubytov\u00e1n\u00ed.\" \/>\n<meta name=\"robots\" content=\"noindex, follow, max-snippet:-1, max-image-preview:large, max-video-preview:-1\" \/>\n<meta property=\"og:locale\" content=\"cs_CZ\" \/>\n<meta property=\"og:type\" content=\"article\" \/>\n<meta property=\"og:title\" content=\"Zahradn\u00ed jacuzzi\" \/>\n<meta property=\"og:description\" content=\"V\u00fdrobek umo\u017e\u0148uje pohodlnou koupel\u00a0s perli\u010dkovou mas\u00e1\u017e\u00ed\u00a0pro n\u011bkolik osob a relaxaci\u00a0na zahrad\u011b. Je to dobr\u00e9 \u0159e\u0161en\u00ed pro majitele ubytov\u00e1n\u00ed.\" \/>\n<meta property=\"og:url\" content=\"https:\/\/dev.domkisauny.pl\/cs\/produkt\/zahradni-virivka-grande-202cm\/\" \/>\n<meta property=\"og:site_name\" content=\"Chaty, sauny\" \/>\n<meta property=\"article:publisher\" content=\"https:\/\/www.facebook.com\/DomkiSauny\" \/>\n<meta property=\"article:modified_time\" content=\"2025-08-12T08:52:35+00:00\" \/>\n<meta property=\"og:image\" content=\"https:\/\/dev.domkisauny.pl\/wp-content\/uploads\/2024\/09\/jacuzzi-grande-wizualizacja.jpg\" \/>\n\t<meta property=\"og:image:width\" content=\"2000\" \/>\n\t<meta property=\"og:image:height\" content=\"1600\" \/>\n\t<meta property=\"og:image:type\" content=\"image\/jpeg\" \/>\n<meta name=\"twitter:card\" content=\"summary_large_image\" \/>\n<meta name=\"twitter:label1\" content=\"Odhadovan\u00e1 doba \u010dten\u00ed\" \/>\n\t<meta name=\"twitter:data1\" content=\"4 minuty\" \/>\n<script type=\"application\/ld+json\" class=\"yoast-schema-graph\">{\"@context\":\"https:\\\/\\\/schema.org\",\"@graph\":[{\"@type\":\"WebPage\",\"@id\":\"https:\\\/\\\/dev.domkisauny.pl\\\/cs\\\/produkt\\\/zahradni-virivka-grande-202cm\\\/\",\"url\":\"https:\\\/\\\/dev.domkisauny.pl\\\/cs\\\/produkt\\\/zahradni-virivka-grande-202cm\\\/\",\"name\":\"Zahradn\u00ed jacuzzi\",\"isPartOf\":{\"@id\":\"https:\\\/\\\/dev.domkisauny.pl\\\/cs\\\/#website\"},\"primaryImageOfPage\":{\"@id\":\"https:\\\/\\\/dev.domkisauny.pl\\\/cs\\\/produkt\\\/zahradni-virivka-grande-202cm\\\/#primaryimage\"},\"image\":{\"@id\":\"https:\\\/\\\/dev.domkisauny.pl\\\/cs\\\/produkt\\\/zahradni-virivka-grande-202cm\\\/#primaryimage\"},\"thumbnailUrl\":\"https:\\\/\\\/dev.domkisauny.pl\\\/wp-content\\\/uploads\\\/2024\\\/09\\\/jacuzzi-grande-wizualizacja.jpg\",\"datePublished\":\"2024-09-24T12:00:38+00:00\",\"dateModified\":\"2025-08-12T08:52:35+00:00\",\"description\":\"V\u00fdrobek umo\u017e\u0148uje pohodlnou koupel\u00a0s perli\u010dkovou mas\u00e1\u017e\u00ed\u00a0pro n\u011bkolik osob a relaxaci\u00a0na zahrad\u011b. Je to dobr\u00e9 \u0159e\u0161en\u00ed pro majitele ubytov\u00e1n\u00ed.\",\"breadcrumb\":{\"@id\":\"https:\\\/\\\/dev.domkisauny.pl\\\/cs\\\/produkt\\\/zahradni-virivka-grande-202cm\\\/#breadcrumb\"},\"inLanguage\":\"cs\",\"potentialAction\":[{\"@type\":\"ReadAction\",\"target\":[\"https:\\\/\\\/dev.domkisauny.pl\\\/cs\\\/produkt\\\/zahradni-virivka-grande-202cm\\\/\"]}]},{\"@type\":\"ImageObject\",\"inLanguage\":\"cs\",\"@id\":\"https:\\\/\\\/dev.domkisauny.pl\\\/cs\\\/produkt\\\/zahradni-virivka-grande-202cm\\\/#primaryimage\",\"url\":\"https:\\\/\\\/dev.domkisauny.pl\\\/wp-content\\\/uploads\\\/2024\\\/09\\\/jacuzzi-grande-wizualizacja.jpg\",\"contentUrl\":\"https:\\\/\\\/dev.domkisauny.pl\\\/wp-content\\\/uploads\\\/2024\\\/09\\\/jacuzzi-grande-wizualizacja.jpg\",\"width\":2000,\"height\":1600},{\"@type\":\"BreadcrumbList\",\"@id\":\"https:\\\/\\\/dev.domkisauny.pl\\\/cs\\\/produkt\\\/zahradni-virivka-grande-202cm\\\/#breadcrumb\",\"itemListElement\":[{\"@type\":\"ListItem\",\"position\":1,\"name\":\"A&amp;M\",\"item\":\"https:\\\/\\\/dev.domkisauny.pl\\\/cs\\\/\"},{\"@type\":\"ListItem\",\"position\":2,\"name\":\"Produkty\",\"item\":\"https:\\\/\\\/dev.domkisauny.pl\\\/produkty\\\/\"},{\"@type\":\"ListItem\",\"position\":3,\"name\":\"Jacuzzi\",\"item\":\"https:\\\/\\\/dev.domkisauny.pl\\\/cs\\\/kategorie-produktu\\\/jacuzzi\\\/\"},{\"@type\":\"ListItem\",\"position\":4,\"name\":\"Zahradn\u00ed v\u00ed\u0159ivka GRANDE 202 cm\"}]},{\"@type\":\"WebSite\",\"@id\":\"https:\\\/\\\/dev.domkisauny.pl\\\/cs\\\/#website\",\"url\":\"https:\\\/\\\/dev.domkisauny.pl\\\/cs\\\/\",\"name\":\"Chaty, sauny\",\"description\":\"\",\"publisher\":{\"@id\":\"https:\\\/\\\/dev.domkisauny.pl\\\/cs\\\/#organization\"},\"potentialAction\":[{\"@type\":\"SearchAction\",\"target\":{\"@type\":\"EntryPoint\",\"urlTemplate\":\"https:\\\/\\\/dev.domkisauny.pl\\\/cs\\\/?s={search_term_string}\"},\"query-input\":{\"@type\":\"PropertyValueSpecification\",\"valueRequired\":true,\"valueName\":\"search_term_string\"}}],\"inLanguage\":\"cs\"},{\"@type\":\"Organization\",\"@id\":\"https:\\\/\\\/dev.domkisauny.pl\\\/cs\\\/#organization\",\"name\":\"Chaty, sauny\",\"url\":\"https:\\\/\\\/dev.domkisauny.pl\\\/cs\\\/\",\"logo\":{\"@type\":\"ImageObject\",\"inLanguage\":\"cs\",\"@id\":\"https:\\\/\\\/dev.domkisauny.pl\\\/cs\\\/#\\\/schema\\\/logo\\\/image\\\/\",\"url\":\"https:\\\/\\\/domkisauny.pl\\\/wp-content\\\/uploads\\\/2022\\\/09\\\/logo_03.png\",\"contentUrl\":\"https:\\\/\\\/domkisauny.pl\\\/wp-content\\\/uploads\\\/2022\\\/09\\\/logo_03.png\",\"width\":95,\"height\":81,\"caption\":\"Chaty, sauny\"},\"image\":{\"@id\":\"https:\\\/\\\/dev.domkisauny.pl\\\/cs\\\/#\\\/schema\\\/logo\\\/image\\\/\"},\"sameAs\":[\"https:\\\/\\\/www.facebook.com\\\/DomkiSauny\"]}]}<\/script>\n<!-- \/ Yoast SEO plugin. -->","yoast_head_json":{"title":"Zahradn\u00ed jacuzzi","description":"V\u00fdrobek umo\u017e\u0148uje pohodlnou koupel\u00a0s perli\u010dkovou mas\u00e1\u017e\u00ed\u00a0pro n\u011bkolik osob a relaxaci\u00a0na zahrad\u011b. Je to dobr\u00e9 \u0159e\u0161en\u00ed pro majitele ubytov\u00e1n\u00ed.","robots":{"index":"noindex","follow":"follow","max-snippet":"max-snippet:-1","max-image-preview":"max-image-preview:large","max-video-preview":"max-video-preview:-1"},"og_locale":"cs_CZ","og_type":"article","og_title":"Zahradn\u00ed jacuzzi","og_description":"V\u00fdrobek umo\u017e\u0148uje pohodlnou koupel\u00a0s perli\u010dkovou mas\u00e1\u017e\u00ed\u00a0pro n\u011bkolik osob a relaxaci\u00a0na zahrad\u011b. Je to dobr\u00e9 \u0159e\u0161en\u00ed pro majitele ubytov\u00e1n\u00ed.","og_url":"https:\/\/dev.domkisauny.pl\/cs\/produkt\/zahradni-virivka-grande-202cm\/","og_site_name":"Chaty, sauny","article_publisher":"https:\/\/www.facebook.com\/DomkiSauny","article_modified_time":"2025-08-12T08:52:35+00:00","og_image":[{"width":2000,"height":1600,"url":"https:\/\/dev.domkisauny.pl\/wp-content\/uploads\/2024\/09\/jacuzzi-grande-wizualizacja.jpg","type":"image\/jpeg"}],"twitter_card":"summary_large_image","twitter_misc":{"Odhadovan\u00e1 doba \u010dten\u00ed":"4 minuty"},"schema":{"@context":"https:\/\/schema.org","@graph":[{"@type":"WebPage","@id":"https:\/\/dev.domkisauny.pl\/cs\/produkt\/zahradni-virivka-grande-202cm\/","url":"https:\/\/dev.domkisauny.pl\/cs\/produkt\/zahradni-virivka-grande-202cm\/","name":"Zahradn\u00ed jacuzzi","isPartOf":{"@id":"https:\/\/dev.domkisauny.pl\/cs\/#website"},"primaryImageOfPage":{"@id":"https:\/\/dev.domkisauny.pl\/cs\/produkt\/zahradni-virivka-grande-202cm\/#primaryimage"},"image":{"@id":"https:\/\/dev.domkisauny.pl\/cs\/produkt\/zahradni-virivka-grande-202cm\/#primaryimage"},"thumbnailUrl":"https:\/\/dev.domkisauny.pl\/wp-content\/uploads\/2024\/09\/jacuzzi-grande-wizualizacja.jpg","datePublished":"2024-09-24T12:00:38+00:00","dateModified":"2025-08-12T08:52:35+00:00","description":"V\u00fdrobek umo\u017e\u0148uje pohodlnou koupel\u00a0s perli\u010dkovou mas\u00e1\u017e\u00ed\u00a0pro n\u011bkolik osob a relaxaci\u00a0na zahrad\u011b. Je to dobr\u00e9 \u0159e\u0161en\u00ed pro majitele ubytov\u00e1n\u00ed.","breadcrumb":{"@id":"https:\/\/dev.domkisauny.pl\/cs\/produkt\/zahradni-virivka-grande-202cm\/#breadcrumb"},"inLanguage":"cs","potentialAction":[{"@type":"ReadAction","target":["https:\/\/dev.domkisauny.pl\/cs\/produkt\/zahradni-virivka-grande-202cm\/"]}]},{"@type":"ImageObject","inLanguage":"cs","@id":"https:\/\/dev.domkisauny.pl\/cs\/produkt\/zahradni-virivka-grande-202cm\/#primaryimage","url":"https:\/\/dev.domkisauny.pl\/wp-content\/uploads\/2024\/09\/jacuzzi-grande-wizualizacja.jpg","contentUrl":"https:\/\/dev.domkisauny.pl\/wp-content\/uploads\/2024\/09\/jacuzzi-grande-wizualizacja.jpg","width":2000,"height":1600},{"@type":"BreadcrumbList","@id":"https:\/\/dev.domkisauny.pl\/cs\/produkt\/zahradni-virivka-grande-202cm\/#breadcrumb","itemListElement":[{"@type":"ListItem","position":1,"name":"A&amp;M","item":"https:\/\/dev.domkisauny.pl\/cs\/"},{"@type":"ListItem","position":2,"name":"Produkty","item":"https:\/\/dev.domkisauny.pl\/produkty\/"},{"@type":"ListItem","position":3,"name":"Jacuzzi","item":"https:\/\/dev.domkisauny.pl\/cs\/kategorie-produktu\/jacuzzi\/"},{"@type":"ListItem","position":4,"name":"Zahradn\u00ed v\u00ed\u0159ivka GRANDE 202 cm"}]},{"@type":"WebSite","@id":"https:\/\/dev.domkisauny.pl\/cs\/#website","url":"https:\/\/dev.domkisauny.pl\/cs\/","name":"Chaty, sauny","description":"","publisher":{"@id":"https:\/\/dev.domkisauny.pl\/cs\/#organization"},"potentialAction":[{"@type":"SearchAction","target":{"@type":"EntryPoint","urlTemplate":"https:\/\/dev.domkisauny.pl\/cs\/?s={search_term_string}"},"query-input":{"@type":"PropertyValueSpecification","valueRequired":true,"valueName":"search_term_string"}}],"inLanguage":"cs"},{"@type":"Organization","@id":"https:\/\/dev.domkisauny.pl\/cs\/#organization","name":"Chaty, sauny","url":"https:\/\/dev.domkisauny.pl\/cs\/","logo":{"@type":"ImageObject","inLanguage":"cs","@id":"https:\/\/dev.domkisauny.pl\/cs\/#\/schema\/logo\/image\/","url":"https:\/\/domkisauny.pl\/wp-content\/uploads\/2022\/09\/logo_03.png","contentUrl":"https:\/\/domkisauny.pl\/wp-content\/uploads\/2022\/09\/logo_03.png","width":95,"height":81,"caption":"Chaty, sauny"},"image":{"@id":"https:\/\/dev.domkisauny.pl\/cs\/#\/schema\/logo\/image\/"},"sameAs":["https:\/\/www.facebook.com\/DomkiSauny"]}]}},"_links":{"self":[{"href":"https:\/\/dev.domkisauny.pl\/cs\/wp-json\/wp\/v2\/product\/15017","targetHints":{"allow":["GET"]}}],"collection":[{"href":"https:\/\/dev.domkisauny.pl\/cs\/wp-json\/wp\/v2\/product"}],"about":[{"href":"https:\/\/dev.domkisauny.pl\/cs\/wp-json\/wp\/v2\/types\/product"}],"wp:featuredmedia":[{"embeddable":true,"href":"https:\/\/dev.domkisauny.pl\/cs\/wp-json\/wp\/v2\/media\/15614"}],"wp:attachment":[{"href":"https:\/\/dev.domkisauny.pl\/cs\/wp-json\/wp\/v2\/media?parent=15017"}],"wp:term":[{"taxonomy":"product_brand","embeddable":true,"href":"https:\/\/dev.domkisauny.pl\/cs\/wp-json\/wp\/v2\/product_brand?post=15017"},{"taxonomy":"product_cat","embeddable":true,"href":"https:\/\/dev.domkisauny.pl\/cs\/wp-json\/wp\/v2\/product_cat?post=15017"},{"taxonomy":"product_tag","embeddable":true,"href":"https:\/\/dev.domkisauny.pl\/cs\/wp-json\/wp\/v2\/product_tag?post=15017"}],"curies":[{"name":"wp","href":"https:\/\/api.w.org\/{rel}","templated":true}]}}