{"id":1475,"date":"2022-10-05T09:00:22","date_gmt":"2022-10-05T07:00:22","guid":{"rendered":"https:\/\/domkisauny.pl\/produkt\/sauna-25-m-bez-predsine\/"},"modified":"2025-05-20T21:22:17","modified_gmt":"2025-05-20T19:22:17","slug":"zahradni-sauna-sud-250-cm","status":"publish","type":"product","link":"https:\/\/dev.domkisauny.pl\/cs\/produkt\/zahradni-sauna-sud-250-cm\/","title":{"rendered":"Zahradn\u00ed sauna sud 250 cm"},"content":{"rendered":"<h3><strong>Specifikace:<\/strong><\/h3>\n<ul>\n<li>vn\u011bj\u0161\u00ed rozm\u011bry: d\u00e9lka 245 cm, v\u00fd\u0161ka 2 m<\/li>\n<li>tlou\u0161\u0165ka st\u011bn: 45 mm<\/li>\n<li>d\u0159evo: smrk<\/li>\n<li>st\u0159echa pokryt\u00e1 \u0161ed\u00fdm bitumenov\u00fdm \u0161indelem<\/li>\n<li>d\u0159ev\u011bn\u00e9 dve\u0159e s tvrzen\u00fdm sklem<\/li>\n<li>d\u0159ev\u011bn\u00e9: podlaha a lavice<\/li>\n<li>t\u0159i obj\u00edmky k upevn\u011bn\u00ed sauny<\/li>\n<li>dva d\u0159ev\u011bn\u00e9 podstavce pro um\u00edst\u011bn\u00ed na zem<\/li>\n<\/ul>\n<p>Je vyrobena z <strong><b>p\u0159\u00edrodn\u00edho smrkov\u00e9ho d\u0159eva<\/b><\/strong> a je ide\u00e1ln\u00ed na pozemek a zahradu. Umo\u017e\u0148uje relaxaci a m\u016f\u017ee b\u00fdt dal\u0161\u00ed <strong><b>atrakc\u00ed ubytovac\u00edch chat<\/b><\/strong>.<\/p>\n<p><strong><b>Zahradn\u00ed sauna od spole\u010dnosti A&amp;M<\/b><\/strong> je ru\u010dn\u011b postaven\u00e1 konstrukce ze d\u0159eva z <strong><b>polsk\u00fdch les\u016f<\/b><\/strong>. Rozm. sauny \u010din\u00ed <strong><b>245 cm<\/b><\/strong> d\u00e9l. a <strong><b>200 cm<\/b><\/strong> v\u00fd\u0161., stavebn\u00edm materi\u00e1lem jsou prkna z tlou\u0161\u0165kou <strong><b>45 mm.<\/b><\/strong> Sauna m\u00e1 <strong><b>podlahu<\/b><\/strong>, <strong><b>lavice<\/b><\/strong> a <strong><b>dve\u0159e<\/b><\/strong> z <strong><b>tvrzen\u00e9ho skla<\/b><\/strong>. V\u0161e je vyztu\u017eeno 3 <strong><b>kovov\u00fdmi obj\u00edmkami<\/b><\/strong> a spo\u010d\u00edv\u00e1 na <strong><b>2 d\u0159ev\u011bn\u00fdch podstavc\u00edch<\/b><\/strong>. \u0160ed\u00e1 st\u0159echa z <strong><b>asfaltov\u00fdch \u0161indel\u016f<\/b><\/strong>.<\/p>\n<p>Dod\u00e1van\u00e1 sauna <strong><b>je kompletn\u00ed<\/b><\/strong>. Dal\u0161\u00ed vybaven\u00ed za p\u0159\u00edplatek: <strong><b>impregnace lakem<\/b><\/strong>, <strong><b>oh\u0159ev<\/b><\/strong>, <strong><b>prosklen\u00ed<\/b><\/strong>.<\/p>\n<p><img loading=\"lazy\" decoding=\"async\" class=\"aligncenter wp-image-8084 size-full\" src=\"https:\/\/domkysauny.cz\/wp-content\/uploads\/2022\/10\/Sauna-beczka-25m-wizualizacja.jpg\" alt=\"\" width=\"2000\" height=\"1125\" \/><\/p>\n<h3><strong><b>Objevte dobr\u00fd zp\u016fsob, jak zahnat nudu<\/b><\/strong><\/h3>\n<p>Sauna je u Fin\u016f a dal\u0161\u00edch n\u00e1rod\u016f \u017eij\u00edc\u00edch za pol\u00e1rn\u00edm kruhem nesm\u00edrn\u011b obl\u00edben\u00e1 ji\u017e n\u011bkolik desetilet\u00ed. Saunov\u00e1n\u00ed je jedine\u010dn\u00fd \u017eivotn\u00ed styl, tradice a vynikaj\u00edc\u00ed p\u0159\u00edle\u017eitost k udr\u017een\u00ed dobr\u00e9ho zdrav\u00ed. Vyu\u017eijte dobroty a moudrosti seversk\u00fdch n\u00e1rod\u016f, kter\u00e9 v\u011bd\u00ed, co je dobr\u00e9. Postavte si na zahrad\u011b saunu a objevte nov\u00e9 metody na zahn\u00e1n\u00ed nudy a dosa\u017een\u00ed klidu. A\u0165 u\u017e v t\u00fddnu, o v\u00edkendu nebo na dovolen\u00e9. Otu\u017eujte se a za\u017e\u00edvejte nov\u00e9 z\u00e1\u017eitky spole\u010dn\u011b s rodinou a p\u0159\u00e1teli. A pokud provozujete ubytov\u00e1n\u00ed, bude sauna jedine\u010dn\u00fdm n\u00e1padem, jak host\u016fm zpest\u0159it dovolenou.<strong><b><img loading=\"lazy\" decoding=\"async\" class=\"aligncenter wp-image-8092 size-full\" src=\"https:\/\/domkysauny.cz\/wp-content\/uploads\/2022\/10\/Sauna-beczka-25m-przekroj-2.jpg\" alt=\"\" width=\"2000\" height=\"1600\" \/><\/b><\/strong><\/p>\n<h3><strong><b>U\u017eijte si p\u0159\u00edrodn\u00ed smrkov\u00e9 d\u0159evo z Polska<\/b><\/strong><\/h3>\n<p>Zahradn\u00ed sauna v nab\u00eddce spole\u010dnosti A&amp;M je produkt vytvo\u0159en\u00fd s v\u00e1\u0161n\u00ed na z\u00e1klad\u011b tradi\u010dn\u00edch v\u00fdrobn\u00edch postup\u016f \u2013 ru\u010dn\u00ed pr\u00e1ce. Cel\u00e1 sauna byla postavena z p\u0159\u00edrodn\u00edho smrkov\u00e9ho d\u0159eva poch\u00e1zej\u00edc\u00edho v\u00fdhradn\u011b z polsk\u00fdch les\u016f. Prkna o tlou\u0161\u0165ce 45 mm zaji\u0161\u0165uj\u00ed pevnost a cel\u00e1 konstrukce je vyztu\u017eena 3 kovov\u00fdmi obj\u00edmkami. K\u00e1\u010f m\u00e1 ergonomick\u00e9 rozm\u011bry 245 cm na d\u00e9lku a 200 cm na v\u00fd\u0161ku, tak\u017ee se v n\u00ed bude pohodln\u011b pohybovat v\u00edce osob. Sada obsahuje d\u0159ev\u011bn\u00e9 lavice, speci\u00e1ln\u00ed podlahu a dve\u0159e s tabul\u00ed z tvrzen\u00e9ho skla. A st\u0159e\u0161n\u00ed krytina je estetick\u00fd \u0161ed\u00fd asfaltov\u00fd \u0161indel. Konstrukce stoj\u00ed na dvou d\u0159ev\u011bn\u00fdch podstavc\u00edch, tak\u017ee ji m\u016f\u017eete um\u00edstit na tr\u00e1vn\u00edk, dla\u017eebn\u00ed kostky nebo terasu. Dod\u00e1vka sauny se prov\u00e1d\u00ed vcelku.<\/p>\n<h3><strong><b>Prozkoumejte mo\u017enosti konfigurace<\/b><\/strong><\/h3>\n<p>P\u0159\u00edtomnost finsk\u00e9 sauny na vlastn\u00ed zahrad\u011b nebo pozemku je ur\u010dit\u00fdm druhem presti\u017ee a velmi origin\u00e1ln\u00ed dekorace, kter\u00e1 p\u0159il\u00e1k\u00e1 pozornost ka\u017ed\u00e9ho, kdo ji uvid\u00ed. Nav\u00edc m\u00e1te mo\u017enost dokoupit dal\u0161\u00ed vybaven\u00ed a nakonfigurovat je. V prvn\u00ed \u0159ad\u011b je to impregnace desek lakem &#8211; na v\u00fdb\u011br je a\u017e 10 barev. Krom\u011b toho si m\u016f\u017eete vybrat zdroj vyt\u00e1p\u011bn\u00ed z elektrick\u00fdch spor\u00e1k\u016f a spor\u00e1k\u016f na d\u0159evo. K dispozici je tak\u00e9 mo\u017enost dopln\u011bn\u00ed prosklen\u00ed \u2013 polopanoramatick\u00e9 nebo pln\u011b panoramatick\u00e9 sklo. Finsk\u00e1 sauna m\u016f\u017ee b\u00fdt ozdobou Va\u0161\u00ed zahrady nebo skv\u011blou atrakc\u00ed pro Va\u0161e hosty, pokud provozujete ubytovac\u00ed za\u0159\u00edzen\u00ed.<\/p>\n<p><img loading=\"lazy\" decoding=\"async\" class=\"aligncenter wp-image-7280 size-large\" src=\"https:\/\/domkysauny.cz\/wp-content\/uploads\/2022\/10\/Sauna-beczka-25m-rzut-1-1024x819.jpg\" alt=\"\" width=\"1024\" height=\"819\" srcset=\"https:\/\/dev.domkisauny.pl\/wp-content\/uploads\/2022\/10\/Sauna-beczka-25m-rzut-1-1024x819.jpg 1024w, https:\/\/dev.domkisauny.pl\/wp-content\/uploads\/2022\/10\/Sauna-beczka-25m-rzut-1-300x240.jpg 300w, https:\/\/dev.domkisauny.pl\/wp-content\/uploads\/2022\/10\/Sauna-beczka-25m-rzut-1-768x614.jpg 768w, https:\/\/dev.domkisauny.pl\/wp-content\/uploads\/2022\/10\/Sauna-beczka-25m-rzut-1-1536x1229.jpg 1536w, https:\/\/dev.domkisauny.pl\/wp-content\/uploads\/2022\/10\/Sauna-beczka-25m-rzut-1-1000x800.jpg 1000w, https:\/\/dev.domkisauny.pl\/wp-content\/uploads\/2022\/10\/Sauna-beczka-25m-rzut-1.jpg 2000w\" sizes=\"auto, (max-width: 1024px) 100vw, 1024px\" \/><\/p>\n<p>&nbsp;<\/p>\n<blockquote>\n<h3>O kamnech Harvia<\/h3>\n<p><img loading=\"lazy\" decoding=\"async\" class=\"alignright wp-image-972\" src=\"https:\/\/domkysauny.cz\/wp-content\/uploads\/2022\/09\/Harvia_Vega_BC45-90_p1-669x1024.png\" alt=\"\" width=\"360\" height=\"551\" srcset=\"https:\/\/dev.domkisauny.pl\/wp-content\/uploads\/2022\/09\/Harvia_Vega_BC45-90_p1-669x1024.png 669w, https:\/\/dev.domkisauny.pl\/wp-content\/uploads\/2022\/09\/Harvia_Vega_BC45-90_p1-196x300.png 196w, https:\/\/dev.domkisauny.pl\/wp-content\/uploads\/2022\/09\/Harvia_Vega_BC45-90_p1-768x1175.png 768w, https:\/\/dev.domkisauny.pl\/wp-content\/uploads\/2022\/09\/Harvia_Vega_BC45-90_p1-1004x1536.png 1004w, https:\/\/dev.domkisauny.pl\/wp-content\/uploads\/2022\/09\/Harvia_Vega_BC45-90_p1-1000x1530.png 1000w, https:\/\/dev.domkisauny.pl\/wp-content\/uploads\/2022\/09\/Harvia_Vega_BC45-90_p1-300x459.png 300w, https:\/\/dev.domkisauny.pl\/wp-content\/uploads\/2022\/09\/Harvia_Vega_BC45-90_p1.png 1158w\" sizes=\"auto, (max-width: 360px) 100vw, 360px\" \/>Sauny spole\u010dnosti <strong><b>A&amp;M<\/b><\/strong> jsou vybaveny <strong><b>modern\u00edmi a ekologick\u00fdmi kamny na d\u0159evo Harvia<\/b><\/strong>. Jedn\u00e1 se o spot\u0159ebi\u010de, kter\u00e9 vynikaj\u00ed nejen vysokou energetickou \u00fa\u010dinnost\u00ed, ale tak\u00e9 elegantn\u00edm designem. Hlavn\u00ed v\u00fdhodou <strong><b>kamen Harvia<\/b><\/strong> je, \u017ee poskytuj\u00ed spr\u00e1vnou teplotu pro zdrav\u00e9 a bezpe\u010dn\u00e9 plav\u00e1n\u00ed, p\u0159esn\u011b tak, jak to Finov\u00e9 d\u011blali po stalet\u00ed.<\/p>\n<p>Typick\u00e1 kamna obsa\u017een\u00e1 v sad\u011b m\u00e1 v\u00fdkon <strong><b>16,5 kW<\/b><\/strong>, co\u017e umo\u017e\u0148uje rychl\u00e9 zah\u0159\u00e1t\u00ed a\u017e <strong><b>30 kg kamen\u016f<\/b><\/strong> na va\u0159i\u010di a zv\u00fd\u0161en\u00ed teploty na po\u017eadovanou hodnotu. Kamna jsou vyrobena z <strong><b>nerezov\u00e9 oceli<\/b><\/strong>, tak\u017ee budou \u00fasp\u011b\u0161n\u011b slou\u017eit mnoho let a ne\u00fanavn\u011b poskytovat teplo. Sklen\u011bn\u00e1 dv\u00ed\u0159ka jsou <strong><b>naopak funk\u010dn\u00edm prvkem<\/b><\/strong>, kter\u00fd umo\u017e\u0148uje sledovat proces spalov\u00e1n\u00ed d\u0159eva a spolu s tlumenou grafitovou barvou kamen podtrhuje estetiku interi\u00e9ru. Nespornou v\u00fdhodou jednotky je tak\u00e9 <strong><b>kom\u00ednov\u00e1 n\u00e1dr\u017e na vodu<\/b><\/strong>. P\u0159irozen\u00e1 <strong><b>cirkulace vzduchu naproti<\/b><\/strong> tomu umo\u017e\u0148uje rovnom\u011brnou cirkulaci tepla v ka\u017ed\u00e9m z\u00e1kout\u00ed sauny.<\/p>\n<p>Stoj\u00ed za zm\u00ednku, \u017ee kompaktn\u00ed rozm\u011bry jednotky zaji\u0161\u0165uj\u00ed <strong><b>maxim\u00e1ln\u00ed prostor<\/b><\/strong> pro \u00fa\u010dastn\u00edky sezen\u00ed. P\u0159\u00edtomnost kotle na d\u0159evo v saun\u011b je tak\u00e9 z\u00e1rukou <strong><b>\u00fa\u017easn\u00e9 atmosf\u00e9ry<\/b><\/strong> a p\u0159\u00edle\u017eitosti ke spojen\u00ed s v\u011b\u010dn\u00fdm p\u0159\u00edrodn\u00edm \u017eivlem, kter\u00fdm je ohe\u0148. V\u0161echny sauny vybaven\u00e9 <strong><b>va\u0159i\u010di Harvia<\/b><\/strong> tak poskytuj\u00ed pocit <strong><b>v\u00fdjime\u010dn\u00e9ho pohodl\u00ed<\/b><\/strong> a umo\u017e\u0148uj\u00ed t\u011blu i mysli relaxovat v kouzeln\u00e9 atmosf\u00e9\u0159e.<\/p><\/blockquote>\n","protected":false},"excerpt":{"rendered":"<blockquote><p><strong><b>D\u016eLE\u017dIT\u00c9!<\/b><\/strong><\/p>\n<p>Fotografie produkt\u016f po\u0159izujeme ve \u0161pi\u010dkov\u00e9 kvalit\u011b. Av\u0161ak vzhledem k zp\u016fsobu reprodukce barev monitor\u016f po\u010d\u00edta\u010de se m\u016f\u017ee barva produkt\u016f na obrazovce m\u00edrn\u011b li\u0161it od skute\u010dnosti.<\/p>\n<p>Sauna je dod\u00e1v\u00e1na v pln\u00e9<\/p>\n<p>V p\u0159\u00edpad\u011b z\u00e1kladn\u00ed varianty dod\u00e1vky zaji\u0161\u0165uje vykl\u00e1dku na m\u00edst\u011b objednatel.<\/p><\/blockquote>\n","protected":false},"featured_media":8085,"template":"","meta":{"_acf_changed":false},"product_brand":[],"product_cat":[77],"product_tag":[],"class_list":{"0":"post-1475","1":"product","2":"type-product","3":"status-publish","4":"has-post-thumbnail","6":"product_cat-zahradni-sauny","7":"product_shipping_class-wysylka-grupa0","8":"pa_ksztalt-sudove-sauny-cs","10":"first","11":"instock","12":"shipping-taxable","13":"purchasable","14":"product-type-variable"},"acf":[],"yoast_head":"<!-- This site is optimized with the Yoast SEO plugin v27.4 - https:\/\/yoast.com\/product\/yoast-seo-wordpress\/ -->\n<title>Sauna 250 cm bez p\u0159eds\u00edn\u011b | A&amp;M Przecisz\u00f3w | chaty, sauny.<\/title>\n<meta name=\"description\" content=\"Sauna 250 cm bez p\u0159eds\u00edn\u011b A&amp;M, 45 mm desky, pokryt\u00e9 \u0161ed\u00fdm \u0161indelem, polsk\u00e9 smrkov\u00e9 d\u0159evo, tvrzen\u00e9 sklo, lavice, 3 up\u00ednac\u00ed obj\u00edmky, dve\u0159e, dod\u00e1vka.\" \/>\n<meta name=\"robots\" content=\"noindex, follow, max-snippet:-1, max-image-preview:large, max-video-preview:-1\" \/>\n<meta property=\"og:locale\" content=\"cs_CZ\" \/>\n<meta property=\"og:type\" content=\"article\" \/>\n<meta property=\"og:title\" content=\"Sauna 250 cm bez p\u0159eds\u00edn\u011b | A&amp;M Przecisz\u00f3w | chaty, sauny.\" \/>\n<meta property=\"og:description\" content=\"Sauna 250 cm bez p\u0159eds\u00edn\u011b A&amp;M, 45 mm desky, pokryt\u00e9 \u0161ed\u00fdm \u0161indelem, polsk\u00e9 smrkov\u00e9 d\u0159evo, tvrzen\u00e9 sklo, lavice, 3 up\u00ednac\u00ed obj\u00edmky, dve\u0159e, dod\u00e1vka.\" \/>\n<meta property=\"og:url\" content=\"https:\/\/dev.domkisauny.pl\/cs\/produkt\/zahradni-sauna-sud-250-cm\/\" \/>\n<meta property=\"og:site_name\" content=\"Chaty, sauny\" \/>\n<meta property=\"article:publisher\" content=\"https:\/\/www.facebook.com\/DomkiSauny\" \/>\n<meta property=\"article:modified_time\" content=\"2025-05-20T19:22:17+00:00\" \/>\n<meta property=\"og:image\" content=\"https:\/\/dev.domkisauny.pl\/wp-content\/uploads\/2022\/10\/Sauna-beczka-25m-wizualizacja.jpg\" \/>\n\t<meta property=\"og:image:width\" content=\"2000\" \/>\n\t<meta property=\"og:image:height\" content=\"1125\" \/>\n\t<meta property=\"og:image:type\" content=\"image\/jpeg\" \/>\n<meta name=\"twitter:card\" content=\"summary_large_image\" \/>\n<meta name=\"twitter:label1\" content=\"Odhadovan\u00e1 doba \u010dten\u00ed\" \/>\n\t<meta name=\"twitter:data1\" content=\"4 minuty\" \/>\n<script type=\"application\/ld+json\" class=\"yoast-schema-graph\">{\"@context\":\"https:\\\/\\\/schema.org\",\"@graph\":[{\"@type\":\"WebPage\",\"@id\":\"https:\\\/\\\/dev.domkisauny.pl\\\/cs\\\/produkt\\\/zahradni-sauna-sud-250-cm\\\/\",\"url\":\"https:\\\/\\\/dev.domkisauny.pl\\\/cs\\\/produkt\\\/zahradni-sauna-sud-250-cm\\\/\",\"name\":\"Sauna 250 cm bez p\u0159eds\u00edn\u011b | A&M Przecisz\u00f3w | chaty, sauny.\",\"isPartOf\":{\"@id\":\"https:\\\/\\\/dev.domkisauny.pl\\\/cs\\\/#website\"},\"primaryImageOfPage\":{\"@id\":\"https:\\\/\\\/dev.domkisauny.pl\\\/cs\\\/produkt\\\/zahradni-sauna-sud-250-cm\\\/#primaryimage\"},\"image\":{\"@id\":\"https:\\\/\\\/dev.domkisauny.pl\\\/cs\\\/produkt\\\/zahradni-sauna-sud-250-cm\\\/#primaryimage\"},\"thumbnailUrl\":\"https:\\\/\\\/dev.domkisauny.pl\\\/wp-content\\\/uploads\\\/2022\\\/10\\\/Sauna-beczka-25m-wizualizacja.jpg\",\"datePublished\":\"2022-10-05T07:00:22+00:00\",\"dateModified\":\"2025-05-20T19:22:17+00:00\",\"description\":\"Sauna 250 cm bez p\u0159eds\u00edn\u011b A&M, 45 mm desky, pokryt\u00e9 \u0161ed\u00fdm \u0161indelem, polsk\u00e9 smrkov\u00e9 d\u0159evo, tvrzen\u00e9 sklo, lavice, 3 up\u00ednac\u00ed obj\u00edmky, dve\u0159e, dod\u00e1vka.\",\"breadcrumb\":{\"@id\":\"https:\\\/\\\/dev.domkisauny.pl\\\/cs\\\/produkt\\\/zahradni-sauna-sud-250-cm\\\/#breadcrumb\"},\"inLanguage\":\"cs\",\"potentialAction\":[{\"@type\":\"ReadAction\",\"target\":[\"https:\\\/\\\/dev.domkisauny.pl\\\/cs\\\/produkt\\\/zahradni-sauna-sud-250-cm\\\/\"]}]},{\"@type\":\"ImageObject\",\"inLanguage\":\"cs\",\"@id\":\"https:\\\/\\\/dev.domkisauny.pl\\\/cs\\\/produkt\\\/zahradni-sauna-sud-250-cm\\\/#primaryimage\",\"url\":\"https:\\\/\\\/dev.domkisauny.pl\\\/wp-content\\\/uploads\\\/2022\\\/10\\\/Sauna-beczka-25m-wizualizacja.jpg\",\"contentUrl\":\"https:\\\/\\\/dev.domkisauny.pl\\\/wp-content\\\/uploads\\\/2022\\\/10\\\/Sauna-beczka-25m-wizualizacja.jpg\",\"width\":2000,\"height\":1125},{\"@type\":\"BreadcrumbList\",\"@id\":\"https:\\\/\\\/dev.domkisauny.pl\\\/cs\\\/produkt\\\/zahradni-sauna-sud-250-cm\\\/#breadcrumb\",\"itemListElement\":[{\"@type\":\"ListItem\",\"position\":1,\"name\":\"A&amp;M\",\"item\":\"https:\\\/\\\/dev.domkisauny.pl\\\/cs\\\/\"},{\"@type\":\"ListItem\",\"position\":2,\"name\":\"Produkty\",\"item\":\"https:\\\/\\\/dev.domkisauny.pl\\\/produkty\\\/\"},{\"@type\":\"ListItem\",\"position\":3,\"name\":\"Sauny\",\"item\":\"https:\\\/\\\/dev.domkisauny.pl\\\/cs\\\/kategorie-produktu\\\/sauny\\\/\"},{\"@type\":\"ListItem\",\"position\":4,\"name\":\"Zahradn\u00ed sauny\",\"item\":\"https:\\\/\\\/dev.domkisauny.pl\\\/cs\\\/kategorie-produktu\\\/sauny\\\/zahradni-sauny\\\/\"},{\"@type\":\"ListItem\",\"position\":5,\"name\":\"Zahradn\u00ed sauna sud 250 cm\"}]},{\"@type\":\"WebSite\",\"@id\":\"https:\\\/\\\/dev.domkisauny.pl\\\/cs\\\/#website\",\"url\":\"https:\\\/\\\/dev.domkisauny.pl\\\/cs\\\/\",\"name\":\"Chaty, sauny\",\"description\":\"\",\"publisher\":{\"@id\":\"https:\\\/\\\/dev.domkisauny.pl\\\/cs\\\/#organization\"},\"potentialAction\":[{\"@type\":\"SearchAction\",\"target\":{\"@type\":\"EntryPoint\",\"urlTemplate\":\"https:\\\/\\\/dev.domkisauny.pl\\\/cs\\\/?s={search_term_string}\"},\"query-input\":{\"@type\":\"PropertyValueSpecification\",\"valueRequired\":true,\"valueName\":\"search_term_string\"}}],\"inLanguage\":\"cs\"},{\"@type\":\"Organization\",\"@id\":\"https:\\\/\\\/dev.domkisauny.pl\\\/cs\\\/#organization\",\"name\":\"Chaty, sauny\",\"url\":\"https:\\\/\\\/dev.domkisauny.pl\\\/cs\\\/\",\"logo\":{\"@type\":\"ImageObject\",\"inLanguage\":\"cs\",\"@id\":\"https:\\\/\\\/dev.domkisauny.pl\\\/cs\\\/#\\\/schema\\\/logo\\\/image\\\/\",\"url\":\"https:\\\/\\\/domkisauny.pl\\\/wp-content\\\/uploads\\\/2022\\\/09\\\/logo_03.png\",\"contentUrl\":\"https:\\\/\\\/domkisauny.pl\\\/wp-content\\\/uploads\\\/2022\\\/09\\\/logo_03.png\",\"width\":95,\"height\":81,\"caption\":\"Chaty, sauny\"},\"image\":{\"@id\":\"https:\\\/\\\/dev.domkisauny.pl\\\/cs\\\/#\\\/schema\\\/logo\\\/image\\\/\"},\"sameAs\":[\"https:\\\/\\\/www.facebook.com\\\/DomkiSauny\"]}]}<\/script>\n<!-- \/ Yoast SEO plugin. -->","yoast_head_json":{"title":"Sauna 250 cm bez p\u0159eds\u00edn\u011b | A&M Przecisz\u00f3w | chaty, sauny.","description":"Sauna 250 cm bez p\u0159eds\u00edn\u011b A&M, 45 mm desky, pokryt\u00e9 \u0161ed\u00fdm \u0161indelem, polsk\u00e9 smrkov\u00e9 d\u0159evo, tvrzen\u00e9 sklo, lavice, 3 up\u00ednac\u00ed obj\u00edmky, dve\u0159e, dod\u00e1vka.","robots":{"index":"noindex","follow":"follow","max-snippet":"max-snippet:-1","max-image-preview":"max-image-preview:large","max-video-preview":"max-video-preview:-1"},"og_locale":"cs_CZ","og_type":"article","og_title":"Sauna 250 cm bez p\u0159eds\u00edn\u011b | A&M Przecisz\u00f3w | chaty, sauny.","og_description":"Sauna 250 cm bez p\u0159eds\u00edn\u011b A&M, 45 mm desky, pokryt\u00e9 \u0161ed\u00fdm \u0161indelem, polsk\u00e9 smrkov\u00e9 d\u0159evo, tvrzen\u00e9 sklo, lavice, 3 up\u00ednac\u00ed obj\u00edmky, dve\u0159e, dod\u00e1vka.","og_url":"https:\/\/dev.domkisauny.pl\/cs\/produkt\/zahradni-sauna-sud-250-cm\/","og_site_name":"Chaty, sauny","article_publisher":"https:\/\/www.facebook.com\/DomkiSauny","article_modified_time":"2025-05-20T19:22:17+00:00","og_image":[{"width":2000,"height":1125,"url":"https:\/\/dev.domkisauny.pl\/wp-content\/uploads\/2022\/10\/Sauna-beczka-25m-wizualizacja.jpg","type":"image\/jpeg"}],"twitter_card":"summary_large_image","twitter_misc":{"Odhadovan\u00e1 doba \u010dten\u00ed":"4 minuty"},"schema":{"@context":"https:\/\/schema.org","@graph":[{"@type":"WebPage","@id":"https:\/\/dev.domkisauny.pl\/cs\/produkt\/zahradni-sauna-sud-250-cm\/","url":"https:\/\/dev.domkisauny.pl\/cs\/produkt\/zahradni-sauna-sud-250-cm\/","name":"Sauna 250 cm bez p\u0159eds\u00edn\u011b | A&M Przecisz\u00f3w | chaty, sauny.","isPartOf":{"@id":"https:\/\/dev.domkisauny.pl\/cs\/#website"},"primaryImageOfPage":{"@id":"https:\/\/dev.domkisauny.pl\/cs\/produkt\/zahradni-sauna-sud-250-cm\/#primaryimage"},"image":{"@id":"https:\/\/dev.domkisauny.pl\/cs\/produkt\/zahradni-sauna-sud-250-cm\/#primaryimage"},"thumbnailUrl":"https:\/\/dev.domkisauny.pl\/wp-content\/uploads\/2022\/10\/Sauna-beczka-25m-wizualizacja.jpg","datePublished":"2022-10-05T07:00:22+00:00","dateModified":"2025-05-20T19:22:17+00:00","description":"Sauna 250 cm bez p\u0159eds\u00edn\u011b A&M, 45 mm desky, pokryt\u00e9 \u0161ed\u00fdm \u0161indelem, polsk\u00e9 smrkov\u00e9 d\u0159evo, tvrzen\u00e9 sklo, lavice, 3 up\u00ednac\u00ed obj\u00edmky, dve\u0159e, dod\u00e1vka.","breadcrumb":{"@id":"https:\/\/dev.domkisauny.pl\/cs\/produkt\/zahradni-sauna-sud-250-cm\/#breadcrumb"},"inLanguage":"cs","potentialAction":[{"@type":"ReadAction","target":["https:\/\/dev.domkisauny.pl\/cs\/produkt\/zahradni-sauna-sud-250-cm\/"]}]},{"@type":"ImageObject","inLanguage":"cs","@id":"https:\/\/dev.domkisauny.pl\/cs\/produkt\/zahradni-sauna-sud-250-cm\/#primaryimage","url":"https:\/\/dev.domkisauny.pl\/wp-content\/uploads\/2022\/10\/Sauna-beczka-25m-wizualizacja.jpg","contentUrl":"https:\/\/dev.domkisauny.pl\/wp-content\/uploads\/2022\/10\/Sauna-beczka-25m-wizualizacja.jpg","width":2000,"height":1125},{"@type":"BreadcrumbList","@id":"https:\/\/dev.domkisauny.pl\/cs\/produkt\/zahradni-sauna-sud-250-cm\/#breadcrumb","itemListElement":[{"@type":"ListItem","position":1,"name":"A&amp;M","item":"https:\/\/dev.domkisauny.pl\/cs\/"},{"@type":"ListItem","position":2,"name":"Produkty","item":"https:\/\/dev.domkisauny.pl\/produkty\/"},{"@type":"ListItem","position":3,"name":"Sauny","item":"https:\/\/dev.domkisauny.pl\/cs\/kategorie-produktu\/sauny\/"},{"@type":"ListItem","position":4,"name":"Zahradn\u00ed sauny","item":"https:\/\/dev.domkisauny.pl\/cs\/kategorie-produktu\/sauny\/zahradni-sauny\/"},{"@type":"ListItem","position":5,"name":"Zahradn\u00ed sauna sud 250 cm"}]},{"@type":"WebSite","@id":"https:\/\/dev.domkisauny.pl\/cs\/#website","url":"https:\/\/dev.domkisauny.pl\/cs\/","name":"Chaty, sauny","description":"","publisher":{"@id":"https:\/\/dev.domkisauny.pl\/cs\/#organization"},"potentialAction":[{"@type":"SearchAction","target":{"@type":"EntryPoint","urlTemplate":"https:\/\/dev.domkisauny.pl\/cs\/?s={search_term_string}"},"query-input":{"@type":"PropertyValueSpecification","valueRequired":true,"valueName":"search_term_string"}}],"inLanguage":"cs"},{"@type":"Organization","@id":"https:\/\/dev.domkisauny.pl\/cs\/#organization","name":"Chaty, sauny","url":"https:\/\/dev.domkisauny.pl\/cs\/","logo":{"@type":"ImageObject","inLanguage":"cs","@id":"https:\/\/dev.domkisauny.pl\/cs\/#\/schema\/logo\/image\/","url":"https:\/\/domkisauny.pl\/wp-content\/uploads\/2022\/09\/logo_03.png","contentUrl":"https:\/\/domkisauny.pl\/wp-content\/uploads\/2022\/09\/logo_03.png","width":95,"height":81,"caption":"Chaty, sauny"},"image":{"@id":"https:\/\/dev.domkisauny.pl\/cs\/#\/schema\/logo\/image\/"},"sameAs":["https:\/\/www.facebook.com\/DomkiSauny"]}]}},"_links":{"self":[{"href":"https:\/\/dev.domkisauny.pl\/cs\/wp-json\/wp\/v2\/product\/1475","targetHints":{"allow":["GET"]}}],"collection":[{"href":"https:\/\/dev.domkisauny.pl\/cs\/wp-json\/wp\/v2\/product"}],"about":[{"href":"https:\/\/dev.domkisauny.pl\/cs\/wp-json\/wp\/v2\/types\/product"}],"wp:featuredmedia":[{"embeddable":true,"href":"https:\/\/dev.domkisauny.pl\/cs\/wp-json\/wp\/v2\/media\/8085"}],"wp:attachment":[{"href":"https:\/\/dev.domkisauny.pl\/cs\/wp-json\/wp\/v2\/media?parent=1475"}],"wp:term":[{"taxonomy":"product_brand","embeddable":true,"href":"https:\/\/dev.domkisauny.pl\/cs\/wp-json\/wp\/v2\/product_brand?post=1475"},{"taxonomy":"product_cat","embeddable":true,"href":"https:\/\/dev.domkisauny.pl\/cs\/wp-json\/wp\/v2\/product_cat?post=1475"},{"taxonomy":"product_tag","embeddable":true,"href":"https:\/\/dev.domkisauny.pl\/cs\/wp-json\/wp\/v2\/product_tag?post=1475"}],"curies":[{"name":"wp","href":"https:\/\/api.w.org\/{rel}","templated":true}]}}