{"id":1423,"date":"2022-09-21T11:53:30","date_gmt":"2022-09-21T09:53:30","guid":{"rendered":"https:\/\/domkisauny.pl\/produkt\/sauna-2-m-bez-predsine\/"},"modified":"2025-05-21T16:33:14","modified_gmt":"2025-05-21T14:33:14","slug":"zahradni-sauna-sud-200-cm","status":"publish","type":"product","link":"https:\/\/dev.domkisauny.pl\/cs\/produkt\/zahradni-sauna-sud-200-cm\/","title":{"rendered":"Zahradn\u00ed sauna sud 200 cm"},"content":{"rendered":"<h3><strong>Specifikace:<\/strong><\/h3>\n<ul>\n<li>vn\u011bj\u0161\u00ed rozm\u011bry: d\u00e9lka 2 m, v\u00fd\u0161ka 2 m<\/li>\n<li>tlou\u0161\u0165ka st\u011bn: 45 mm<\/li>\n<li>d\u0159evo: smrk<\/li>\n<li>st\u0159echa pokryt\u00e1 \u0161ed\u00fdm bitumenov\u00fdm \u0161indelem<\/li>\n<li>d\u0159ev\u011bn\u00e9 dve\u0159e s tvrzen\u00fdm sklem<\/li>\n<li>d\u0159ev\u011bn\u00e9: podlaha a lavice<\/li>\n<li>dv\u011b svorky k upevn\u011bn\u00ed sauny<\/li>\n<li>dva d\u0159ev\u011bn\u00e9 podstavce pro um\u00edst\u011bn\u00ed na zem<\/li>\n<\/ul>\n<p>Jedn\u00e1 se o robustn\u00ed v\u00fdrobek ze <strong><b>d\u0159eva<\/b><\/strong>. Pom\u00e1h\u00e1 zocelit t\u011blo i mysl. Ide\u00e1ln\u00ed na <strong><b>zahradu<\/b><\/strong> nebo jako atrakce v <strong><b>ubytovac\u00edch za\u0159\u00edzen\u00edch<\/b><\/strong>.<\/p>\n<p><strong><b>Zahradn\u00ed sauna od spole\u010dnosti A&amp;M<\/b><\/strong> je <strong><b>2 m<\/b><\/strong> dlouh\u00e1 a <strong><b>2 m<\/b><\/strong> vysok\u00e1, ru\u010dn\u011b vyroben\u00e1 z p\u0159\u00edrodn\u00edho <strong><b>smrkov\u00e9ho<\/b><\/strong> <strong><b>d\u0159eva z polsk\u00fdch les\u016f<\/b><\/strong>. Prkna o tlou\u0161\u0165ce <strong><b>45 mm<\/b><\/strong>, m\u00e1 podlahu a stabiln\u00ed d\u0159ev\u011bn\u00e9 podstavce a <strong><b>obj\u00edmky pro zpevn\u011bn\u00ed<\/b><\/strong> konstrukce. St\u0159e\u0161n\u00ed krytinu <strong><b>tvo\u0159\u00ed<\/b><\/strong> asfaltov\u00fd \u0161indel <strong><b>\u0161ed\u00e9 barvy<\/b><\/strong>. D\u0159ev\u011bn\u00e9 dve\u0159e s deskou z <strong><b>tvrzen\u00e9ho<\/b><\/strong> <strong><b>skla<\/b><\/strong>.<\/p>\n<p><strong><b>Dod\u00e1vka<\/b><\/strong> sauny vcelku. Mo\u017enosti za p\u0159\u00edplatek: <strong><b>impregnace<\/b><\/strong> lakem, <strong><b>instalace<\/b><\/strong> oh\u0159\u00edva\u010de, <strong><b>prosklen\u00ed<\/b><\/strong>.<\/p>\n<p><strong><b><img loading=\"lazy\" decoding=\"async\" class=\"aligncenter wp-image-8080 size-full\" src=\"https:\/\/domkysauny.cz\/wp-content\/uploads\/2022\/09\/Sauna-ogrodowa-beczka-2m-bez-przedsionka-wizualizacja.jpg\" alt=\"Sauna-ogrodowa-beczka-2m-bez-przedsionka---bez-impregnacji\" width=\"2000\" height=\"1125\" srcset=\"https:\/\/dev.domkisauny.pl\/wp-content\/uploads\/2022\/09\/Sauna-ogrodowa-beczka-2m-bez-przedsionka-wizualizacja.jpg 2000w, https:\/\/dev.domkisauny.pl\/wp-content\/uploads\/2022\/09\/Sauna-ogrodowa-beczka-2m-bez-przedsionka-wizualizacja-300x169.jpg 300w, https:\/\/dev.domkisauny.pl\/wp-content\/uploads\/2022\/09\/Sauna-ogrodowa-beczka-2m-bez-przedsionka-wizualizacja-768x432.jpg 768w, https:\/\/dev.domkisauny.pl\/wp-content\/uploads\/2022\/09\/Sauna-ogrodowa-beczka-2m-bez-przedsionka-wizualizacja-1024x576.jpg 1024w, https:\/\/dev.domkisauny.pl\/wp-content\/uploads\/2022\/09\/Sauna-ogrodowa-beczka-2m-bez-przedsionka-wizualizacja-1536x864.jpg 1536w, https:\/\/dev.domkisauny.pl\/wp-content\/uploads\/2022\/09\/Sauna-ogrodowa-beczka-2m-bez-przedsionka-wizualizacja-1000x563.jpg 1000w\" sizes=\"auto, (max-width: 2000px) 100vw, 2000px\" \/><\/b><\/strong><\/p>\n<h3><strong><b>Finsk\u00e1 tradice<\/b><\/strong><\/h3>\n<p>Zahradn\u00ed sauna je u n\u00e1rod\u016f dalek\u00e9ho severu zn\u00e1m\u00e1 ji\u017e po generace \u2013 je symbolem o\u010disty a praktick\u00fdm zp\u016fsobem, jak pos\u00edlit t\u011blo. Z\u0159i\u010fte si na zahrad\u011b finskou saunu a z\u00edskejte p\u0159\u00edrodn\u00ed s\u00edlu, kterou saunov\u00e1n\u00ed poskytuje. S vlastn\u00ed saunou m\u016f\u017eete spojit p\u0159\u00edjemn\u00e9 s u\u017eite\u010dn\u00fdm: na jedn\u00e9 stran\u011b za\u017eijete bla\u017eenou relaxaci v kouzeln\u00e9m interi\u00e9ru d\u0159ev\u011bn\u00e9 sauny a na druh\u00e9 stran\u011b budete pe\u010dovat o sv\u00e9 zdrav\u00ed. A pokud m\u00e1te ubytov\u00e1n\u00ed, z\u0159\u00edzen\u00edm sauny vytvo\u0159\u00edte pro hosty zaj\u00edmavou atrakci, kterou budou b\u011bhem sv\u00e9ho pobytu r\u00e1di vyu\u017e\u00edvat.<\/p>\n<h3><strong><b>Ru\u010dn\u00ed v\u00fdroba z polsk\u00e9ho smrkov\u00e9ho d\u0159eva<\/b><\/strong><\/h3>\n<p>Sauna o d\u00e9lce 2 m bez p\u0159eds\u00edn\u011b je jedine\u010dn\u00fd v\u00fdrobek, kter\u00fd byl vyroben tradi\u010dn\u00edm zp\u016fsobem, tj. ru\u010dn\u011b z p\u0159\u00edrodn\u00edho smrkov\u00e9ho d\u0159eva poch\u00e1zej\u00edc\u00edho v\u00fdhradn\u011b z polsk\u00fdch les\u016f. Konstrukce sauny je velmi stabiln\u00ed d\u00edky dv\u011bma pevn\u00fdm z\u00e1kladn\u00e1m \u2013 celek dr\u017e\u00ed pohromad\u011b pomoc\u00ed stahovac\u00edch svorek. Prkna pou\u017eit\u00e1 na konstrukci maj\u00ed tlou\u0161\u0165ku 45 mm a d\u0159ev\u011bn\u00e9 vstupn\u00ed dve\u0159e jsou opat\u0159eny sklem z tvrzen\u00e9ho skla. Uvnit\u0159 sauny je speci\u00e1ln\u00ed podlaha a lavice \u2013 v\u0161e ze d\u0159eva. St\u0159e\u0161n\u00ed krytina je z asfaltov\u00e9ho \u0161indele v \u0161ed\u00e9 barv\u011b, tak\u017ee dokonale chr\u00e1n\u00ed stavbu p\u0159ed de\u0161t\u011bm a sn\u011bhem. Rozm\u011bry sauny jsou kompaktn\u00ed, tj. 2 m d\u00e9l. a 2 m v\u00fd\u0161., tak\u017ee ji lze um\u00edstit kdekoli na zahrad\u011b nebo pozemku. M\u016f\u017eete si objednat impregnaci lakem v jedn\u00e9 z 10 barev a p\u0159idat elektrick\u00e9 nebo d\u0159ev\u011bn\u00e9 vyt\u00e1p\u011bn\u00ed, p\u0159\u00edpadn\u011b prosklenou zadn\u00ed st\u011bnu. Dod\u00e1vka sauny se prov\u00e1d\u00ed v pln\u00e9 v\u00fd\u0161i do dom\u00e1cnosti\/firmy.<\/p>\n<p><strong><b><img loading=\"lazy\" decoding=\"async\" class=\"aligncenter size-full wp-image-7057\" src=\"https:\/\/domkysauny.cz\/wp-content\/uploads\/2022\/09\/Sauna-kwadratowa-2-x-2m-przekroj.jpg\" alt=\"\" width=\"2000\" height=\"1600\" srcset=\"https:\/\/dev.domkisauny.pl\/wp-content\/uploads\/2022\/09\/Sauna-kwadratowa-2-x-2m-przekroj.jpg 2000w, https:\/\/dev.domkisauny.pl\/wp-content\/uploads\/2022\/09\/Sauna-kwadratowa-2-x-2m-przekroj-300x240.jpg 300w, https:\/\/dev.domkisauny.pl\/wp-content\/uploads\/2022\/09\/Sauna-kwadratowa-2-x-2m-przekroj-768x614.jpg 768w, https:\/\/dev.domkisauny.pl\/wp-content\/uploads\/2022\/09\/Sauna-kwadratowa-2-x-2m-przekroj-1024x819.jpg 1024w, https:\/\/dev.domkisauny.pl\/wp-content\/uploads\/2022\/09\/Sauna-kwadratowa-2-x-2m-przekroj-1536x1229.jpg 1536w, https:\/\/dev.domkisauny.pl\/wp-content\/uploads\/2022\/09\/Sauna-kwadratowa-2-x-2m-przekroj-1000x800.jpg 1000w\" sizes=\"auto, (max-width: 2000px) 100vw, 2000px\" \/><\/b><\/strong><\/p>\n<h3><strong><b>Relaxujte a zotavte se<\/b><\/strong><\/h3>\n<p>Zahradn\u00ed sauna je skv\u011bl\u00fdm n\u00e1padem pro atraktivn\u00ed z\u00e1bavu p\u0159i odpo\u010dinku s p\u0159\u00edbuzn\u00fdmi nebo p\u0159\u00e1teli. Regenera\u010dn\u00ed saunov\u00e1n\u00ed je pro Va\u0161e zdrav\u00ed velmi prosp\u011b\u0161n\u00e9. Je to tak\u00e9 n\u011bco pro mysl, proto\u017ee V\u00e1m umo\u017en\u00ed zapomenout na probl\u00e9my a starosti, co\u017e sni\u017euje stres. Je ide\u00e1ln\u00ed po n\u00e1ro\u010dn\u00e9m pracovn\u00edm t\u00fddnu a navrac\u00ed s\u00edlu a pohodu. Poskytovatel\u016fm ubytov\u00e1n\u00ed zase umo\u017en\u00ed roz\u0161\u00ed\u0159it svou nab\u00eddku o jedine\u010dnou atrakci pro turisty, kte\u0159\u00ed cht\u011bj\u00ed nov\u00e9 a origin\u00e1ln\u00ed formy tr\u00e1ven\u00ed voln\u00e9ho \u010dasu.<\/p>\n<p><img loading=\"lazy\" decoding=\"async\" class=\"aligncenter size-full wp-image-7061\" src=\"https:\/\/domkysauny.cz\/wp-content\/uploads\/2022\/09\/Sauna-kwadratowa-2-x-2m-rzuty.jpg\" alt=\"\" width=\"2000\" height=\"1600\" srcset=\"https:\/\/dev.domkisauny.pl\/wp-content\/uploads\/2022\/09\/Sauna-kwadratowa-2-x-2m-rzuty.jpg 2000w, https:\/\/dev.domkisauny.pl\/wp-content\/uploads\/2022\/09\/Sauna-kwadratowa-2-x-2m-rzuty-300x240.jpg 300w, https:\/\/dev.domkisauny.pl\/wp-content\/uploads\/2022\/09\/Sauna-kwadratowa-2-x-2m-rzuty-768x614.jpg 768w, https:\/\/dev.domkisauny.pl\/wp-content\/uploads\/2022\/09\/Sauna-kwadratowa-2-x-2m-rzuty-1024x819.jpg 1024w, https:\/\/dev.domkisauny.pl\/wp-content\/uploads\/2022\/09\/Sauna-kwadratowa-2-x-2m-rzuty-1536x1229.jpg 1536w, https:\/\/dev.domkisauny.pl\/wp-content\/uploads\/2022\/09\/Sauna-kwadratowa-2-x-2m-rzuty-1000x800.jpg 1000w\" sizes=\"auto, (max-width: 2000px) 100vw, 2000px\" \/><\/p>\n<blockquote>\n<h3>O kamnech Harvia<\/h3>\n<p><img loading=\"lazy\" decoding=\"async\" class=\"alignright wp-image-972\" src=\"https:\/\/domkysauny.cz\/wp-content\/uploads\/2022\/09\/Harvia_Vega_BC45-90_p1-669x1024.png\" alt=\"\" width=\"360\" height=\"551\" srcset=\"https:\/\/dev.domkisauny.pl\/wp-content\/uploads\/2022\/09\/Harvia_Vega_BC45-90_p1-669x1024.png 669w, https:\/\/dev.domkisauny.pl\/wp-content\/uploads\/2022\/09\/Harvia_Vega_BC45-90_p1-196x300.png 196w, https:\/\/dev.domkisauny.pl\/wp-content\/uploads\/2022\/09\/Harvia_Vega_BC45-90_p1-768x1175.png 768w, https:\/\/dev.domkisauny.pl\/wp-content\/uploads\/2022\/09\/Harvia_Vega_BC45-90_p1-1004x1536.png 1004w, https:\/\/dev.domkisauny.pl\/wp-content\/uploads\/2022\/09\/Harvia_Vega_BC45-90_p1-1000x1530.png 1000w, https:\/\/dev.domkisauny.pl\/wp-content\/uploads\/2022\/09\/Harvia_Vega_BC45-90_p1-300x459.png 300w, https:\/\/dev.domkisauny.pl\/wp-content\/uploads\/2022\/09\/Harvia_Vega_BC45-90_p1.png 1158w\" sizes=\"auto, (max-width: 360px) 100vw, 360px\" \/>Sauny spole\u010dnosti <strong><b>A&amp;M<\/b><\/strong> jsou vybaveny <strong><b>modern\u00edmi a ekologick\u00fdmi kamny na d\u0159evo Harvia<\/b><\/strong>. Jedn\u00e1 se o spot\u0159ebi\u010de, kter\u00e9 vynikaj\u00ed nejen vysokou energetickou \u00fa\u010dinnost\u00ed, ale tak\u00e9 elegantn\u00edm designem. Hlavn\u00ed v\u00fdhodou <strong><b>kamen Harvia<\/b><\/strong> je, \u017ee poskytuj\u00ed spr\u00e1vnou teplotu pro zdrav\u00e9 a bezpe\u010dn\u00e9 plav\u00e1n\u00ed, p\u0159esn\u011b tak, jak to Finov\u00e9 d\u011blali po stalet\u00ed.<\/p>\n<p>Typick\u00e1 kamna obsa\u017een\u00e1 v sad\u011b m\u00e1 v\u00fdkon <strong><b>16,5 kW<\/b><\/strong>, co\u017e umo\u017e\u0148uje rychl\u00e9 zah\u0159\u00e1t\u00ed a\u017e <strong><b>30 kg kamen\u016f<\/b><\/strong> na va\u0159i\u010di a zv\u00fd\u0161en\u00ed teploty na po\u017eadovanou hodnotu. Kamna jsou vyrobena z <strong><b>nerezov\u00e9 oceli<\/b><\/strong>, tak\u017ee budou \u00fasp\u011b\u0161n\u011b slou\u017eit mnoho let a ne\u00fanavn\u011b poskytovat teplo. Sklen\u011bn\u00e1 dv\u00ed\u0159ka jsou <strong><b>naopak funk\u010dn\u00edm prvkem<\/b><\/strong>, kter\u00fd umo\u017e\u0148uje sledovat proces spalov\u00e1n\u00ed d\u0159eva a spolu s tlumenou grafitovou barvou kamen podtrhuje estetiku interi\u00e9ru. Nespornou v\u00fdhodou jednotky je tak\u00e9 <strong><b>kom\u00ednov\u00e1 n\u00e1dr\u017e na vodu<\/b><\/strong>. P\u0159irozen\u00e1 <strong><b>cirkulace vzduchu naproti<\/b><\/strong> tomu umo\u017e\u0148uje rovnom\u011brnou cirkulaci tepla v ka\u017ed\u00e9m z\u00e1kout\u00ed sauny.<\/p>\n<p>Stoj\u00ed za zm\u00ednku, \u017ee kompaktn\u00ed rozm\u011bry jednotky zaji\u0161\u0165uj\u00ed <strong><b>maxim\u00e1ln\u00ed prostor<\/b><\/strong> pro \u00fa\u010dastn\u00edky sezen\u00ed. P\u0159\u00edtomnost kotle na d\u0159evo v saun\u011b je tak\u00e9 z\u00e1rukou <strong><b>\u00fa\u017easn\u00e9 atmosf\u00e9ry<\/b><\/strong> a p\u0159\u00edle\u017eitosti ke spojen\u00ed s v\u011b\u010dn\u00fdm p\u0159\u00edrodn\u00edm \u017eivlem, kter\u00fdm je ohe\u0148. V\u0161echny sauny vybaven\u00e9 <strong><b>va\u0159i\u010di Harvia<\/b><\/strong> tak poskytuj\u00ed pocit <strong><b>v\u00fdjime\u010dn\u00e9ho pohodl\u00ed<\/b><\/strong> a umo\u017e\u0148uj\u00ed t\u011blu i mysli relaxovat v kouzeln\u00e9 atmosf\u00e9\u0159e.<\/p><\/blockquote>\n","protected":false},"excerpt":{"rendered":"<blockquote><p><strong><b>D\u016eLE\u017dIT\u00c9!<\/b><\/strong><\/p>\n<p>Fotografie produkt\u016f po\u0159izujeme ve \u0161pi\u010dkov\u00e9 kvalit\u011b. Av\u0161ak vzhledem k zp\u016fsobu reprodukce barev monitor\u016f po\u010d\u00edta\u010de se m\u016f\u017ee barva produkt\u016f na obrazovce m\u00edrn\u011b li\u0161it od skute\u010dnosti.<\/p>\n<p>Sauna je dod\u00e1v\u00e1na v pln\u00e9<\/p>\n<p>V p\u0159\u00edpad\u011b z\u00e1kladn\u00ed varianty dod\u00e1vky zaji\u0161\u0165uje vykl\u00e1dku na m\u00edst\u011b objednatel.<\/p><\/blockquote>\n","protected":false},"featured_media":8081,"template":"","meta":{"_acf_changed":false},"product_brand":[],"product_cat":[77],"product_tag":[],"class_list":{"0":"post-1423","1":"product","2":"type-product","3":"status-publish","4":"has-post-thumbnail","6":"product_cat-zahradni-sauny","7":"product_shipping_class-wysylka-grupa0","8":"pa_ksztalt-sudove-sauny-cs","10":"first","11":"instock","12":"shipping-taxable","13":"purchasable","14":"product-type-variable"},"acf":[],"yoast_head":"<!-- This site is optimized with the Yoast SEO plugin v27.4 - https:\/\/yoast.com\/product\/yoast-seo-wordpress\/ -->\n<title>Sauna 200 cm bez p\u0159eds\u00edn\u011b<\/title>\n<meta name=\"description\" content=\"Jedn\u00e1 se o robustn\u00ed v\u00fdrobek ze d\u0159eva. Pom\u00e1h\u00e1 zocelit t\u011blo i mysl. Ide\u00e1ln\u00ed na zahradu nebo jako atrakce v ubytovac\u00edch za\u0159\u00edzen\u00edch.\" \/>\n<meta name=\"robots\" content=\"noindex, follow, max-snippet:-1, max-image-preview:large, max-video-preview:-1\" \/>\n<meta property=\"og:locale\" content=\"cs_CZ\" \/>\n<meta property=\"og:type\" content=\"article\" \/>\n<meta property=\"og:title\" content=\"Sauna 200 cm bez p\u0159eds\u00edn\u011b\" \/>\n<meta property=\"og:description\" content=\"Jedn\u00e1 se o robustn\u00ed v\u00fdrobek ze d\u0159eva. Pom\u00e1h\u00e1 zocelit t\u011blo i mysl. Ide\u00e1ln\u00ed na zahradu nebo jako atrakce v ubytovac\u00edch za\u0159\u00edzen\u00edch.\" \/>\n<meta property=\"og:url\" content=\"https:\/\/dev.domkisauny.pl\/cs\/produkt\/zahradni-sauna-sud-200-cm\/\" \/>\n<meta property=\"og:site_name\" content=\"Chaty, sauny\" \/>\n<meta property=\"article:publisher\" content=\"https:\/\/www.facebook.com\/DomkiSauny\" \/>\n<meta property=\"article:modified_time\" content=\"2025-05-21T14:33:14+00:00\" \/>\n<meta property=\"og:image\" content=\"https:\/\/dev.domkisauny.pl\/wp-content\/uploads\/2022\/09\/Sauna-ogrodowa-beczka-2m-bez-przedsionka-wizualizacja.jpg\" \/>\n\t<meta property=\"og:image:width\" content=\"2000\" \/>\n\t<meta property=\"og:image:height\" content=\"1125\" \/>\n\t<meta property=\"og:image:type\" content=\"image\/jpeg\" \/>\n<meta name=\"twitter:card\" content=\"summary_large_image\" \/>\n<meta name=\"twitter:label1\" content=\"Odhadovan\u00e1 doba \u010dten\u00ed\" \/>\n\t<meta name=\"twitter:data1\" content=\"4 minuty\" \/>\n<script type=\"application\/ld+json\" class=\"yoast-schema-graph\">{\"@context\":\"https:\\\/\\\/schema.org\",\"@graph\":[{\"@type\":\"WebPage\",\"@id\":\"https:\\\/\\\/dev.domkisauny.pl\\\/cs\\\/produkt\\\/zahradni-sauna-sud-200-cm\\\/\",\"url\":\"https:\\\/\\\/dev.domkisauny.pl\\\/cs\\\/produkt\\\/zahradni-sauna-sud-200-cm\\\/\",\"name\":\"Sauna 200 cm bez p\u0159eds\u00edn\u011b\",\"isPartOf\":{\"@id\":\"https:\\\/\\\/dev.domkisauny.pl\\\/cs\\\/#website\"},\"primaryImageOfPage\":{\"@id\":\"https:\\\/\\\/dev.domkisauny.pl\\\/cs\\\/produkt\\\/zahradni-sauna-sud-200-cm\\\/#primaryimage\"},\"image\":{\"@id\":\"https:\\\/\\\/dev.domkisauny.pl\\\/cs\\\/produkt\\\/zahradni-sauna-sud-200-cm\\\/#primaryimage\"},\"thumbnailUrl\":\"https:\\\/\\\/dev.domkisauny.pl\\\/wp-content\\\/uploads\\\/2022\\\/09\\\/Sauna-ogrodowa-beczka-2m-bez-przedsionka-wizualizacja.jpg\",\"datePublished\":\"2022-09-21T09:53:30+00:00\",\"dateModified\":\"2025-05-21T14:33:14+00:00\",\"description\":\"Jedn\u00e1 se o robustn\u00ed v\u00fdrobek ze d\u0159eva. Pom\u00e1h\u00e1 zocelit t\u011blo i mysl. Ide\u00e1ln\u00ed na zahradu nebo jako atrakce v ubytovac\u00edch za\u0159\u00edzen\u00edch.\",\"breadcrumb\":{\"@id\":\"https:\\\/\\\/dev.domkisauny.pl\\\/cs\\\/produkt\\\/zahradni-sauna-sud-200-cm\\\/#breadcrumb\"},\"inLanguage\":\"cs\",\"potentialAction\":[{\"@type\":\"ReadAction\",\"target\":[\"https:\\\/\\\/dev.domkisauny.pl\\\/cs\\\/produkt\\\/zahradni-sauna-sud-200-cm\\\/\"]}]},{\"@type\":\"ImageObject\",\"inLanguage\":\"cs\",\"@id\":\"https:\\\/\\\/dev.domkisauny.pl\\\/cs\\\/produkt\\\/zahradni-sauna-sud-200-cm\\\/#primaryimage\",\"url\":\"https:\\\/\\\/dev.domkisauny.pl\\\/wp-content\\\/uploads\\\/2022\\\/09\\\/Sauna-ogrodowa-beczka-2m-bez-przedsionka-wizualizacja.jpg\",\"contentUrl\":\"https:\\\/\\\/dev.domkisauny.pl\\\/wp-content\\\/uploads\\\/2022\\\/09\\\/Sauna-ogrodowa-beczka-2m-bez-przedsionka-wizualizacja.jpg\",\"width\":2000,\"height\":1125,\"caption\":\"Sauna-ogrodowa-beczka-2m-bez-przedsionka---bez-impregnacji\"},{\"@type\":\"BreadcrumbList\",\"@id\":\"https:\\\/\\\/dev.domkisauny.pl\\\/cs\\\/produkt\\\/zahradni-sauna-sud-200-cm\\\/#breadcrumb\",\"itemListElement\":[{\"@type\":\"ListItem\",\"position\":1,\"name\":\"A&amp;M\",\"item\":\"https:\\\/\\\/dev.domkisauny.pl\\\/cs\\\/\"},{\"@type\":\"ListItem\",\"position\":2,\"name\":\"Produkty\",\"item\":\"https:\\\/\\\/dev.domkisauny.pl\\\/produkty\\\/\"},{\"@type\":\"ListItem\",\"position\":3,\"name\":\"Sauny\",\"item\":\"https:\\\/\\\/dev.domkisauny.pl\\\/cs\\\/kategorie-produktu\\\/sauny\\\/\"},{\"@type\":\"ListItem\",\"position\":4,\"name\":\"Zahradn\u00ed sauny\",\"item\":\"https:\\\/\\\/dev.domkisauny.pl\\\/cs\\\/kategorie-produktu\\\/sauny\\\/zahradni-sauny\\\/\"},{\"@type\":\"ListItem\",\"position\":5,\"name\":\"Zahradn\u00ed sauna sud 200 cm\"}]},{\"@type\":\"WebSite\",\"@id\":\"https:\\\/\\\/dev.domkisauny.pl\\\/cs\\\/#website\",\"url\":\"https:\\\/\\\/dev.domkisauny.pl\\\/cs\\\/\",\"name\":\"Chaty, sauny\",\"description\":\"\",\"publisher\":{\"@id\":\"https:\\\/\\\/dev.domkisauny.pl\\\/cs\\\/#organization\"},\"potentialAction\":[{\"@type\":\"SearchAction\",\"target\":{\"@type\":\"EntryPoint\",\"urlTemplate\":\"https:\\\/\\\/dev.domkisauny.pl\\\/cs\\\/?s={search_term_string}\"},\"query-input\":{\"@type\":\"PropertyValueSpecification\",\"valueRequired\":true,\"valueName\":\"search_term_string\"}}],\"inLanguage\":\"cs\"},{\"@type\":\"Organization\",\"@id\":\"https:\\\/\\\/dev.domkisauny.pl\\\/cs\\\/#organization\",\"name\":\"Chaty, sauny\",\"url\":\"https:\\\/\\\/dev.domkisauny.pl\\\/cs\\\/\",\"logo\":{\"@type\":\"ImageObject\",\"inLanguage\":\"cs\",\"@id\":\"https:\\\/\\\/dev.domkisauny.pl\\\/cs\\\/#\\\/schema\\\/logo\\\/image\\\/\",\"url\":\"https:\\\/\\\/domkisauny.pl\\\/wp-content\\\/uploads\\\/2022\\\/09\\\/logo_03.png\",\"contentUrl\":\"https:\\\/\\\/domkisauny.pl\\\/wp-content\\\/uploads\\\/2022\\\/09\\\/logo_03.png\",\"width\":95,\"height\":81,\"caption\":\"Chaty, sauny\"},\"image\":{\"@id\":\"https:\\\/\\\/dev.domkisauny.pl\\\/cs\\\/#\\\/schema\\\/logo\\\/image\\\/\"},\"sameAs\":[\"https:\\\/\\\/www.facebook.com\\\/DomkiSauny\"]}]}<\/script>\n<!-- \/ Yoast SEO plugin. -->","yoast_head_json":{"title":"Sauna 200 cm bez p\u0159eds\u00edn\u011b","description":"Jedn\u00e1 se o robustn\u00ed v\u00fdrobek ze d\u0159eva. Pom\u00e1h\u00e1 zocelit t\u011blo i mysl. Ide\u00e1ln\u00ed na zahradu nebo jako atrakce v ubytovac\u00edch za\u0159\u00edzen\u00edch.","robots":{"index":"noindex","follow":"follow","max-snippet":"max-snippet:-1","max-image-preview":"max-image-preview:large","max-video-preview":"max-video-preview:-1"},"og_locale":"cs_CZ","og_type":"article","og_title":"Sauna 200 cm bez p\u0159eds\u00edn\u011b","og_description":"Jedn\u00e1 se o robustn\u00ed v\u00fdrobek ze d\u0159eva. Pom\u00e1h\u00e1 zocelit t\u011blo i mysl. Ide\u00e1ln\u00ed na zahradu nebo jako atrakce v ubytovac\u00edch za\u0159\u00edzen\u00edch.","og_url":"https:\/\/dev.domkisauny.pl\/cs\/produkt\/zahradni-sauna-sud-200-cm\/","og_site_name":"Chaty, sauny","article_publisher":"https:\/\/www.facebook.com\/DomkiSauny","article_modified_time":"2025-05-21T14:33:14+00:00","og_image":[{"width":2000,"height":1125,"url":"https:\/\/dev.domkisauny.pl\/wp-content\/uploads\/2022\/09\/Sauna-ogrodowa-beczka-2m-bez-przedsionka-wizualizacja.jpg","type":"image\/jpeg"}],"twitter_card":"summary_large_image","twitter_misc":{"Odhadovan\u00e1 doba \u010dten\u00ed":"4 minuty"},"schema":{"@context":"https:\/\/schema.org","@graph":[{"@type":"WebPage","@id":"https:\/\/dev.domkisauny.pl\/cs\/produkt\/zahradni-sauna-sud-200-cm\/","url":"https:\/\/dev.domkisauny.pl\/cs\/produkt\/zahradni-sauna-sud-200-cm\/","name":"Sauna 200 cm bez p\u0159eds\u00edn\u011b","isPartOf":{"@id":"https:\/\/dev.domkisauny.pl\/cs\/#website"},"primaryImageOfPage":{"@id":"https:\/\/dev.domkisauny.pl\/cs\/produkt\/zahradni-sauna-sud-200-cm\/#primaryimage"},"image":{"@id":"https:\/\/dev.domkisauny.pl\/cs\/produkt\/zahradni-sauna-sud-200-cm\/#primaryimage"},"thumbnailUrl":"https:\/\/dev.domkisauny.pl\/wp-content\/uploads\/2022\/09\/Sauna-ogrodowa-beczka-2m-bez-przedsionka-wizualizacja.jpg","datePublished":"2022-09-21T09:53:30+00:00","dateModified":"2025-05-21T14:33:14+00:00","description":"Jedn\u00e1 se o robustn\u00ed v\u00fdrobek ze d\u0159eva. Pom\u00e1h\u00e1 zocelit t\u011blo i mysl. Ide\u00e1ln\u00ed na zahradu nebo jako atrakce v ubytovac\u00edch za\u0159\u00edzen\u00edch.","breadcrumb":{"@id":"https:\/\/dev.domkisauny.pl\/cs\/produkt\/zahradni-sauna-sud-200-cm\/#breadcrumb"},"inLanguage":"cs","potentialAction":[{"@type":"ReadAction","target":["https:\/\/dev.domkisauny.pl\/cs\/produkt\/zahradni-sauna-sud-200-cm\/"]}]},{"@type":"ImageObject","inLanguage":"cs","@id":"https:\/\/dev.domkisauny.pl\/cs\/produkt\/zahradni-sauna-sud-200-cm\/#primaryimage","url":"https:\/\/dev.domkisauny.pl\/wp-content\/uploads\/2022\/09\/Sauna-ogrodowa-beczka-2m-bez-przedsionka-wizualizacja.jpg","contentUrl":"https:\/\/dev.domkisauny.pl\/wp-content\/uploads\/2022\/09\/Sauna-ogrodowa-beczka-2m-bez-przedsionka-wizualizacja.jpg","width":2000,"height":1125,"caption":"Sauna-ogrodowa-beczka-2m-bez-przedsionka---bez-impregnacji"},{"@type":"BreadcrumbList","@id":"https:\/\/dev.domkisauny.pl\/cs\/produkt\/zahradni-sauna-sud-200-cm\/#breadcrumb","itemListElement":[{"@type":"ListItem","position":1,"name":"A&amp;M","item":"https:\/\/dev.domkisauny.pl\/cs\/"},{"@type":"ListItem","position":2,"name":"Produkty","item":"https:\/\/dev.domkisauny.pl\/produkty\/"},{"@type":"ListItem","position":3,"name":"Sauny","item":"https:\/\/dev.domkisauny.pl\/cs\/kategorie-produktu\/sauny\/"},{"@type":"ListItem","position":4,"name":"Zahradn\u00ed sauny","item":"https:\/\/dev.domkisauny.pl\/cs\/kategorie-produktu\/sauny\/zahradni-sauny\/"},{"@type":"ListItem","position":5,"name":"Zahradn\u00ed sauna sud 200 cm"}]},{"@type":"WebSite","@id":"https:\/\/dev.domkisauny.pl\/cs\/#website","url":"https:\/\/dev.domkisauny.pl\/cs\/","name":"Chaty, sauny","description":"","publisher":{"@id":"https:\/\/dev.domkisauny.pl\/cs\/#organization"},"potentialAction":[{"@type":"SearchAction","target":{"@type":"EntryPoint","urlTemplate":"https:\/\/dev.domkisauny.pl\/cs\/?s={search_term_string}"},"query-input":{"@type":"PropertyValueSpecification","valueRequired":true,"valueName":"search_term_string"}}],"inLanguage":"cs"},{"@type":"Organization","@id":"https:\/\/dev.domkisauny.pl\/cs\/#organization","name":"Chaty, sauny","url":"https:\/\/dev.domkisauny.pl\/cs\/","logo":{"@type":"ImageObject","inLanguage":"cs","@id":"https:\/\/dev.domkisauny.pl\/cs\/#\/schema\/logo\/image\/","url":"https:\/\/domkisauny.pl\/wp-content\/uploads\/2022\/09\/logo_03.png","contentUrl":"https:\/\/domkisauny.pl\/wp-content\/uploads\/2022\/09\/logo_03.png","width":95,"height":81,"caption":"Chaty, sauny"},"image":{"@id":"https:\/\/dev.domkisauny.pl\/cs\/#\/schema\/logo\/image\/"},"sameAs":["https:\/\/www.facebook.com\/DomkiSauny"]}]}},"_links":{"self":[{"href":"https:\/\/dev.domkisauny.pl\/cs\/wp-json\/wp\/v2\/product\/1423","targetHints":{"allow":["GET"]}}],"collection":[{"href":"https:\/\/dev.domkisauny.pl\/cs\/wp-json\/wp\/v2\/product"}],"about":[{"href":"https:\/\/dev.domkisauny.pl\/cs\/wp-json\/wp\/v2\/types\/product"}],"wp:featuredmedia":[{"embeddable":true,"href":"https:\/\/dev.domkisauny.pl\/cs\/wp-json\/wp\/v2\/media\/8081"}],"wp:attachment":[{"href":"https:\/\/dev.domkisauny.pl\/cs\/wp-json\/wp\/v2\/media?parent=1423"}],"wp:term":[{"taxonomy":"product_brand","embeddable":true,"href":"https:\/\/dev.domkisauny.pl\/cs\/wp-json\/wp\/v2\/product_brand?post=1423"},{"taxonomy":"product_cat","embeddable":true,"href":"https:\/\/dev.domkisauny.pl\/cs\/wp-json\/wp\/v2\/product_cat?post=1423"},{"taxonomy":"product_tag","embeddable":true,"href":"https:\/\/dev.domkisauny.pl\/cs\/wp-json\/wp\/v2\/product_tag?post=1423"}],"curies":[{"name":"wp","href":"https:\/\/api.w.org\/{rel}","templated":true}]}}