{"id":1382,"date":"2022-10-04T22:35:19","date_gmt":"2022-10-04T20:35:19","guid":{"rendered":"https:\/\/domkisauny.pl\/produkt\/kad-200-s-vlozkou-a-vnejsim-ohrevem\/"},"modified":"2025-06-27T16:30:18","modified_gmt":"2025-06-27T14:30:18","slug":"kad-200-cm-s-vlozkou-a-ohrevem","status":"publish","type":"product","link":"https:\/\/dev.domkisauny.pl\/cs\/produkt\/kad-200-cm-s-vlozkou-a-ohrevem\/","title":{"rendered":"K\u00e1\u010f 200 cm s vlo\u017ekou a vn\u011bj\u0161\u00edm oh\u0159evem"},"content":{"rendered":"<h3><strong>Specifikace a rozm\u011bry k\u00e1d\u011b:<\/strong><\/h3>\n<ul>\n<li>kompletn\u00ed k\u00e1\u010f s plastovou vlo\u017ekou<\/li>\n<li>strom mod\u0159\u00edn<\/li>\n<li>d\u0159ev\u011bn\u00e9 sch\u016fdky,<\/li>\n<li>pohodln\u00e1 lavi\u010dka,<\/li>\n<li>d\u0159ev\u011bn\u00e9 v\u00edko,<\/li>\n<li>vn\u011bj\u0161\u00ed oh\u0159ev,<\/li>\n<li>Vn\u011bj\u0161\u00ed pr\u016fm\u011br: 200 cm<\/li>\n<li>Vnit\u0159n\u00ed pr\u016fm\u011br: 190 cm<\/li>\n<li>Vnit\u0159n\u00ed v\u00fd\u0161ka: 90 cm<\/li>\n<li>Vn\u011bj\u0161\u00ed v\u00fd\u0161ka 102 cm<\/li>\n<li>Po\u010det osob: 6<\/li>\n<li>Kapacita: 1500 &#8211; 1700 l<\/li>\n<li>Dod\u00e1van\u00e1 sestaven\u00e1<\/li>\n<\/ul>\n<p>Velk\u00e1 <strong>mod\u0159\u00ednov\u00e1 zahradn\u00ed<\/strong> k\u00e1\u010f o pr\u016fm\u011bru 200 cm s <strong>plastovou vlo\u017ekou<\/strong> a venkovn\u00edm oh\u0159evem <strong>poskytuje p\u0159\u00edjemn\u00fd odpo\u010dinek od stresuj\u00edc\u00ed pr\u00e1ce<\/strong>.<\/p>\n<p>Postaven\u00ed k\u00e1d\u011b na zahrad\u011b m\u016f\u017ee b\u00fdt <strong>skv\u011bl\u00fdm n\u00e1padem<\/strong> pro rodinn\u00fd piknik nebo setk\u00e1n\u00ed s p\u0159\u00e1teli, proto\u017ee se do n\u00ed vejde a\u017e \u0161est osob a je vybavena plechov\u00fdm <strong>venkovn\u00edm oh\u0159evem<\/strong> na d\u0159evo. K dispozici jsou tak\u00e9 d\u0159ev\u011bn\u00e9 <strong>sch\u016fdky<\/strong>, <strong>lavi\u010dka<\/strong> a <strong>kryt<\/strong>.<\/p>\n<p>K\u00e1\u010f 200 je smontovan\u00e1 a m\u00e1 mo\u017enost dodate\u010dn\u00e9 lakov\u00e1n\u00ed <strong>(10 barev)<\/strong>. Lze <strong>doru\u010dit a\u017e k v\u00e1m dom\u016f\/do<\/strong> zahrady\/firmy.<\/p>\n<h3>Velk\u00e1 zahradn\u00ed k\u00e1\u010f 200 \u2013 relaxace a odpo\u010dinek<\/h3>\n<p>Nemus\u00edte tr\u00e1vit dovolenou v drah\u00fdch letovisc\u00edch, abyste si u\u017eili relaxa\u010dn\u00ed koupel uprost\u0159ed p\u0159\u00edrody. V\u0161e, co pot\u0159ebujete, je d\u0159ev\u011bn\u00e1 zahradn\u00ed k\u00e1\u010f od spole\u010dnosti A&amp;M, aby byl V\u00e1\u0161 \u017eivot opravdu p\u0159\u00edjemn\u00fd a hodnotn\u00fd. S pr\u016fm\u011brem 200 cm a objemem a\u017e 1 700 litr\u016f vody se jedn\u00e1 o velk\u00fd prostor, kde hork\u00e1 koupel zregeneruje t\u011blo i du\u0161i. Je jedno, zda ji postav\u00edte na terase nebo v klidn\u00e9m kout\u011b zahrady \u2013 d\u016fle\u017eit\u00e1 je atmosf\u00e9ra a maxim\u00e1ln\u00ed relaxace pro V\u00e1s a Va\u0161e bl\u00edzk\u00e9. Koup\u00e1n\u00ed v k\u00e1di posiluje t\u011blo a p\u0159in\u00e1\u0161\u00ed pocit osvobozen\u00ed od starost\u00ed ka\u017edodenn\u00edho \u017eivota.<\/p>\n<p><img loading=\"lazy\" decoding=\"async\" class=\"aligncenter size-full wp-image-10638\" src=\"https:\/\/domkysauny.cz\/wp-content\/uploads\/2022\/10\/domkisauny-balia-200cm-wizualizacja.jpg\" alt=\"\" width=\"2500\" height=\"1406\" srcset=\"https:\/\/dev.domkisauny.pl\/wp-content\/uploads\/2022\/10\/domkisauny-balia-200cm-wizualizacja.jpg 2500w, https:\/\/dev.domkisauny.pl\/wp-content\/uploads\/2022\/10\/domkisauny-balia-200cm-wizualizacja-300x169.jpg 300w, https:\/\/dev.domkisauny.pl\/wp-content\/uploads\/2022\/10\/domkisauny-balia-200cm-wizualizacja-768x432.jpg 768w, https:\/\/dev.domkisauny.pl\/wp-content\/uploads\/2022\/10\/domkisauny-balia-200cm-wizualizacja-1024x576.jpg 1024w, https:\/\/dev.domkisauny.pl\/wp-content\/uploads\/2022\/10\/domkisauny-balia-200cm-wizualizacja-1536x864.jpg 1536w, https:\/\/dev.domkisauny.pl\/wp-content\/uploads\/2022\/10\/domkisauny-balia-200cm-wizualizacja-2048x1152.jpg 2048w, https:\/\/dev.domkisauny.pl\/wp-content\/uploads\/2022\/10\/domkisauny-balia-200cm-wizualizacja-1000x562.jpg 1000w, https:\/\/dev.domkisauny.pl\/wp-content\/uploads\/2022\/10\/domkisauny-balia-200cm-wizualizacja-1320x742.jpg 1320w\" sizes=\"auto, (max-width: 2500px) 100vw, 2500px\" \/><\/p>\n<h3>Tradi\u010dn\u011b p\u0159\u00edrodn\u00ed mod\u0159\u00ednov\u00e9 d\u0159evo<\/h3>\n<p>Zahradn\u00ed k\u00e1\u010f je klasick\u00fd, ru\u010dn\u011b vyroben\u00fd kus s pou\u017eit\u00edm vysoce kvalitn\u00edho a zcela p\u0159\u00edrodn\u00edho mod\u0159\u00ednov\u00e9ho d\u0159eva z Polska. Velk\u00fd pr\u016fm\u011br (200 cm) znamen\u00e1 tak\u00e9 1500-1700 litr\u016f vody a zaru\u010duje pohodlnou koupel pro 6 osob. Estetick\u00e1 plastov\u00e1 vlo\u017eka dokonale vypl\u0148uje d\u0159ev\u011bnou konstrukci k\u00e1d\u011b a zvy\u0161uje jej\u00ed odolnost. K oh\u0159evu vody slou\u017e\u00ed snadno pou\u017eiteln\u00fd plechov\u00fd venkovn\u00ed va\u0159i\u010d na d\u0159evo, kter\u00fd se skl\u00e1d\u00e1 z ohni\u0161t\u011b, vysok\u00e9ho kom\u00edna, dv\u00ed\u0159ek a teplom\u011bru. Zajist\u00ed rychl\u00fd a bezpe\u010dn\u00fd oh\u0159ev vody na po\u017eadovanou teplotu. Zahradn\u00ed k\u00e1\u010f je smontovan\u00fd a k pou\u017eit\u00ed p\u0159ipraven\u00fd v\u00fdrobek s kompletn\u00edm vybaven\u00edm, tj. d\u0159ev\u011bn\u00fdmi sch\u016fdky, pohodlnou \u0161estihrannou lavic\u00ed a krytem. K\u00e1\u010f s hydroizolac\u00ed si m\u016f\u017eete objednat v jedn\u00e9 z 10 barev a s dod\u00e1n\u00edm a\u017e k V\u00e1m dom\u016f\/do zahrady\/firmy.<\/p>\n<p><img loading=\"lazy\" decoding=\"async\" class=\"aligncenter wp-image-18046 size-full\" src=\"https:\/\/domkisauny.pl\/wp-content\/uploads\/2022\/10\/balia_200_wymiar-102.jpg\" alt=\"\" width=\"2000\" height=\"1658\" srcset=\"https:\/\/dev.domkisauny.pl\/wp-content\/uploads\/2022\/10\/balia_200_wymiar-102.jpg 2000w, https:\/\/dev.domkisauny.pl\/wp-content\/uploads\/2022\/10\/balia_200_wymiar-102-300x249.jpg 300w, https:\/\/dev.domkisauny.pl\/wp-content\/uploads\/2022\/10\/balia_200_wymiar-102-1024x849.jpg 1024w, https:\/\/dev.domkisauny.pl\/wp-content\/uploads\/2022\/10\/balia_200_wymiar-102-768x637.jpg 768w, https:\/\/dev.domkisauny.pl\/wp-content\/uploads\/2022\/10\/balia_200_wymiar-102-1536x1273.jpg 1536w, https:\/\/dev.domkisauny.pl\/wp-content\/uploads\/2022\/10\/balia_200_wymiar-102-1000x829.jpg 1000w\" sizes=\"auto, (max-width: 2000px) 100vw, 2000px\" \/><\/p>\n<h3>Koupel, kter\u00e1 p\u0159in\u00e1\u0161\u00ed \u00falevu<\/h3>\n<p>Zahradn\u00ed k\u00e1\u010f je skv\u011bl\u00fd zp\u016fsob, jak udr\u017eet sv\u00e9 t\u011blo zdrav\u00e9 a fit. Hork\u00e1 koupel je po stalet\u00ed neoceniteln\u00fdm pomocn\u00edkem p\u0159i prevenci i l\u00e9\u010db\u011b r\u016fzn\u00fdch onemocn\u011bn\u00ed. Ritu\u00e1l koup\u00e1n\u00ed v k\u00e1di se m\u016f\u017ee st\u00e1t i sou\u010d\u00e1st\u00ed va\u0161eho \u017eivota, pokud se chcete pln\u011b uvolnit a relaxovat.<\/p>\n<p>&nbsp;<\/p>\n","protected":false},"excerpt":{"rendered":"<p>Specifikace a rozm\u011bry k\u00e1d\u011b: kompletn\u00ed k\u00e1\u010f s plastovou vlo\u017ekou strom mod\u0159\u00edn d\u0159ev\u011bn\u00e9 sch\u016fdky, pohodln\u00e1 lavi\u010dka, d\u0159ev\u011bn\u00e9 v\u00edko, vn\u011bj\u0161\u00ed oh\u0159ev, Vn\u011bj\u0161\u00ed<\/p>\n","protected":false},"featured_media":10639,"template":"","meta":{"_acf_changed":false},"product_brand":[],"product_cat":[78],"product_tag":[],"class_list":{"0":"post-1382","1":"product","2":"type-product","3":"status-publish","4":"has-post-thumbnail","6":"product_cat-kade","8":"first","9":"instock","10":"shipping-taxable","11":"purchasable","12":"product-type-variable"},"acf":[],"yoast_head":"<!-- This site is optimized with the Yoast SEO plugin v27.4 - https:\/\/yoast.com\/product\/yoast-seo-wordpress\/ -->\n<title>K\u00e1\u010f 200 cm s vlo\u017ekou a oh\u0159evem | A&amp;M Przecisz\u00f3w | chaty a sauny.<\/title>\n<meta name=\"description\" content=\"A&amp;M Przecisz\u00f3w, d\u0159ev\u011bn\u00e9 chatky a sauny, zahradn\u00ed k\u00e1\u010f pro 6 osob 200 cm s vlo\u017ekou a venkovn\u00edm oh\u0159evem. Lavi\u010dka, sch\u016fdky, kryt, sestaveno, dod\u00e1n\u00ed.\" \/>\n<meta name=\"robots\" content=\"noindex, follow, max-snippet:-1, max-image-preview:large, max-video-preview:-1\" \/>\n<meta property=\"og:locale\" content=\"cs_CZ\" \/>\n<meta property=\"og:type\" content=\"article\" \/>\n<meta property=\"og:title\" content=\"K\u00e1\u010f 200 cm s vlo\u017ekou a oh\u0159evem | A&amp;M Przecisz\u00f3w | chaty a sauny.\" \/>\n<meta property=\"og:description\" content=\"A&amp;M Przecisz\u00f3w, d\u0159ev\u011bn\u00e9 chatky a sauny, zahradn\u00ed k\u00e1\u010f pro 6 osob 200 cm s vlo\u017ekou a venkovn\u00edm oh\u0159evem. Lavi\u010dka, sch\u016fdky, kryt, sestaveno, dod\u00e1n\u00ed.\" \/>\n<meta property=\"og:url\" content=\"https:\/\/dev.domkisauny.pl\/cs\/produkt\/kad-200-cm-s-vlozkou-a-ohrevem\/\" \/>\n<meta property=\"og:site_name\" content=\"Chaty, sauny\" \/>\n<meta property=\"article:publisher\" content=\"https:\/\/www.facebook.com\/DomkiSauny\" \/>\n<meta property=\"article:modified_time\" content=\"2025-06-27T14:30:18+00:00\" \/>\n<meta property=\"og:image\" content=\"https:\/\/dev.domkisauny.pl\/wp-content\/uploads\/2022\/10\/domkisauny-balia-200cm-wizualizacja.jpg\" \/>\n\t<meta property=\"og:image:width\" content=\"2500\" \/>\n\t<meta property=\"og:image:height\" content=\"1406\" \/>\n\t<meta property=\"og:image:type\" content=\"image\/jpeg\" \/>\n<meta name=\"twitter:card\" content=\"summary_large_image\" \/>\n<meta name=\"twitter:label1\" content=\"Odhadovan\u00e1 doba \u010dten\u00ed\" \/>\n\t<meta name=\"twitter:data1\" content=\"3 minuty\" \/>\n<script type=\"application\/ld+json\" class=\"yoast-schema-graph\">{\"@context\":\"https:\\\/\\\/schema.org\",\"@graph\":[{\"@type\":\"WebPage\",\"@id\":\"https:\\\/\\\/dev.domkisauny.pl\\\/cs\\\/produkt\\\/kad-200-cm-s-vlozkou-a-ohrevem\\\/\",\"url\":\"https:\\\/\\\/dev.domkisauny.pl\\\/cs\\\/produkt\\\/kad-200-cm-s-vlozkou-a-ohrevem\\\/\",\"name\":\"K\u00e1\u010f 200 cm s vlo\u017ekou a oh\u0159evem | A&M Przecisz\u00f3w | chaty a sauny.\",\"isPartOf\":{\"@id\":\"https:\\\/\\\/dev.domkisauny.pl\\\/cs\\\/#website\"},\"primaryImageOfPage\":{\"@id\":\"https:\\\/\\\/dev.domkisauny.pl\\\/cs\\\/produkt\\\/kad-200-cm-s-vlozkou-a-ohrevem\\\/#primaryimage\"},\"image\":{\"@id\":\"https:\\\/\\\/dev.domkisauny.pl\\\/cs\\\/produkt\\\/kad-200-cm-s-vlozkou-a-ohrevem\\\/#primaryimage\"},\"thumbnailUrl\":\"https:\\\/\\\/dev.domkisauny.pl\\\/wp-content\\\/uploads\\\/2022\\\/10\\\/domkisauny-balia-200cm-wizualizacja.jpg\",\"datePublished\":\"2022-10-04T20:35:19+00:00\",\"dateModified\":\"2025-06-27T14:30:18+00:00\",\"description\":\"A&M Przecisz\u00f3w, d\u0159ev\u011bn\u00e9 chatky a sauny, zahradn\u00ed k\u00e1\u010f pro 6 osob 200 cm s vlo\u017ekou a venkovn\u00edm oh\u0159evem. Lavi\u010dka, sch\u016fdky, kryt, sestaveno, dod\u00e1n\u00ed.\",\"breadcrumb\":{\"@id\":\"https:\\\/\\\/dev.domkisauny.pl\\\/cs\\\/produkt\\\/kad-200-cm-s-vlozkou-a-ohrevem\\\/#breadcrumb\"},\"inLanguage\":\"cs\",\"potentialAction\":[{\"@type\":\"ReadAction\",\"target\":[\"https:\\\/\\\/dev.domkisauny.pl\\\/cs\\\/produkt\\\/kad-200-cm-s-vlozkou-a-ohrevem\\\/\"]}]},{\"@type\":\"ImageObject\",\"inLanguage\":\"cs\",\"@id\":\"https:\\\/\\\/dev.domkisauny.pl\\\/cs\\\/produkt\\\/kad-200-cm-s-vlozkou-a-ohrevem\\\/#primaryimage\",\"url\":\"https:\\\/\\\/dev.domkisauny.pl\\\/wp-content\\\/uploads\\\/2022\\\/10\\\/domkisauny-balia-200cm-wizualizacja.jpg\",\"contentUrl\":\"https:\\\/\\\/dev.domkisauny.pl\\\/wp-content\\\/uploads\\\/2022\\\/10\\\/domkisauny-balia-200cm-wizualizacja.jpg\",\"width\":2500,\"height\":1406},{\"@type\":\"BreadcrumbList\",\"@id\":\"https:\\\/\\\/dev.domkisauny.pl\\\/cs\\\/produkt\\\/kad-200-cm-s-vlozkou-a-ohrevem\\\/#breadcrumb\",\"itemListElement\":[{\"@type\":\"ListItem\",\"position\":1,\"name\":\"A&amp;M\",\"item\":\"https:\\\/\\\/dev.domkisauny.pl\\\/cs\\\/\"},{\"@type\":\"ListItem\",\"position\":2,\"name\":\"Produkty\",\"item\":\"https:\\\/\\\/dev.domkisauny.pl\\\/produkty\\\/\"},{\"@type\":\"ListItem\",\"position\":3,\"name\":\"K\u00e1d\u011b\",\"item\":\"https:\\\/\\\/dev.domkisauny.pl\\\/cs\\\/kategorie-produktu\\\/kade\\\/\"},{\"@type\":\"ListItem\",\"position\":4,\"name\":\"K\u00e1\u010f 200 cm s vlo\u017ekou a vn\u011bj\u0161\u00edm oh\u0159evem\"}]},{\"@type\":\"WebSite\",\"@id\":\"https:\\\/\\\/dev.domkisauny.pl\\\/cs\\\/#website\",\"url\":\"https:\\\/\\\/dev.domkisauny.pl\\\/cs\\\/\",\"name\":\"Chaty, sauny\",\"description\":\"\",\"publisher\":{\"@id\":\"https:\\\/\\\/dev.domkisauny.pl\\\/cs\\\/#organization\"},\"potentialAction\":[{\"@type\":\"SearchAction\",\"target\":{\"@type\":\"EntryPoint\",\"urlTemplate\":\"https:\\\/\\\/dev.domkisauny.pl\\\/cs\\\/?s={search_term_string}\"},\"query-input\":{\"@type\":\"PropertyValueSpecification\",\"valueRequired\":true,\"valueName\":\"search_term_string\"}}],\"inLanguage\":\"cs\"},{\"@type\":\"Organization\",\"@id\":\"https:\\\/\\\/dev.domkisauny.pl\\\/cs\\\/#organization\",\"name\":\"Chaty, sauny\",\"url\":\"https:\\\/\\\/dev.domkisauny.pl\\\/cs\\\/\",\"logo\":{\"@type\":\"ImageObject\",\"inLanguage\":\"cs\",\"@id\":\"https:\\\/\\\/dev.domkisauny.pl\\\/cs\\\/#\\\/schema\\\/logo\\\/image\\\/\",\"url\":\"https:\\\/\\\/domkisauny.pl\\\/wp-content\\\/uploads\\\/2022\\\/09\\\/logo_03.png\",\"contentUrl\":\"https:\\\/\\\/domkisauny.pl\\\/wp-content\\\/uploads\\\/2022\\\/09\\\/logo_03.png\",\"width\":95,\"height\":81,\"caption\":\"Chaty, sauny\"},\"image\":{\"@id\":\"https:\\\/\\\/dev.domkisauny.pl\\\/cs\\\/#\\\/schema\\\/logo\\\/image\\\/\"},\"sameAs\":[\"https:\\\/\\\/www.facebook.com\\\/DomkiSauny\"]}]}<\/script>\n<!-- \/ Yoast SEO plugin. -->","yoast_head_json":{"title":"K\u00e1\u010f 200 cm s vlo\u017ekou a oh\u0159evem | A&M Przecisz\u00f3w | chaty a sauny.","description":"A&M Przecisz\u00f3w, d\u0159ev\u011bn\u00e9 chatky a sauny, zahradn\u00ed k\u00e1\u010f pro 6 osob 200 cm s vlo\u017ekou a venkovn\u00edm oh\u0159evem. Lavi\u010dka, sch\u016fdky, kryt, sestaveno, dod\u00e1n\u00ed.","robots":{"index":"noindex","follow":"follow","max-snippet":"max-snippet:-1","max-image-preview":"max-image-preview:large","max-video-preview":"max-video-preview:-1"},"og_locale":"cs_CZ","og_type":"article","og_title":"K\u00e1\u010f 200 cm s vlo\u017ekou a oh\u0159evem | A&M Przecisz\u00f3w | chaty a sauny.","og_description":"A&M Przecisz\u00f3w, d\u0159ev\u011bn\u00e9 chatky a sauny, zahradn\u00ed k\u00e1\u010f pro 6 osob 200 cm s vlo\u017ekou a venkovn\u00edm oh\u0159evem. Lavi\u010dka, sch\u016fdky, kryt, sestaveno, dod\u00e1n\u00ed.","og_url":"https:\/\/dev.domkisauny.pl\/cs\/produkt\/kad-200-cm-s-vlozkou-a-ohrevem\/","og_site_name":"Chaty, sauny","article_publisher":"https:\/\/www.facebook.com\/DomkiSauny","article_modified_time":"2025-06-27T14:30:18+00:00","og_image":[{"width":2500,"height":1406,"url":"https:\/\/dev.domkisauny.pl\/wp-content\/uploads\/2022\/10\/domkisauny-balia-200cm-wizualizacja.jpg","type":"image\/jpeg"}],"twitter_card":"summary_large_image","twitter_misc":{"Odhadovan\u00e1 doba \u010dten\u00ed":"3 minuty"},"schema":{"@context":"https:\/\/schema.org","@graph":[{"@type":"WebPage","@id":"https:\/\/dev.domkisauny.pl\/cs\/produkt\/kad-200-cm-s-vlozkou-a-ohrevem\/","url":"https:\/\/dev.domkisauny.pl\/cs\/produkt\/kad-200-cm-s-vlozkou-a-ohrevem\/","name":"K\u00e1\u010f 200 cm s vlo\u017ekou a oh\u0159evem | A&M Przecisz\u00f3w | chaty a sauny.","isPartOf":{"@id":"https:\/\/dev.domkisauny.pl\/cs\/#website"},"primaryImageOfPage":{"@id":"https:\/\/dev.domkisauny.pl\/cs\/produkt\/kad-200-cm-s-vlozkou-a-ohrevem\/#primaryimage"},"image":{"@id":"https:\/\/dev.domkisauny.pl\/cs\/produkt\/kad-200-cm-s-vlozkou-a-ohrevem\/#primaryimage"},"thumbnailUrl":"https:\/\/dev.domkisauny.pl\/wp-content\/uploads\/2022\/10\/domkisauny-balia-200cm-wizualizacja.jpg","datePublished":"2022-10-04T20:35:19+00:00","dateModified":"2025-06-27T14:30:18+00:00","description":"A&M Przecisz\u00f3w, d\u0159ev\u011bn\u00e9 chatky a sauny, zahradn\u00ed k\u00e1\u010f pro 6 osob 200 cm s vlo\u017ekou a venkovn\u00edm oh\u0159evem. Lavi\u010dka, sch\u016fdky, kryt, sestaveno, dod\u00e1n\u00ed.","breadcrumb":{"@id":"https:\/\/dev.domkisauny.pl\/cs\/produkt\/kad-200-cm-s-vlozkou-a-ohrevem\/#breadcrumb"},"inLanguage":"cs","potentialAction":[{"@type":"ReadAction","target":["https:\/\/dev.domkisauny.pl\/cs\/produkt\/kad-200-cm-s-vlozkou-a-ohrevem\/"]}]},{"@type":"ImageObject","inLanguage":"cs","@id":"https:\/\/dev.domkisauny.pl\/cs\/produkt\/kad-200-cm-s-vlozkou-a-ohrevem\/#primaryimage","url":"https:\/\/dev.domkisauny.pl\/wp-content\/uploads\/2022\/10\/domkisauny-balia-200cm-wizualizacja.jpg","contentUrl":"https:\/\/dev.domkisauny.pl\/wp-content\/uploads\/2022\/10\/domkisauny-balia-200cm-wizualizacja.jpg","width":2500,"height":1406},{"@type":"BreadcrumbList","@id":"https:\/\/dev.domkisauny.pl\/cs\/produkt\/kad-200-cm-s-vlozkou-a-ohrevem\/#breadcrumb","itemListElement":[{"@type":"ListItem","position":1,"name":"A&amp;M","item":"https:\/\/dev.domkisauny.pl\/cs\/"},{"@type":"ListItem","position":2,"name":"Produkty","item":"https:\/\/dev.domkisauny.pl\/produkty\/"},{"@type":"ListItem","position":3,"name":"K\u00e1d\u011b","item":"https:\/\/dev.domkisauny.pl\/cs\/kategorie-produktu\/kade\/"},{"@type":"ListItem","position":4,"name":"K\u00e1\u010f 200 cm s vlo\u017ekou a vn\u011bj\u0161\u00edm oh\u0159evem"}]},{"@type":"WebSite","@id":"https:\/\/dev.domkisauny.pl\/cs\/#website","url":"https:\/\/dev.domkisauny.pl\/cs\/","name":"Chaty, sauny","description":"","publisher":{"@id":"https:\/\/dev.domkisauny.pl\/cs\/#organization"},"potentialAction":[{"@type":"SearchAction","target":{"@type":"EntryPoint","urlTemplate":"https:\/\/dev.domkisauny.pl\/cs\/?s={search_term_string}"},"query-input":{"@type":"PropertyValueSpecification","valueRequired":true,"valueName":"search_term_string"}}],"inLanguage":"cs"},{"@type":"Organization","@id":"https:\/\/dev.domkisauny.pl\/cs\/#organization","name":"Chaty, sauny","url":"https:\/\/dev.domkisauny.pl\/cs\/","logo":{"@type":"ImageObject","inLanguage":"cs","@id":"https:\/\/dev.domkisauny.pl\/cs\/#\/schema\/logo\/image\/","url":"https:\/\/domkisauny.pl\/wp-content\/uploads\/2022\/09\/logo_03.png","contentUrl":"https:\/\/domkisauny.pl\/wp-content\/uploads\/2022\/09\/logo_03.png","width":95,"height":81,"caption":"Chaty, sauny"},"image":{"@id":"https:\/\/dev.domkisauny.pl\/cs\/#\/schema\/logo\/image\/"},"sameAs":["https:\/\/www.facebook.com\/DomkiSauny"]}]}},"_links":{"self":[{"href":"https:\/\/dev.domkisauny.pl\/cs\/wp-json\/wp\/v2\/product\/1382","targetHints":{"allow":["GET"]}}],"collection":[{"href":"https:\/\/dev.domkisauny.pl\/cs\/wp-json\/wp\/v2\/product"}],"about":[{"href":"https:\/\/dev.domkisauny.pl\/cs\/wp-json\/wp\/v2\/types\/product"}],"wp:featuredmedia":[{"embeddable":true,"href":"https:\/\/dev.domkisauny.pl\/cs\/wp-json\/wp\/v2\/media\/10639"}],"wp:attachment":[{"href":"https:\/\/dev.domkisauny.pl\/cs\/wp-json\/wp\/v2\/media?parent=1382"}],"wp:term":[{"taxonomy":"product_brand","embeddable":true,"href":"https:\/\/dev.domkisauny.pl\/cs\/wp-json\/wp\/v2\/product_brand?post=1382"},{"taxonomy":"product_cat","embeddable":true,"href":"https:\/\/dev.domkisauny.pl\/cs\/wp-json\/wp\/v2\/product_cat?post=1382"},{"taxonomy":"product_tag","embeddable":true,"href":"https:\/\/dev.domkisauny.pl\/cs\/wp-json\/wp\/v2\/product_tag?post=1382"}],"curies":[{"name":"wp","href":"https:\/\/api.w.org\/{rel}","templated":true}]}}