{"id":12295,"date":"2024-06-07T10:13:46","date_gmt":"2024-06-07T08:13:46","guid":{"rendered":"https:\/\/domkisauny.pl\/?post_type=product&#038;p=12295"},"modified":"2025-06-03T15:48:59","modified_gmt":"2025-06-03T13:48:59","slug":"dreveny-bazen-48-x-23-m-thermo-s-kamny-a-polypropylenovou-vlozkou","status":"publish","type":"product","link":"https:\/\/dev.domkisauny.pl\/cs\/produkt\/dreveny-bazen-48-x-23-m-thermo-s-kamny-a-polypropylenovou-vlozkou\/","title":{"rendered":"D\u0159ev\u011bn\u00fd baz\u00e9n 4,8 x 2,3 m THERMO s kamny a polypropylenovou vlo\u017ekou"},"content":{"rendered":"<h2><strong>D\u0159ev\u011bn\u00fd baz\u00e9n 4,8 x 2,3 m THERMO s kamny a polypropylenovou vlo\u017ekou<\/strong><\/h2>\n<h3>Specifikace baz\u00e9nu<\/h3>\n<h4>Z\u00e1kladn\u00ed vybaven\u00ed:<\/h4>\n<ul>\n<li><strong>Integrovan\u00e1 kamna na d\u0159evo<\/strong><\/li>\n<li><strong>Vlo\u017eka z 6mm<\/strong> polypropylenov\u00e9 desky<\/li>\n<li>D\u0159ev\u011bn\u00e9 <strong>schody<\/strong><\/li>\n<li>Nerezov\u00fd <strong>\u017eeb\u0159\u00edk<\/strong><\/li>\n<li><strong>P\u00edskov\u00fd filtr<\/strong> s \u010derpadlem<\/li>\n<li><strong>N\u00e1pl\u0148<\/strong> do p\u00edskov\u00e9ho filtru<\/li>\n<li>Svisl\u00e9 v\u00fdztu\u017en\u00e9 sloupy<\/li>\n<\/ul>\n<h4>Technick\u00e9 \u00fadaje:<\/h4>\n<ul>\n<li>Vn\u011bj\u0161\u00ed \u0161\u00ed\u0159ka: <strong>230 cm<\/strong><\/li>\n<li>Vnit\u0159n\u00ed \u0161\u00ed\u0159ka:<strong> 190 cm<\/strong><\/li>\n<li>Vn\u011bj\u0161\u00ed d\u00e9lka: <strong>480 cm<\/strong><\/li>\n<li>Vnit\u0159n\u00ed d\u00e9lka: <strong>360 cm<\/strong><\/li>\n<li>Vn\u011bj\u0161\u00ed v\u00fd\u0161ka: <strong>110 cm<\/strong><\/li>\n<li>Hloubka baz\u00e9nu:<strong> 100 cm<\/strong><\/li>\n<li>Objem: cca<strong> 8,740L<\/strong><\/li>\n<li>Oblo\u017een\u00ed: <strong>44mm<\/strong> Thermo d\u0159evo<\/li>\n<li>Hmotnost: cca <strong>1,200kg<\/strong><\/li>\n<li>Kamna z nerezov\u00e9 oceli, v\u010detn\u011b kom\u00ednu<\/li>\n<\/ul>\n<p>K <strong>d\u00e9lce baz\u00e9nu<\/strong> je t\u0159eba p\u0159ipo\u010d\u00edtat tak\u00e9 <strong>integrovanou sk\u0159\u00ed\u0148 na vybaven\u00ed<\/strong> o d\u00e9lce <strong>80 cm!<\/strong><\/p>\n<p>Baz\u00e9n s kamny na d\u0159evo v\u00e1m umo\u017en\u00ed pohodln\u00fd odpo\u010dinek po mnoho let.<strong>Skandin\u00e1vsk\u00e1 estetika v kombinaci s p\u0159\u00edrodn\u00edm klimatem v\u00e1m umo\u017en\u00ed odpo\u010dinout si po ka\u017ed\u00e9m n\u00e1ro\u010dn\u00e9m dni<\/strong>. Co v sob\u011b skr\u00fdv\u00e1 tento model?<\/p>\n<p><b><img loading=\"lazy\" decoding=\"async\" class=\"aligncenter size-full wp-image-10037\" src=\"https:\/\/domkysauny.cz\/wp-content\/uploads\/2024\/04\/Basen-48-x-23-m-z-piecem-i-wkladem-polipropylenowym-wizualizacja.png\" alt=\"\" width=\"2800\" height=\"1575\" srcset=\"https:\/\/dev.domkisauny.pl\/wp-content\/uploads\/2024\/04\/Basen-48-x-23-m-z-piecem-i-wkladem-polipropylenowym-wizualizacja.png 2800w, https:\/\/dev.domkisauny.pl\/wp-content\/uploads\/2024\/04\/Basen-48-x-23-m-z-piecem-i-wkladem-polipropylenowym-wizualizacja-300x169.png 300w, https:\/\/dev.domkisauny.pl\/wp-content\/uploads\/2024\/04\/Basen-48-x-23-m-z-piecem-i-wkladem-polipropylenowym-wizualizacja-768x432.png 768w, https:\/\/dev.domkisauny.pl\/wp-content\/uploads\/2024\/04\/Basen-48-x-23-m-z-piecem-i-wkladem-polipropylenowym-wizualizacja-1024x576.png 1024w, https:\/\/dev.domkisauny.pl\/wp-content\/uploads\/2024\/04\/Basen-48-x-23-m-z-piecem-i-wkladem-polipropylenowym-wizualizacja-1536x864.png 1536w, https:\/\/dev.domkisauny.pl\/wp-content\/uploads\/2024\/04\/Basen-48-x-23-m-z-piecem-i-wkladem-polipropylenowym-wizualizacja-2048x1152.png 2048w, https:\/\/dev.domkisauny.pl\/wp-content\/uploads\/2024\/04\/Basen-48-x-23-m-z-piecem-i-wkladem-polipropylenowym-wizualizacja-1000x563.png 1000w\" sizes=\"auto, (max-width: 2800px) 100vw, 2800px\" \/><\/b><\/p>\n<h3><strong>Ud\u011blejte ze sv\u00e9 zahrady odpo\u010dinkovou z\u00f3nu<\/strong><\/h3>\n<p>Chcete zapomenout o stresu, kter\u00e9ho m\u00e1te dost b\u011bhem dne a oddat se p\u0159\u00edtomn\u00e9mu okam\u017eiku? Vyu\u017eijte dobr\u00e9ho po\u010das\u00ed a odpo\u010di\u0148te si v d\u0159ev\u011bn\u00e9m baz\u00e9nu od A&amp;M, d\u00edky kter\u00e9mu prom\u011bn\u00edte svou zahradu ve skute\u010dnou odpo\u010dinkovou z\u00f3nu. <strong>\u00dapln\u00e9 ticho a pohoda ve spojen\u00ed s koupel\u00ed v tepl\u00e9 vod\u011b je osv\u011bd\u010den\u00fdm receptem na chv\u00edle odpo\u010dinku pro t\u011blo i mysl.<\/strong> Pou\u017eit\u00e9 p\u0159\u00edrodn\u00ed d\u0159evo perfektn\u011b dopln\u00ed cel\u00e9 zahradn\u00ed aran\u017em\u00e1.<\/p>\n<h3><strong>Vybaven\u00ed d\u0159ev\u011bn\u00e9ho baz\u00e9nu s kamny a polypropylenovou vlo\u017ekou.<\/strong><\/h3>\n<p>Skute\u010dn\u00e1 kvalita tohoto zahradn\u00edho baz\u00e9nu je zalo\u017eena p\u0159edev\u0161\u00edm na promy\u0161len\u00e9 konstrukci a pou\u017eit\u00ed ur\u010dit\u00fdch \u0159e\u0161en\u00ed. Vd\u011b\u010d\u00edme za to mimo jin\u00e9 pou\u017eit\u00ed:<\/p>\n<ul>\n<li>filtr skimmer,<\/li>\n<li>p\u00edskov\u00e9ho filtru,<\/li>\n<li>LED podsv\u00edcen\u00ed,<\/li>\n<li>peci na d\u0159evo.<\/li>\n<\/ul>\n<p>D\u00edky tomu m\u00e1me naprostou z\u00e1ruku, \u017ee tento d\u0159ev\u011bn\u00fd baz\u00e9n s kamny a polypropylenovou vlo\u017ekou spln\u00ed o\u010dek\u00e1v\u00e1n\u00ed. Nav\u00edc se m\u016f\u017ee pochlubit velk\u00fdm rozm\u011brem, kter\u00fd m\u00e1 z vn\u011bj\u0161\u00ed strany rozm\u011bry 480 cm x 230 cm.<\/p>\n<p><b><img loading=\"lazy\" decoding=\"async\" class=\"aligncenter size-full wp-image-10259\" src=\"https:\/\/domkysauny.cz\/wp-content\/uploads\/2024\/04\/Basen-48-x-23-m-z-piecem-i-wkladem-polipropylenowym-rzuty-1.jpg\" alt=\"\" width=\"2000\" height=\"1600\" srcset=\"https:\/\/dev.domkisauny.pl\/wp-content\/uploads\/2024\/04\/Basen-48-x-23-m-z-piecem-i-wkladem-polipropylenowym-rzuty-1.jpg 2000w, https:\/\/dev.domkisauny.pl\/wp-content\/uploads\/2024\/04\/Basen-48-x-23-m-z-piecem-i-wkladem-polipropylenowym-rzuty-1-300x240.jpg 300w, https:\/\/dev.domkisauny.pl\/wp-content\/uploads\/2024\/04\/Basen-48-x-23-m-z-piecem-i-wkladem-polipropylenowym-rzuty-1-768x614.jpg 768w, https:\/\/dev.domkisauny.pl\/wp-content\/uploads\/2024\/04\/Basen-48-x-23-m-z-piecem-i-wkladem-polipropylenowym-rzuty-1-1024x819.jpg 1024w, https:\/\/dev.domkisauny.pl\/wp-content\/uploads\/2024\/04\/Basen-48-x-23-m-z-piecem-i-wkladem-polipropylenowym-rzuty-1-1536x1229.jpg 1536w, https:\/\/dev.domkisauny.pl\/wp-content\/uploads\/2024\/04\/Basen-48-x-23-m-z-piecem-i-wkladem-polipropylenowym-rzuty-1-1000x800.jpg 1000w, https:\/\/dev.domkisauny.pl\/wp-content\/uploads\/2024\/04\/Basen-48-x-23-m-z-piecem-i-wkladem-polipropylenowym-rzuty-1-1320x1056.jpg 1320w\" sizes=\"auto, (max-width: 2000px) 100vw, 2000px\" \/><\/b><\/p>\n<h3><strong>Zp\u016fsob zpest\u0159en\u00ed ubytovac\u00edch objekt\u016f<\/strong><\/h3>\n<p>Na dovolen\u00e9 si nejv\u00edc p\u0159ejeme kone\u010dn\u011b si odpo\u010dinout. <strong>Pokud provozujete ubytovac\u00ed objekt, vyplat\u00ed se zv\u00e1\u017eit mont\u00e1\u017e baz\u00e9nu.<\/strong> D\u00edky n\u011bmu budou m\u00edt va\u0161i host\u00e9 mo\u017enost relaxovat na \u010derstv\u00e9m vzduchu, za co\u017e v\u00e1m budou jist\u011b vd\u011b\u010dn\u00ed.<\/p>\n<h3><strong>Zajist\u011bte si opravdov\u00fd luxus na dlouh\u00e1 l\u00e9ta<\/strong><\/h3>\n<p>Cel\u00e1 konstrukce baz\u00e9nu se skl\u00e1d\u00e1 z odoln\u00e9 d\u0159ev\u011bn\u00e9 konstrukce. D\u00edky pou\u017eit\u00ed materi\u00e1l\u016f, kter\u00e9 jsou odoln\u00e9 v\u016f\u010di jak\u00e9koli deformaci a vlhkosti, baz\u00e9n nepodl\u00e9h\u00e1 \u017e\u00e1dn\u00e9 deformaci pod vlivem nep\u0159\u00edzniv\u00fdch pov\u011btrnostn\u00edch podm\u00ednek nebo v\u00e1hy vody. <strong>T\u00edmto zp\u016fsobem si udr\u017euje ide\u00e1ln\u00ed stav na dlouh\u00e1 l\u00e9ta.<\/strong><\/p>\n<p>Krom\u011b toho pro pohodln\u00fd relax jsou sou\u010d\u00e1st\u00ed v\u00fdbavy tak\u00e9 d\u0159ev\u011bn\u00e9 sch\u016fdky a kovov\u00fd \u017eeb\u0159\u00edk.<\/p>\n<p>I kdy\u017e je pro n\u00e1s d\u016fle\u017eit\u00e9, zda je baz\u00e9n praktick\u00fd, nezapom\u00edn\u00e1me ani na jeho d\u016fle\u017eitou estetiku. Mimo jin\u00e9 je pro tento \u00fa\u010del st\u0159ed modelu vypln\u011bn na pohled p\u0159\u00edjemnou polypropylenovou vlo\u017ekou.<\/p>\n<h3><strong>Je to \u00fa\u010dinn\u00fd recept na odpo\u010dinek<\/strong><\/h3>\n<p>B\u011bhem l\u00e9ta chod\u00edme do baz\u00e9nu abychom se zchladili. Pokud v\u0161ak up\u0159ednost\u0148ujete ve\u010dern\u00ed relax v pon\u011bkud teplej\u0161\u00ed vod\u011b, nic v\u00e1m nebr\u00e1n\u00ed ve vytvo\u0159en\u00ed t\u011bchto ide\u00e1ln\u00edch podm\u00ednek.<strong>Je to mo\u017en\u00e9, proto\u017ee k d\u0159ev\u011bn\u00e9mu baz\u00e9nu je i kamna na d\u0159evo, kter\u00e1 nav\u00e1d\u00ed p\u0159\u00edrodn\u00ed a \u00fatulnou atmosf\u00e9ru<\/strong>. Takov\u00e1 koupel je skv\u011bl\u00fdm prost\u0159edkem ke zklidn\u011bn\u00ed a regeneraci organismu.<\/p>\n<p>Abyste se nemuseli ni\u010deho ob\u00e1vat, d\u016fle\u017eit\u00e1 je tak\u00e9 bezpe\u010dnost. Pe\u010dujeme o to pomoc\u00ed odoln\u00e9 a pevn\u00e9 konstrukce. Nezapom\u00ednejte tak\u00e9 na to, \u017ee je t\u0159eba p\u0159edt\u00edm p\u0159ipravit podklad pod baz\u00e9n. Ter\u00e9n by m\u011bl b\u00fdt tvrd\u00fd a rovn\u00fd. Pokud bude zahradn\u00ed baz\u00e9n um\u00edst\u011bn na tr\u00e1v\u011b, je dobr\u00e9 plochu nap\u0159\u00edklad oblo\u017eit kostkami, dla\u017ebou nebo i zal\u00edt betonem.<\/p>\n<h4><strong>Inovativn\u00ed technologie v souladu s p\u0159\u00edrodou \u2013 Thermo D\u0159evo<\/strong><\/h4>\n<p>Produkty v na\u0161\u00ed nab\u00eddce jako d\u0159ev\u011bn\u00fd baz\u00e9n THERMO 4,8\u00d72,3 m s polypropylenovou vlo\u017ekou a peckou jsou vyrobeny z p\u0159\u00edrodn\u00edho d\u0159eva Thermo. Je to vynikaj\u00edc\u00ed ochrana proti hromad\u011bn\u00ed vlhkosti, teplotn\u00edm zm\u011bn\u00e1m a z toho vypl\u00fdvaj\u00edc\u00edm deformac\u00edm. Jedn\u00e1 se o speci\u00e1ln\u00ed materi\u00e1l z\u00edskan\u00fd inovativn\u00edm procesem tvrdnut\u00ed borov\u00e9ho d\u0159eva. <strong>D\u00edky tomu materi\u00e1l neabsorbuje vodu, co\u017e blokuje rozvoj pl\u00edsn\u00ed a hub. <\/strong>D\u0159evo nav\u00edc z\u00edsk\u00e1v\u00e1 tak\u00e9 vy\u0161\u0161\u00ed odolnost. To znamen\u00e1, \u017ee se nedeformuje a nehnije.<\/p>\n<p>V\u00fdsledkem je, \u017ee Thermo D\u0159evo je materi\u00e1l, kter\u00fd je ide\u00e1ln\u00ed pro baz\u00e9ny. Takto mohou b\u00fdt na\u0161e produkty, jako je baz\u00e9n THERMO 4,8\u00d72,3 m s polypropylenovou vlo\u017ekou a kamny nejvy\u0161\u0161\u00ed kvality.<\/p>\n","protected":false},"excerpt":{"rendered":"<blockquote><p><strong><b>D\u016eLE\u017dIT\u00c9!<\/b><\/strong><\/p>\n<p>Fotografie produkt\u016f po\u0159izujeme ve \u0161pi\u010dkov\u00e9 kvalit\u011b. Av\u0161ak vzhledem k zp\u016fsobu reprodukce barev monitor\u016f po\u010d\u00edta\u010de se m\u016f\u017ee barva produkt\u016f na obrazovce m\u00edrn\u011b li\u0161it od skute\u010dnosti.<\/p><\/blockquote>\n","protected":false},"featured_media":12318,"template":"","meta":{"_acf_changed":false},"product_brand":[],"product_cat":[118],"product_tag":[525],"class_list":{"0":"post-12295","1":"product","2":"type-product","3":"status-publish","4":"has-post-thumbnail","6":"product_cat-bazen","7":"product_tag-bazeny-s-kamny","8":"product_shipping_class-wysylka-grupa2","10":"first","11":"instock","12":"shipping-taxable","13":"purchasable","14":"product-type-variable"},"acf":[],"yoast_head":"<!-- This site is optimized with the Yoast SEO plugin v27.4 - https:\/\/yoast.com\/product\/yoast-seo-wordpress\/ -->\n<title>D\u0159ev\u011bn\u00fd baz\u00e9n 4,8 x 2,3 m THERMO s kamny a polypropylenovou vlo\u017ekou | Chaty, sauny<\/title>\n<meta name=\"robots\" content=\"noindex, follow, max-snippet:-1, max-image-preview:large, max-video-preview:-1\" \/>\n<meta property=\"og:locale\" content=\"cs_CZ\" \/>\n<meta property=\"og:type\" content=\"article\" \/>\n<meta property=\"og:title\" content=\"D\u0159ev\u011bn\u00fd baz\u00e9n 4,8 x 2,3 m THERMO s kamny a polypropylenovou vlo\u017ekou | Chaty, sauny\" \/>\n<meta property=\"og:description\" content=\"D\u016eLE\u017dIT\u00c9!  Fotografie produkt\u016f po\u0159izujeme ve \u0161pi\u010dkov\u00e9 kvalit\u011b. Av\u0161ak vzhledem k zp\u016fsobu reprodukce barev monitor\u016f po\u010d\u00edta\u010de se m\u016f\u017ee barva produkt\u016f na obrazovce m\u00edrn\u011b li\u0161it od skute\u010dnosti.\" \/>\n<meta property=\"og:url\" content=\"https:\/\/dev.domkisauny.pl\/cs\/produkt\/dreveny-bazen-48-x-23-m-thermo-s-kamny-a-polypropylenovou-vlozkou\/\" \/>\n<meta property=\"og:site_name\" content=\"Chaty, sauny\" \/>\n<meta property=\"article:publisher\" content=\"https:\/\/www.facebook.com\/DomkiSauny\" \/>\n<meta property=\"article:modified_time\" content=\"2025-06-03T13:48:59+00:00\" \/>\n<meta property=\"og:image\" content=\"https:\/\/dev.domkisauny.pl\/wp-content\/uploads\/2024\/06\/Basen-48-x-23-m-z-piecem-i-wkladem-5-Thermo-wizualizacja-scaled.jpg\" \/>\n\t<meta property=\"og:image:width\" content=\"2560\" \/>\n\t<meta property=\"og:image:height\" content=\"1440\" \/>\n\t<meta property=\"og:image:type\" content=\"image\/jpeg\" \/>\n<meta name=\"twitter:card\" content=\"summary_large_image\" \/>\n<meta name=\"twitter:label1\" content=\"Odhadovan\u00e1 doba \u010dten\u00ed\" \/>\n\t<meta name=\"twitter:data1\" content=\"5 minut\" \/>\n<script type=\"application\/ld+json\" class=\"yoast-schema-graph\">{\"@context\":\"https:\\\/\\\/schema.org\",\"@graph\":[{\"@type\":\"WebPage\",\"@id\":\"https:\\\/\\\/dev.domkisauny.pl\\\/cs\\\/produkt\\\/dreveny-bazen-48-x-23-m-thermo-s-kamny-a-polypropylenovou-vlozkou\\\/\",\"url\":\"https:\\\/\\\/dev.domkisauny.pl\\\/cs\\\/produkt\\\/dreveny-bazen-48-x-23-m-thermo-s-kamny-a-polypropylenovou-vlozkou\\\/\",\"name\":\"D\u0159ev\u011bn\u00fd baz\u00e9n 4,8 x 2,3 m THERMO s kamny a polypropylenovou vlo\u017ekou | Chaty, sauny\",\"isPartOf\":{\"@id\":\"https:\\\/\\\/dev.domkisauny.pl\\\/cs\\\/#website\"},\"primaryImageOfPage\":{\"@id\":\"https:\\\/\\\/dev.domkisauny.pl\\\/cs\\\/produkt\\\/dreveny-bazen-48-x-23-m-thermo-s-kamny-a-polypropylenovou-vlozkou\\\/#primaryimage\"},\"image\":{\"@id\":\"https:\\\/\\\/dev.domkisauny.pl\\\/cs\\\/produkt\\\/dreveny-bazen-48-x-23-m-thermo-s-kamny-a-polypropylenovou-vlozkou\\\/#primaryimage\"},\"thumbnailUrl\":\"https:\\\/\\\/dev.domkisauny.pl\\\/wp-content\\\/uploads\\\/2024\\\/06\\\/Basen-48-x-23-m-z-piecem-i-wkladem-5-Thermo-wizualizacja-scaled.jpg\",\"datePublished\":\"2024-06-07T08:13:46+00:00\",\"dateModified\":\"2025-06-03T13:48:59+00:00\",\"breadcrumb\":{\"@id\":\"https:\\\/\\\/dev.domkisauny.pl\\\/cs\\\/produkt\\\/dreveny-bazen-48-x-23-m-thermo-s-kamny-a-polypropylenovou-vlozkou\\\/#breadcrumb\"},\"inLanguage\":\"cs\",\"potentialAction\":[{\"@type\":\"ReadAction\",\"target\":[\"https:\\\/\\\/dev.domkisauny.pl\\\/cs\\\/produkt\\\/dreveny-bazen-48-x-23-m-thermo-s-kamny-a-polypropylenovou-vlozkou\\\/\"]}]},{\"@type\":\"ImageObject\",\"inLanguage\":\"cs\",\"@id\":\"https:\\\/\\\/dev.domkisauny.pl\\\/cs\\\/produkt\\\/dreveny-bazen-48-x-23-m-thermo-s-kamny-a-polypropylenovou-vlozkou\\\/#primaryimage\",\"url\":\"https:\\\/\\\/dev.domkisauny.pl\\\/wp-content\\\/uploads\\\/2024\\\/06\\\/Basen-48-x-23-m-z-piecem-i-wkladem-5-Thermo-wizualizacja-scaled.jpg\",\"contentUrl\":\"https:\\\/\\\/dev.domkisauny.pl\\\/wp-content\\\/uploads\\\/2024\\\/06\\\/Basen-48-x-23-m-z-piecem-i-wkladem-5-Thermo-wizualizacja-scaled.jpg\",\"width\":2560,\"height\":1440,\"caption\":\"Wizualizacja basenu o wymiarach 4.8 x 2.3 m z piecem i wk\u0142adem, model Thermo, widok z perspektywy.\"},{\"@type\":\"BreadcrumbList\",\"@id\":\"https:\\\/\\\/dev.domkisauny.pl\\\/cs\\\/produkt\\\/dreveny-bazen-48-x-23-m-thermo-s-kamny-a-polypropylenovou-vlozkou\\\/#breadcrumb\",\"itemListElement\":[{\"@type\":\"ListItem\",\"position\":1,\"name\":\"A&amp;M\",\"item\":\"https:\\\/\\\/dev.domkisauny.pl\\\/cs\\\/\"},{\"@type\":\"ListItem\",\"position\":2,\"name\":\"Produkty\",\"item\":\"https:\\\/\\\/dev.domkisauny.pl\\\/produkty\\\/\"},{\"@type\":\"ListItem\",\"position\":3,\"name\":\"Baz\u00e9ny\",\"item\":\"https:\\\/\\\/dev.domkisauny.pl\\\/cs\\\/kategorie-produktu\\\/bazen\\\/\"},{\"@type\":\"ListItem\",\"position\":4,\"name\":\"D\u0159ev\u011bn\u00fd baz\u00e9n 4,8 x 2,3 m THERMO s kamny a polypropylenovou vlo\u017ekou\"}]},{\"@type\":\"WebSite\",\"@id\":\"https:\\\/\\\/dev.domkisauny.pl\\\/cs\\\/#website\",\"url\":\"https:\\\/\\\/dev.domkisauny.pl\\\/cs\\\/\",\"name\":\"Chaty, sauny\",\"description\":\"\",\"publisher\":{\"@id\":\"https:\\\/\\\/dev.domkisauny.pl\\\/cs\\\/#organization\"},\"potentialAction\":[{\"@type\":\"SearchAction\",\"target\":{\"@type\":\"EntryPoint\",\"urlTemplate\":\"https:\\\/\\\/dev.domkisauny.pl\\\/cs\\\/?s={search_term_string}\"},\"query-input\":{\"@type\":\"PropertyValueSpecification\",\"valueRequired\":true,\"valueName\":\"search_term_string\"}}],\"inLanguage\":\"cs\"},{\"@type\":\"Organization\",\"@id\":\"https:\\\/\\\/dev.domkisauny.pl\\\/cs\\\/#organization\",\"name\":\"Chaty, sauny\",\"url\":\"https:\\\/\\\/dev.domkisauny.pl\\\/cs\\\/\",\"logo\":{\"@type\":\"ImageObject\",\"inLanguage\":\"cs\",\"@id\":\"https:\\\/\\\/dev.domkisauny.pl\\\/cs\\\/#\\\/schema\\\/logo\\\/image\\\/\",\"url\":\"https:\\\/\\\/domkisauny.pl\\\/wp-content\\\/uploads\\\/2022\\\/09\\\/logo_03.png\",\"contentUrl\":\"https:\\\/\\\/domkisauny.pl\\\/wp-content\\\/uploads\\\/2022\\\/09\\\/logo_03.png\",\"width\":95,\"height\":81,\"caption\":\"Chaty, sauny\"},\"image\":{\"@id\":\"https:\\\/\\\/dev.domkisauny.pl\\\/cs\\\/#\\\/schema\\\/logo\\\/image\\\/\"},\"sameAs\":[\"https:\\\/\\\/www.facebook.com\\\/DomkiSauny\"]}]}<\/script>\n<!-- \/ Yoast SEO plugin. -->","yoast_head_json":{"title":"D\u0159ev\u011bn\u00fd baz\u00e9n 4,8 x 2,3 m THERMO s kamny a polypropylenovou vlo\u017ekou | Chaty, sauny","robots":{"index":"noindex","follow":"follow","max-snippet":"max-snippet:-1","max-image-preview":"max-image-preview:large","max-video-preview":"max-video-preview:-1"},"og_locale":"cs_CZ","og_type":"article","og_title":"D\u0159ev\u011bn\u00fd baz\u00e9n 4,8 x 2,3 m THERMO s kamny a polypropylenovou vlo\u017ekou | Chaty, sauny","og_description":"D\u016eLE\u017dIT\u00c9!  Fotografie produkt\u016f po\u0159izujeme ve \u0161pi\u010dkov\u00e9 kvalit\u011b. Av\u0161ak vzhledem k zp\u016fsobu reprodukce barev monitor\u016f po\u010d\u00edta\u010de se m\u016f\u017ee barva produkt\u016f na obrazovce m\u00edrn\u011b li\u0161it od skute\u010dnosti.","og_url":"https:\/\/dev.domkisauny.pl\/cs\/produkt\/dreveny-bazen-48-x-23-m-thermo-s-kamny-a-polypropylenovou-vlozkou\/","og_site_name":"Chaty, sauny","article_publisher":"https:\/\/www.facebook.com\/DomkiSauny","article_modified_time":"2025-06-03T13:48:59+00:00","og_image":[{"width":2560,"height":1440,"url":"https:\/\/dev.domkisauny.pl\/wp-content\/uploads\/2024\/06\/Basen-48-x-23-m-z-piecem-i-wkladem-5-Thermo-wizualizacja-scaled.jpg","type":"image\/jpeg"}],"twitter_card":"summary_large_image","twitter_misc":{"Odhadovan\u00e1 doba \u010dten\u00ed":"5 minut"},"schema":{"@context":"https:\/\/schema.org","@graph":[{"@type":"WebPage","@id":"https:\/\/dev.domkisauny.pl\/cs\/produkt\/dreveny-bazen-48-x-23-m-thermo-s-kamny-a-polypropylenovou-vlozkou\/","url":"https:\/\/dev.domkisauny.pl\/cs\/produkt\/dreveny-bazen-48-x-23-m-thermo-s-kamny-a-polypropylenovou-vlozkou\/","name":"D\u0159ev\u011bn\u00fd baz\u00e9n 4,8 x 2,3 m THERMO s kamny a polypropylenovou vlo\u017ekou | Chaty, sauny","isPartOf":{"@id":"https:\/\/dev.domkisauny.pl\/cs\/#website"},"primaryImageOfPage":{"@id":"https:\/\/dev.domkisauny.pl\/cs\/produkt\/dreveny-bazen-48-x-23-m-thermo-s-kamny-a-polypropylenovou-vlozkou\/#primaryimage"},"image":{"@id":"https:\/\/dev.domkisauny.pl\/cs\/produkt\/dreveny-bazen-48-x-23-m-thermo-s-kamny-a-polypropylenovou-vlozkou\/#primaryimage"},"thumbnailUrl":"https:\/\/dev.domkisauny.pl\/wp-content\/uploads\/2024\/06\/Basen-48-x-23-m-z-piecem-i-wkladem-5-Thermo-wizualizacja-scaled.jpg","datePublished":"2024-06-07T08:13:46+00:00","dateModified":"2025-06-03T13:48:59+00:00","breadcrumb":{"@id":"https:\/\/dev.domkisauny.pl\/cs\/produkt\/dreveny-bazen-48-x-23-m-thermo-s-kamny-a-polypropylenovou-vlozkou\/#breadcrumb"},"inLanguage":"cs","potentialAction":[{"@type":"ReadAction","target":["https:\/\/dev.domkisauny.pl\/cs\/produkt\/dreveny-bazen-48-x-23-m-thermo-s-kamny-a-polypropylenovou-vlozkou\/"]}]},{"@type":"ImageObject","inLanguage":"cs","@id":"https:\/\/dev.domkisauny.pl\/cs\/produkt\/dreveny-bazen-48-x-23-m-thermo-s-kamny-a-polypropylenovou-vlozkou\/#primaryimage","url":"https:\/\/dev.domkisauny.pl\/wp-content\/uploads\/2024\/06\/Basen-48-x-23-m-z-piecem-i-wkladem-5-Thermo-wizualizacja-scaled.jpg","contentUrl":"https:\/\/dev.domkisauny.pl\/wp-content\/uploads\/2024\/06\/Basen-48-x-23-m-z-piecem-i-wkladem-5-Thermo-wizualizacja-scaled.jpg","width":2560,"height":1440,"caption":"Wizualizacja basenu o wymiarach 4.8 x 2.3 m z piecem i wk\u0142adem, model Thermo, widok z perspektywy."},{"@type":"BreadcrumbList","@id":"https:\/\/dev.domkisauny.pl\/cs\/produkt\/dreveny-bazen-48-x-23-m-thermo-s-kamny-a-polypropylenovou-vlozkou\/#breadcrumb","itemListElement":[{"@type":"ListItem","position":1,"name":"A&amp;M","item":"https:\/\/dev.domkisauny.pl\/cs\/"},{"@type":"ListItem","position":2,"name":"Produkty","item":"https:\/\/dev.domkisauny.pl\/produkty\/"},{"@type":"ListItem","position":3,"name":"Baz\u00e9ny","item":"https:\/\/dev.domkisauny.pl\/cs\/kategorie-produktu\/bazen\/"},{"@type":"ListItem","position":4,"name":"D\u0159ev\u011bn\u00fd baz\u00e9n 4,8 x 2,3 m THERMO s kamny a polypropylenovou vlo\u017ekou"}]},{"@type":"WebSite","@id":"https:\/\/dev.domkisauny.pl\/cs\/#website","url":"https:\/\/dev.domkisauny.pl\/cs\/","name":"Chaty, sauny","description":"","publisher":{"@id":"https:\/\/dev.domkisauny.pl\/cs\/#organization"},"potentialAction":[{"@type":"SearchAction","target":{"@type":"EntryPoint","urlTemplate":"https:\/\/dev.domkisauny.pl\/cs\/?s={search_term_string}"},"query-input":{"@type":"PropertyValueSpecification","valueRequired":true,"valueName":"search_term_string"}}],"inLanguage":"cs"},{"@type":"Organization","@id":"https:\/\/dev.domkisauny.pl\/cs\/#organization","name":"Chaty, sauny","url":"https:\/\/dev.domkisauny.pl\/cs\/","logo":{"@type":"ImageObject","inLanguage":"cs","@id":"https:\/\/dev.domkisauny.pl\/cs\/#\/schema\/logo\/image\/","url":"https:\/\/domkisauny.pl\/wp-content\/uploads\/2022\/09\/logo_03.png","contentUrl":"https:\/\/domkisauny.pl\/wp-content\/uploads\/2022\/09\/logo_03.png","width":95,"height":81,"caption":"Chaty, sauny"},"image":{"@id":"https:\/\/dev.domkisauny.pl\/cs\/#\/schema\/logo\/image\/"},"sameAs":["https:\/\/www.facebook.com\/DomkiSauny"]}]}},"_links":{"self":[{"href":"https:\/\/dev.domkisauny.pl\/cs\/wp-json\/wp\/v2\/product\/12295","targetHints":{"allow":["GET"]}}],"collection":[{"href":"https:\/\/dev.domkisauny.pl\/cs\/wp-json\/wp\/v2\/product"}],"about":[{"href":"https:\/\/dev.domkisauny.pl\/cs\/wp-json\/wp\/v2\/types\/product"}],"wp:featuredmedia":[{"embeddable":true,"href":"https:\/\/dev.domkisauny.pl\/cs\/wp-json\/wp\/v2\/media\/12318"}],"wp:attachment":[{"href":"https:\/\/dev.domkisauny.pl\/cs\/wp-json\/wp\/v2\/media?parent=12295"}],"wp:term":[{"taxonomy":"product_brand","embeddable":true,"href":"https:\/\/dev.domkisauny.pl\/cs\/wp-json\/wp\/v2\/product_brand?post=12295"},{"taxonomy":"product_cat","embeddable":true,"href":"https:\/\/dev.domkisauny.pl\/cs\/wp-json\/wp\/v2\/product_cat?post=12295"},{"taxonomy":"product_tag","embeddable":true,"href":"https:\/\/dev.domkisauny.pl\/cs\/wp-json\/wp\/v2\/product_tag?post=12295"}],"curies":[{"name":"wp","href":"https:\/\/api.w.org\/{rel}","templated":true}]}}