{"id":12019,"date":"2024-06-05T12:50:09","date_gmt":"2024-06-05T10:50:09","guid":{"rendered":"https:\/\/domkisauny.pl\/?post_type=product&#038;p=12019"},"modified":"2025-08-12T10:32:18","modified_gmt":"2025-08-12T08:32:18","slug":"dreveny-bazen-580-x-240-cm-s-polypropylenovym-vlozkou-termo-drevo","status":"publish","type":"product","link":"https:\/\/dev.domkisauny.pl\/cs\/produkt\/dreveny-bazen-580-x-240-cm-s-polypropylenovym-vlozkou-termo-drevo\/","title":{"rendered":"D\u0159ev\u011bn\u00fd baz\u00e9n 580 x 240 cm s polypropylenov\u00fdm vlo\u017ekou (Termo d\u0159evo)"},"content":{"rendered":"<h3>Specifikace baz\u00e9nu<\/h3>\n<h4>Z\u00e1kladn\u00ed vybaven\u00ed:<\/h4>\n<ul>\n<li><strong>Vlo\u017eka z 6mm<\/strong> polypropylenov\u00e9 desky<\/li>\n<li>D\u0159ev\u011bn\u00e9 <strong>schody<\/strong><\/li>\n<li>Nerezov\u00fd <strong>\u017eeb\u0159\u00edk<\/strong><\/li>\n<li><strong>P\u00edskov\u00fd filtr<\/strong> s \u010derpadlem<\/li>\n<li><strong>N\u00e1pl\u0148<\/strong> do p\u00edskov\u00e9ho filtru<\/li>\n<li>Svisl\u00e9 v\u00fdztu\u017en\u00e9 sloupy<\/li>\n<li>Kovov\u00fd p\u0159\u00ed\u010dn\u00fd profil<\/li>\n<\/ul>\n<h4>Technick\u00e9 \u00fadaje:<\/h4>\n<ul>\n<li>Vn\u011bj\u0161\u00ed \u0161\u00ed\u0159ka: <strong>240 cm<\/strong><\/li>\n<li>Vnit\u0159n\u00ed \u0161\u00ed\u0159ka: <strong>190 cm<\/strong><\/li>\n<li>Vn\u011bj\u0161\u00ed d\u00e9lka: <strong>580 cm<\/strong><\/li>\n<li>Vnit\u0159n\u00ed d\u00e9lka: <strong>462 cm<\/strong><\/li>\n<li>Vn\u011bj\u0161\u00ed v\u00fd\u0161ka: <strong>112 cm<\/strong><\/li>\n<li>Hloubka baz\u00e9nu: <strong>100 cm<\/strong><\/li>\n<li>Objem: cca <strong>8,740L<\/strong><\/li>\n<li>Oblo\u017een\u00ed: 44mm Thermo d\u0159evo<\/li>\n<li>Hmotnost: cca <strong>1,100kg<\/strong><\/li>\n<\/ul>\n<p>K <strong>d\u00e9lce baz\u00e9nu<\/strong> je t\u0159eba p\u0159ipo\u010d\u00edtat tak\u00e9 <strong>integrovanou sk\u0159\u00ed\u0148 na vybaven\u00ed<\/strong> o d\u00e9lce <strong>70 cm!<\/strong><\/p>\n<p><strong><b>Slu\u017eba dod\u00e1n\u00ed nezahrnuje vykl\u00e1dku a um\u00edst\u011bn\u00ed v\u00fdrobku u z\u00e1kazn\u00edka<\/b><\/strong>.<\/p>\n<p><img loading=\"lazy\" decoding=\"async\" class=\"aligncenter size-full wp-image-20943\" src=\"https:\/\/domkysauny.cz\/wp-content\/uploads\/2024\/06\/basen-580-thermo-main.webp\" alt=\"\" width=\"2000\" height=\"1600\" srcset=\"https:\/\/dev.domkisauny.pl\/wp-content\/uploads\/2024\/06\/basen-580-thermo-main.webp 2000w, https:\/\/dev.domkisauny.pl\/wp-content\/uploads\/2024\/06\/basen-580-thermo-main-300x240.webp 300w, https:\/\/dev.domkisauny.pl\/wp-content\/uploads\/2024\/06\/basen-580-thermo-main-1024x819.webp 1024w, https:\/\/dev.domkisauny.pl\/wp-content\/uploads\/2024\/06\/basen-580-thermo-main-768x614.webp 768w, https:\/\/dev.domkisauny.pl\/wp-content\/uploads\/2024\/06\/basen-580-thermo-main-1536x1229.webp 1536w, https:\/\/dev.domkisauny.pl\/wp-content\/uploads\/2024\/06\/basen-580-thermo-main-1000x800.webp 1000w\" sizes=\"auto, (max-width: 2000px) 100vw, 2000px\" \/><\/p>\n<p>Prostorn\u00fd <strong><b>baz\u00e9n<\/b><\/strong>\u00a0o rozm\u011brech <strong><b>580 x 240 cm<\/b><\/strong>\u00a0a objemu <strong><b>10 000 litr\u016f<\/b><\/strong>\u00a0je dobr\u00fdm n\u00e1padem pro \u00fapravu zahrady, terasy a jedine\u010dnou atrakc\u00ed pro hosty <strong><b>ubytovac\u00edch za\u0159\u00edzen\u00ed<\/b><\/strong>.<\/p>\n<p>Luxusn\u00ed <strong><b>baz\u00e9n<\/b><\/strong>\u00a0<strong><b>od<\/b><\/strong>\u00a0<strong><b>A&amp;M<\/b><\/strong>\u00a0je v\u00fdrobek navr\u017een\u00fd ve <strong><b>skandin\u00e1vsk\u00e9m<\/b><\/strong>\u00a0<strong><b>stylu<\/b><\/strong>, ru\u010dn\u011b vyroben\u00fd z <strong><b>masivn\u00edho<\/b><\/strong>\u00a0<strong><b>smrkov\u00e9ho d\u0159eva.<\/b><\/strong>\u00a0Vnit\u0159ek baz\u00e9nu obsahuje odolnou a estetickou <strong><b>vlo\u017eku<\/b><\/strong>\u00a0<strong><b>z polypropylenov\u00fdch vl\u00e1ken<\/b><\/strong>. Opl\u00e1\u0161t\u011bn\u00ed se skl\u00e1d\u00e1 z prken o tlou\u0161\u0165ce <strong><b>44<\/b><\/strong>\u00a0<strong><b>mm<\/b><\/strong>. D\u0159evo pou\u017eit\u00e9 p\u0159i v\u00fdrob\u011b bylo komorov\u011b su\u0161eno. Sada baz\u00e9nu obsahuje <strong><b>sch\u016fdky<\/b><\/strong>, <strong><b>\u017eeb\u0159\u00edk<\/b><\/strong>\u00a0a \u00fa\u010dinn\u00fd <strong><b>p\u00edskov\u00fd<\/b><\/strong>\u00a0<strong><b>filtr<\/b><\/strong>.<\/p>\n<p>D\u0159ev\u011bn\u00e9 opl\u00e1\u0161t\u011bn\u00ed mus\u00edte sami naimpregnovat speci\u00e1ln\u00edm lakem. Mo\u017enost instalace <strong><b>oh\u0159\u00edva\u010de<\/b><\/strong>, <strong><b>tepeln\u00e9ho \u010derpadla<\/b><\/strong>\u00a0nebo <strong><b>venkovn\u00ed<\/b><\/strong>\u00a0<strong><b>pece<\/b><\/strong>\u00a0na d\u0159evo. Voliteln\u011b: <strong><b>LED<\/b><\/strong>\u00a0osv\u011btlen\u00ed, <strong><b>kryt<\/b><\/strong>, <strong><b>Thermo<\/b><\/strong>\u00a0<strong><b>d\u0159evo<\/b><\/strong>, <strong><b>skimmer<\/b><\/strong>, <strong><b>protiproud<\/b><\/strong>\u00a0a <strong><b>solin\u00e1tor<\/b><\/strong>. Dod\u00e1vka zahrnuje ji\u017e sestaven\u00fd v\u00fdrobek \u2013 k v\u00e1m dom\u016f, na pozemek nebo do firmy.<\/p>\n<p><img loading=\"lazy\" decoding=\"async\" class=\"aligncenter size-full wp-image-20947\" src=\"https:\/\/domkysauny.cz\/wp-content\/uploads\/2024\/06\/basen-580-thermo-second-vis.webp\" alt=\"\" width=\"2000\" height=\"1600\" srcset=\"https:\/\/dev.domkisauny.pl\/wp-content\/uploads\/2024\/06\/basen-580-thermo-second-vis.webp 2000w, https:\/\/dev.domkisauny.pl\/wp-content\/uploads\/2024\/06\/basen-580-thermo-second-vis-300x240.webp 300w, https:\/\/dev.domkisauny.pl\/wp-content\/uploads\/2024\/06\/basen-580-thermo-second-vis-1024x819.webp 1024w, https:\/\/dev.domkisauny.pl\/wp-content\/uploads\/2024\/06\/basen-580-thermo-second-vis-768x614.webp 768w, https:\/\/dev.domkisauny.pl\/wp-content\/uploads\/2024\/06\/basen-580-thermo-second-vis-1536x1229.webp 1536w, https:\/\/dev.domkisauny.pl\/wp-content\/uploads\/2024\/06\/basen-580-thermo-second-vis-1000x800.webp 1000w\" sizes=\"auto, (max-width: 2000px) 100vw, 2000px\" \/><\/p>\n<h2><strong>Baz\u00e9n THERMO 580\u00d7240 cm s polypropylenovou vlo\u017ekou<\/strong><\/h2>\n<p><strong><b><img loading=\"lazy\" decoding=\"async\" class=\"alignright size-full wp-image-3907\" src=\"https:\/\/domkysauny.cz\/wp-content\/uploads\/2022\/10\/wlokno.png\" alt=\"\" width=\"300\" height=\"300\" srcset=\"https:\/\/dev.domkisauny.pl\/wp-content\/uploads\/2022\/10\/wlokno.png 300w, https:\/\/dev.domkisauny.pl\/wp-content\/uploads\/2022\/10\/wlokno-150x150.png 150w\" sizes=\"auto, (max-width: 300px) 100vw, 300px\" \/><\/b><\/strong><\/p>\n<h3><strong>O\u00e1za klidu ve va\u0161\u00ed zahrad\u011b<\/strong><\/h3>\n<p>Letn\u00ed odpo\u010dinek bez baz\u00e9nu? Dop\u0159ejte si chv\u00edli relaxace ve va\u0161ich obl\u00edben\u00fdch podm\u00ednk\u00e1ch. Ve\u010dern\u00ed koup\u00e1n\u00ed je dokonal\u00fdm odpo\u010dinkem od ka\u017edodenn\u00edch povinnost\u00ed a umo\u017en\u00ed v\u00e1m odpoutat se od rutiny. <strong>Baz\u00e9n je ide\u00e1ln\u00ed k relaxaci o samot\u011b nebo k tr\u00e1ven\u00ed \u010dasu s rodinou.<\/strong> Co je\u0161t\u011b nab\u00edz\u00ed THERMO baz\u00e9n 580\u00d7240 cm s polypropylenovou vlo\u017ekou?<\/p>\n<h3><strong>\u0158e\u0161en\u00ed na nejvy\u0161\u0161\u00ed \u00farovni<\/strong><\/h3>\n<p>Konstrukce na\u0161ich d\u0159ev\u011bn\u00fdch baz\u00e9n\u016f je navr\u017eena tak, aby vydr\u017eela l\u00e9ta pou\u017e\u00edv\u00e1n\u00ed. D\u00edky pou\u017eit\u00ed 44 mm desek z borovice Thermo, kter\u00e9 pro\u0161ly procesem su\u0161en\u00ed v komo\u0159e, <strong>jsou mimo\u0159\u00e1dn\u011b odoln\u00e9 v\u016f\u010di m\u011bn\u00edc\u00edm se pov\u011btrnostn\u00edm podm\u00ednk\u00e1m.<\/strong> Kompaktn\u00ed velikost baz\u00e9nu 580\u00d7240 cm umo\u017e\u0148uje pojmout 10 000 litr\u016f vody, d\u00edky \u010demu\u017e je ide\u00e1ln\u00ed pro v\u00edce osob.<\/p>\n<p>Zes\u00edlen\u00e1 konstrukce baz\u00e9nu zaji\u0161\u0165uje jeho \u017eivotnost a odolnost proti po\u0161kozen\u00ed.<\/p>\n<p>Pro zaji\u0161t\u011bn\u00ed ide\u00e1ln\u00edch podm\u00ednek ke koup\u00e1n\u00ed lze baz\u00e9n vybavit kamny na d\u0159evo nebo tepeln\u00fdm \u010derpadlem o v\u00fdkonu 4 kW. To v\u00e1m umo\u017en\u00ed nastavit teplotu vody podle va\u0161ich osobn\u00edch preferenc\u00ed.<\/p>\n<h3><strong>Odpo\u010dinek podle v\u00e1s<\/strong><\/h3>\n<p>Design tohoto zahradn\u00edho baz\u00e9nu odkazuje na skandin\u00e1vskou estetiku. Minimalismus a pou\u017eit\u00ed p\u0159\u00edrodn\u00edho d\u0159eva vytv\u00e1\u0159ej\u00ed p\u0159\u00edjemn\u00e9 prost\u0159ed\u00ed, kter\u00e9 umo\u017e\u0148uje dos\u00e1hnout maxim\u00e1ln\u00edho komfortu. <strong>Investice do baz\u00e9nu je nejen z\u00e1rukou odpo\u010dinku v p\u0159\u00edrod\u011b, ale tak\u00e9 stylov\u00fdm dekorativn\u00edm prvkem ve va\u0161\u00ed zahrad\u011b.<\/strong><\/p>\n<p>Pokud provozujete ubytovac\u00ed za\u0159\u00edzen\u00ed, koupali\u0161t\u011b jist\u011b zv\u00fd\u0161\u00ed jeho atraktivitu. P\u0159i hled\u00e1n\u00ed m\u00edsta na dovolenou si host\u00e9 nej\u010dast\u011bji pot\u0159ebuj\u00ed odpo\u010dinout. Tato mo\u017enost relaxu jist\u011b spln\u00ed jejich o\u010dek\u00e1v\u00e1n\u00ed.<\/p>\n<p><img loading=\"lazy\" decoding=\"async\" class=\"aligncenter size-full wp-image-20952\" src=\"https:\/\/en.domkisauny.pl\/wp-content\/uploads\/2024\/06\/basen-580-thermo-rzut.webp\" alt=\"\" width=\"2000\" height=\"1600\" srcset=\"https:\/\/dev.domkisauny.pl\/wp-content\/uploads\/2024\/06\/basen-580-thermo-rzut.webp 2000w, https:\/\/dev.domkisauny.pl\/wp-content\/uploads\/2024\/06\/basen-580-thermo-rzut-300x240.webp 300w, https:\/\/dev.domkisauny.pl\/wp-content\/uploads\/2024\/06\/basen-580-thermo-rzut-1024x819.webp 1024w, https:\/\/dev.domkisauny.pl\/wp-content\/uploads\/2024\/06\/basen-580-thermo-rzut-768x614.webp 768w, https:\/\/dev.domkisauny.pl\/wp-content\/uploads\/2024\/06\/basen-580-thermo-rzut-1536x1229.webp 1536w, https:\/\/dev.domkisauny.pl\/wp-content\/uploads\/2024\/06\/basen-580-thermo-rzut-1000x800.webp 1000w\" sizes=\"auto, (max-width: 2000px) 100vw, 2000px\" \/><\/p>\n<p><img loading=\"lazy\" decoding=\"async\" class=\"aligncenter size-full wp-image-20956\" src=\"https:\/\/en.domkisauny.pl\/wp-content\/uploads\/2024\/06\/basen-580-thermo-rzut2.webp\" alt=\"\" width=\"2000\" height=\"1600\" srcset=\"https:\/\/dev.domkisauny.pl\/wp-content\/uploads\/2024\/06\/basen-580-thermo-rzut2.webp 2000w, https:\/\/dev.domkisauny.pl\/wp-content\/uploads\/2024\/06\/basen-580-thermo-rzut2-300x240.webp 300w, https:\/\/dev.domkisauny.pl\/wp-content\/uploads\/2024\/06\/basen-580-thermo-rzut2-1024x819.webp 1024w, https:\/\/dev.domkisauny.pl\/wp-content\/uploads\/2024\/06\/basen-580-thermo-rzut2-768x614.webp 768w, https:\/\/dev.domkisauny.pl\/wp-content\/uploads\/2024\/06\/basen-580-thermo-rzut2-1536x1229.webp 1536w, https:\/\/dev.domkisauny.pl\/wp-content\/uploads\/2024\/06\/basen-580-thermo-rzut2-1000x800.webp 1000w\" sizes=\"auto, (max-width: 2000px) 100vw, 2000px\" \/><\/p>\n<p>&nbsp;<\/p>\n<h3><strong>Recept na relax bez starost\u00ed<\/strong><\/h3>\n<p>Pro zaji\u0161t\u011bn\u00ed bezpe\u010dn\u00e9ho relaxu je t\u0159eba p\u0159ed instalac\u00ed baz\u00e9nu \u0159\u00e1dn\u011b p\u0159ipravit podklad. <strong>M\u011bl by b\u00fdt stabiln\u00ed a rovnom\u011brn\u00fd.<\/strong> Pro zaji\u0161t\u011bn\u00ed dokonal\u00e9ho efektu je m\u016f\u017eete oblo\u017eit kostkami, dla\u017edicemi nebo zal\u00edt betonem. Dobr\u00e9 je um\u00edstit jej i na terasu. Mus\u00ed v\u0161ak b\u00fdt dostate\u010dn\u011b pevn\u00fd.<\/p>\n<p><img loading=\"lazy\" decoding=\"async\" class=\"aligncenter size-full wp-image-20960\" src=\"https:\/\/en.domkisauny.pl\/wp-content\/uploads\/2024\/06\/basen-580-thermo-rys.webp\" alt=\"\" width=\"2000\" height=\"1600\" srcset=\"https:\/\/dev.domkisauny.pl\/wp-content\/uploads\/2024\/06\/basen-580-thermo-rys.webp 2000w, https:\/\/dev.domkisauny.pl\/wp-content\/uploads\/2024\/06\/basen-580-thermo-rys-300x240.webp 300w, https:\/\/dev.domkisauny.pl\/wp-content\/uploads\/2024\/06\/basen-580-thermo-rys-1024x819.webp 1024w, https:\/\/dev.domkisauny.pl\/wp-content\/uploads\/2024\/06\/basen-580-thermo-rys-768x614.webp 768w, https:\/\/dev.domkisauny.pl\/wp-content\/uploads\/2024\/06\/basen-580-thermo-rys-1536x1229.webp 1536w, https:\/\/dev.domkisauny.pl\/wp-content\/uploads\/2024\/06\/basen-580-thermo-rys-1000x800.webp 1000w\" sizes=\"auto, (max-width: 2000px) 100vw, 2000px\" \/><\/p>\n<p>&nbsp;<\/p>\n<p>&nbsp;<\/p>\n<h3><strong>Inovativn\u00ed technologie v souladu s p\u0159\u00edrodou \u2013 Thermo D\u0159evo<\/strong><\/h3>\n<p>Technologie Thermo D\u0159evo pou\u017e\u00edvan\u00e1 v na\u0161ich baz\u00e9nech, jako je nap\u0159\u00edklad 580\u00d7240 cm THERMO, jim pom\u00e1h\u00e1 udr\u017eovat perfektn\u00ed kondici po cel\u00e1 l\u00e9ta. Pln\u011b je \u00fa\u010dinn\u011b chr\u00e1n\u00ed p\u0159ed vlhkost\u00ed, teplotn\u00edmi zm\u011bnami a deformacemi zp\u016fsoben\u00fdmi nep\u0159\u00edzniv\u00fdm po\u010das\u00edm. Tento materi\u00e1l se p\u0159ipravuje speci\u00e1ln\u00edm procesem tepeln\u00e9ho zpracov\u00e1n\u00ed. <strong>D\u0159evo pak prakticky v\u016fbec nenasaje vodu, co\u017e zabra\u0148uje vzniku pl\u00edsn\u00ed a hub.<\/strong> Nav\u00edc se st\u00e1v\u00e1 je\u0161t\u011b odoln\u011bj\u0161\u00edm. Z toho vypl\u00fdv\u00e1, \u017ee hniloba mu nehroz\u00ed.<\/p>\n<p>Thermo D\u0159evo se tak perfektn\u011b hod\u00ed do baz\u00e9n\u016f a na\u0161e produkty se vyzna\u010duj\u00ed mimo\u0159\u00e1dn\u011b vysokou \u017eivotnost\u00ed.<\/p>\n<p>&nbsp;<\/p>\n<p><iframe loading=\"lazy\" title=\"Drewniany basen ogrodowy w Twoim ogrodzie!\" width=\"500\" height=\"281\" src=\"https:\/\/www.youtube.com\/embed\/zlAo1wdXvMM?feature=oembed&#038;enablejsapi=1&#038;origin=https:\/\/dev.domkisauny.pl\" frameborder=\"0\" allow=\"accelerometer; autoplay; clipboard-write; encrypted-media; gyroscope; picture-in-picture; web-share\" referrerpolicy=\"strict-origin-when-cross-origin\" allowfullscreen><\/iframe><\/p>\n<div id=\"gtx-trans\" style=\"position: absolute; left: 597px; top: 1298.2px;\">\n<div class=\"gtx-trans-icon\"><\/div>\n<\/div>\n","protected":false},"excerpt":{"rendered":"<blockquote>\n<p style=\"text-align: center;\">V\u0161echno za\u0159\u00edzen\u00ed je um\u00edst\u011bno ve schr\u00e1nce<br \/>\np\u0159izp\u016fsoben\u00e9 cel\u00e9 konstrukci baz\u00e9nu [html_block id=\"10020\"]<\/p>\n<p>Fotografie produkt\u016f po\u0159izujeme ve \u0161pi\u010dkov\u00e9 kvalit\u011b. Av\u0161ak vzhledem k zp\u016fsobu reprodukce barev monitor\u016f po\u010d\u00edta\u010de se m\u016f\u017ee barva produkt\u016f na obrazovce m\u00edrn\u011b li\u0161it od skute\u010dnosti.<\/p><\/blockquote>\n","protected":false},"featured_media":20944,"template":"","meta":{"_acf_changed":false},"product_brand":[],"product_cat":[118],"product_tag":[531],"class_list":{"0":"post-12019","1":"product","2":"type-product","3":"status-publish","4":"has-post-thumbnail","6":"product_cat-bazen","7":"product_tag-termo-bazen","8":"product_shipping_class-wysylka-grupa2","10":"first","11":"instock","12":"shipping-taxable","13":"purchasable","14":"product-type-variable"},"acf":[],"yoast_head":"<!-- This site is optimized with the Yoast SEO plugin v27.4 - https:\/\/yoast.com\/product\/yoast-seo-wordpress\/ -->\n<title>Baz\u00e9n 580 x 240 cm s vlo\u017ekou | A&amp;M Przecisz\u00f3w<\/title>\n<meta name=\"description\" content=\"Baz\u00e9n 580 x 240 cm s vlo\u017ekou, od A&amp;M Przecisz\u00f3w. Baz\u00e9n 10000l z polsk\u00e9ho masivn\u00edho smrkov\u00e9ho d\u0159eva. Sch\u016fdky, \u017eeb\u0159\u00edk, filtr, oh\u0159\u00edva\u010d, kryt. Dod\u00e1vka\" \/>\n<meta name=\"robots\" content=\"noindex, follow, max-snippet:-1, max-image-preview:large, max-video-preview:-1\" \/>\n<meta property=\"og:locale\" content=\"cs_CZ\" \/>\n<meta property=\"og:type\" content=\"article\" \/>\n<meta property=\"og:title\" content=\"Baz\u00e9n 580 x 240 cm s vlo\u017ekou | A&amp;M Przecisz\u00f3w\" \/>\n<meta property=\"og:description\" content=\"Baz\u00e9n 580 x 240 cm s vlo\u017ekou, od A&amp;M Przecisz\u00f3w. Baz\u00e9n 10000l z polsk\u00e9ho masivn\u00edho smrkov\u00e9ho d\u0159eva. Sch\u016fdky, \u017eeb\u0159\u00edk, filtr, oh\u0159\u00edva\u010d, kryt. Dod\u00e1vka\" \/>\n<meta property=\"og:url\" content=\"https:\/\/dev.domkisauny.pl\/cs\/produkt\/dreveny-bazen-580-x-240-cm-s-polypropylenovym-vlozkou-termo-drevo\/\" \/>\n<meta property=\"og:site_name\" content=\"Chaty, sauny\" \/>\n<meta property=\"article:publisher\" content=\"https:\/\/www.facebook.com\/DomkiSauny\" \/>\n<meta property=\"article:modified_time\" content=\"2025-08-12T08:32:18+00:00\" \/>\n<meta property=\"og:image\" content=\"https:\/\/dev.domkisauny.pl\/wp-content\/uploads\/2024\/06\/basen-580-thermo-main.webp\" \/>\n\t<meta property=\"og:image:width\" content=\"2000\" \/>\n\t<meta property=\"og:image:height\" content=\"1600\" \/>\n\t<meta property=\"og:image:type\" content=\"image\/webp\" \/>\n<meta name=\"twitter:card\" content=\"summary_large_image\" \/>\n<meta name=\"twitter:label1\" content=\"Odhadovan\u00e1 doba \u010dten\u00ed\" \/>\n\t<meta name=\"twitter:data1\" content=\"5 minut\" \/>\n<script type=\"application\/ld+json\" class=\"yoast-schema-graph\">{\"@context\":\"https:\\\/\\\/schema.org\",\"@graph\":[{\"@type\":\"WebPage\",\"@id\":\"https:\\\/\\\/dev.domkisauny.pl\\\/cs\\\/produkt\\\/dreveny-bazen-580-x-240-cm-s-polypropylenovym-vlozkou-termo-drevo\\\/\",\"url\":\"https:\\\/\\\/dev.domkisauny.pl\\\/cs\\\/produkt\\\/dreveny-bazen-580-x-240-cm-s-polypropylenovym-vlozkou-termo-drevo\\\/\",\"name\":\"Baz\u00e9n 580 x 240 cm s vlo\u017ekou | A&M Przecisz\u00f3w\",\"isPartOf\":{\"@id\":\"https:\\\/\\\/dev.domkisauny.pl\\\/cs\\\/#website\"},\"primaryImageOfPage\":{\"@id\":\"https:\\\/\\\/dev.domkisauny.pl\\\/cs\\\/produkt\\\/dreveny-bazen-580-x-240-cm-s-polypropylenovym-vlozkou-termo-drevo\\\/#primaryimage\"},\"image\":{\"@id\":\"https:\\\/\\\/dev.domkisauny.pl\\\/cs\\\/produkt\\\/dreveny-bazen-580-x-240-cm-s-polypropylenovym-vlozkou-termo-drevo\\\/#primaryimage\"},\"thumbnailUrl\":\"https:\\\/\\\/dev.domkisauny.pl\\\/wp-content\\\/uploads\\\/2024\\\/06\\\/basen-580-thermo-main.webp\",\"datePublished\":\"2024-06-05T10:50:09+00:00\",\"dateModified\":\"2025-08-12T08:32:18+00:00\",\"description\":\"Baz\u00e9n 580 x 240 cm s vlo\u017ekou, od A&M Przecisz\u00f3w. Baz\u00e9n 10000l z polsk\u00e9ho masivn\u00edho smrkov\u00e9ho d\u0159eva. Sch\u016fdky, \u017eeb\u0159\u00edk, filtr, oh\u0159\u00edva\u010d, kryt. Dod\u00e1vka\",\"breadcrumb\":{\"@id\":\"https:\\\/\\\/dev.domkisauny.pl\\\/cs\\\/produkt\\\/dreveny-bazen-580-x-240-cm-s-polypropylenovym-vlozkou-termo-drevo\\\/#breadcrumb\"},\"inLanguage\":\"cs\",\"potentialAction\":[{\"@type\":\"ReadAction\",\"target\":[\"https:\\\/\\\/dev.domkisauny.pl\\\/cs\\\/produkt\\\/dreveny-bazen-580-x-240-cm-s-polypropylenovym-vlozkou-termo-drevo\\\/\"]}]},{\"@type\":\"ImageObject\",\"inLanguage\":\"cs\",\"@id\":\"https:\\\/\\\/dev.domkisauny.pl\\\/cs\\\/produkt\\\/dreveny-bazen-580-x-240-cm-s-polypropylenovym-vlozkou-termo-drevo\\\/#primaryimage\",\"url\":\"https:\\\/\\\/dev.domkisauny.pl\\\/wp-content\\\/uploads\\\/2024\\\/06\\\/basen-580-thermo-main.webp\",\"contentUrl\":\"https:\\\/\\\/dev.domkisauny.pl\\\/wp-content\\\/uploads\\\/2024\\\/06\\\/basen-580-thermo-main.webp\",\"width\":2000,\"height\":1600},{\"@type\":\"BreadcrumbList\",\"@id\":\"https:\\\/\\\/dev.domkisauny.pl\\\/cs\\\/produkt\\\/dreveny-bazen-580-x-240-cm-s-polypropylenovym-vlozkou-termo-drevo\\\/#breadcrumb\",\"itemListElement\":[{\"@type\":\"ListItem\",\"position\":1,\"name\":\"A&amp;M\",\"item\":\"https:\\\/\\\/dev.domkisauny.pl\\\/cs\\\/\"},{\"@type\":\"ListItem\",\"position\":2,\"name\":\"Produkty\",\"item\":\"https:\\\/\\\/dev.domkisauny.pl\\\/produkty\\\/\"},{\"@type\":\"ListItem\",\"position\":3,\"name\":\"Baz\u00e9ny\",\"item\":\"https:\\\/\\\/dev.domkisauny.pl\\\/cs\\\/kategorie-produktu\\\/bazen\\\/\"},{\"@type\":\"ListItem\",\"position\":4,\"name\":\"D\u0159ev\u011bn\u00fd baz\u00e9n 580 x 240 cm s polypropylenov\u00fdm vlo\u017ekou (Termo d\u0159evo)\"}]},{\"@type\":\"WebSite\",\"@id\":\"https:\\\/\\\/dev.domkisauny.pl\\\/cs\\\/#website\",\"url\":\"https:\\\/\\\/dev.domkisauny.pl\\\/cs\\\/\",\"name\":\"Chaty, sauny\",\"description\":\"\",\"publisher\":{\"@id\":\"https:\\\/\\\/dev.domkisauny.pl\\\/cs\\\/#organization\"},\"potentialAction\":[{\"@type\":\"SearchAction\",\"target\":{\"@type\":\"EntryPoint\",\"urlTemplate\":\"https:\\\/\\\/dev.domkisauny.pl\\\/cs\\\/?s={search_term_string}\"},\"query-input\":{\"@type\":\"PropertyValueSpecification\",\"valueRequired\":true,\"valueName\":\"search_term_string\"}}],\"inLanguage\":\"cs\"},{\"@type\":\"Organization\",\"@id\":\"https:\\\/\\\/dev.domkisauny.pl\\\/cs\\\/#organization\",\"name\":\"Chaty, sauny\",\"url\":\"https:\\\/\\\/dev.domkisauny.pl\\\/cs\\\/\",\"logo\":{\"@type\":\"ImageObject\",\"inLanguage\":\"cs\",\"@id\":\"https:\\\/\\\/dev.domkisauny.pl\\\/cs\\\/#\\\/schema\\\/logo\\\/image\\\/\",\"url\":\"https:\\\/\\\/domkisauny.pl\\\/wp-content\\\/uploads\\\/2022\\\/09\\\/logo_03.png\",\"contentUrl\":\"https:\\\/\\\/domkisauny.pl\\\/wp-content\\\/uploads\\\/2022\\\/09\\\/logo_03.png\",\"width\":95,\"height\":81,\"caption\":\"Chaty, sauny\"},\"image\":{\"@id\":\"https:\\\/\\\/dev.domkisauny.pl\\\/cs\\\/#\\\/schema\\\/logo\\\/image\\\/\"},\"sameAs\":[\"https:\\\/\\\/www.facebook.com\\\/DomkiSauny\"]}]}<\/script>\n<!-- \/ Yoast SEO plugin. -->","yoast_head_json":{"title":"Baz\u00e9n 580 x 240 cm s vlo\u017ekou | A&M Przecisz\u00f3w","description":"Baz\u00e9n 580 x 240 cm s vlo\u017ekou, od A&M Przecisz\u00f3w. Baz\u00e9n 10000l z polsk\u00e9ho masivn\u00edho smrkov\u00e9ho d\u0159eva. Sch\u016fdky, \u017eeb\u0159\u00edk, filtr, oh\u0159\u00edva\u010d, kryt. Dod\u00e1vka","robots":{"index":"noindex","follow":"follow","max-snippet":"max-snippet:-1","max-image-preview":"max-image-preview:large","max-video-preview":"max-video-preview:-1"},"og_locale":"cs_CZ","og_type":"article","og_title":"Baz\u00e9n 580 x 240 cm s vlo\u017ekou | A&M Przecisz\u00f3w","og_description":"Baz\u00e9n 580 x 240 cm s vlo\u017ekou, od A&M Przecisz\u00f3w. Baz\u00e9n 10000l z polsk\u00e9ho masivn\u00edho smrkov\u00e9ho d\u0159eva. Sch\u016fdky, \u017eeb\u0159\u00edk, filtr, oh\u0159\u00edva\u010d, kryt. Dod\u00e1vka","og_url":"https:\/\/dev.domkisauny.pl\/cs\/produkt\/dreveny-bazen-580-x-240-cm-s-polypropylenovym-vlozkou-termo-drevo\/","og_site_name":"Chaty, sauny","article_publisher":"https:\/\/www.facebook.com\/DomkiSauny","article_modified_time":"2025-08-12T08:32:18+00:00","og_image":[{"width":2000,"height":1600,"url":"https:\/\/dev.domkisauny.pl\/wp-content\/uploads\/2024\/06\/basen-580-thermo-main.webp","type":"image\/webp"}],"twitter_card":"summary_large_image","twitter_misc":{"Odhadovan\u00e1 doba \u010dten\u00ed":"5 minut"},"schema":{"@context":"https:\/\/schema.org","@graph":[{"@type":"WebPage","@id":"https:\/\/dev.domkisauny.pl\/cs\/produkt\/dreveny-bazen-580-x-240-cm-s-polypropylenovym-vlozkou-termo-drevo\/","url":"https:\/\/dev.domkisauny.pl\/cs\/produkt\/dreveny-bazen-580-x-240-cm-s-polypropylenovym-vlozkou-termo-drevo\/","name":"Baz\u00e9n 580 x 240 cm s vlo\u017ekou | A&M Przecisz\u00f3w","isPartOf":{"@id":"https:\/\/dev.domkisauny.pl\/cs\/#website"},"primaryImageOfPage":{"@id":"https:\/\/dev.domkisauny.pl\/cs\/produkt\/dreveny-bazen-580-x-240-cm-s-polypropylenovym-vlozkou-termo-drevo\/#primaryimage"},"image":{"@id":"https:\/\/dev.domkisauny.pl\/cs\/produkt\/dreveny-bazen-580-x-240-cm-s-polypropylenovym-vlozkou-termo-drevo\/#primaryimage"},"thumbnailUrl":"https:\/\/dev.domkisauny.pl\/wp-content\/uploads\/2024\/06\/basen-580-thermo-main.webp","datePublished":"2024-06-05T10:50:09+00:00","dateModified":"2025-08-12T08:32:18+00:00","description":"Baz\u00e9n 580 x 240 cm s vlo\u017ekou, od A&M Przecisz\u00f3w. Baz\u00e9n 10000l z polsk\u00e9ho masivn\u00edho smrkov\u00e9ho d\u0159eva. Sch\u016fdky, \u017eeb\u0159\u00edk, filtr, oh\u0159\u00edva\u010d, kryt. Dod\u00e1vka","breadcrumb":{"@id":"https:\/\/dev.domkisauny.pl\/cs\/produkt\/dreveny-bazen-580-x-240-cm-s-polypropylenovym-vlozkou-termo-drevo\/#breadcrumb"},"inLanguage":"cs","potentialAction":[{"@type":"ReadAction","target":["https:\/\/dev.domkisauny.pl\/cs\/produkt\/dreveny-bazen-580-x-240-cm-s-polypropylenovym-vlozkou-termo-drevo\/"]}]},{"@type":"ImageObject","inLanguage":"cs","@id":"https:\/\/dev.domkisauny.pl\/cs\/produkt\/dreveny-bazen-580-x-240-cm-s-polypropylenovym-vlozkou-termo-drevo\/#primaryimage","url":"https:\/\/dev.domkisauny.pl\/wp-content\/uploads\/2024\/06\/basen-580-thermo-main.webp","contentUrl":"https:\/\/dev.domkisauny.pl\/wp-content\/uploads\/2024\/06\/basen-580-thermo-main.webp","width":2000,"height":1600},{"@type":"BreadcrumbList","@id":"https:\/\/dev.domkisauny.pl\/cs\/produkt\/dreveny-bazen-580-x-240-cm-s-polypropylenovym-vlozkou-termo-drevo\/#breadcrumb","itemListElement":[{"@type":"ListItem","position":1,"name":"A&amp;M","item":"https:\/\/dev.domkisauny.pl\/cs\/"},{"@type":"ListItem","position":2,"name":"Produkty","item":"https:\/\/dev.domkisauny.pl\/produkty\/"},{"@type":"ListItem","position":3,"name":"Baz\u00e9ny","item":"https:\/\/dev.domkisauny.pl\/cs\/kategorie-produktu\/bazen\/"},{"@type":"ListItem","position":4,"name":"D\u0159ev\u011bn\u00fd baz\u00e9n 580 x 240 cm s polypropylenov\u00fdm vlo\u017ekou (Termo d\u0159evo)"}]},{"@type":"WebSite","@id":"https:\/\/dev.domkisauny.pl\/cs\/#website","url":"https:\/\/dev.domkisauny.pl\/cs\/","name":"Chaty, sauny","description":"","publisher":{"@id":"https:\/\/dev.domkisauny.pl\/cs\/#organization"},"potentialAction":[{"@type":"SearchAction","target":{"@type":"EntryPoint","urlTemplate":"https:\/\/dev.domkisauny.pl\/cs\/?s={search_term_string}"},"query-input":{"@type":"PropertyValueSpecification","valueRequired":true,"valueName":"search_term_string"}}],"inLanguage":"cs"},{"@type":"Organization","@id":"https:\/\/dev.domkisauny.pl\/cs\/#organization","name":"Chaty, sauny","url":"https:\/\/dev.domkisauny.pl\/cs\/","logo":{"@type":"ImageObject","inLanguage":"cs","@id":"https:\/\/dev.domkisauny.pl\/cs\/#\/schema\/logo\/image\/","url":"https:\/\/domkisauny.pl\/wp-content\/uploads\/2022\/09\/logo_03.png","contentUrl":"https:\/\/domkisauny.pl\/wp-content\/uploads\/2022\/09\/logo_03.png","width":95,"height":81,"caption":"Chaty, sauny"},"image":{"@id":"https:\/\/dev.domkisauny.pl\/cs\/#\/schema\/logo\/image\/"},"sameAs":["https:\/\/www.facebook.com\/DomkiSauny"]}]}},"_links":{"self":[{"href":"https:\/\/dev.domkisauny.pl\/cs\/wp-json\/wp\/v2\/product\/12019","targetHints":{"allow":["GET"]}}],"collection":[{"href":"https:\/\/dev.domkisauny.pl\/cs\/wp-json\/wp\/v2\/product"}],"about":[{"href":"https:\/\/dev.domkisauny.pl\/cs\/wp-json\/wp\/v2\/types\/product"}],"wp:featuredmedia":[{"embeddable":true,"href":"https:\/\/dev.domkisauny.pl\/cs\/wp-json\/wp\/v2\/media\/20944"}],"wp:attachment":[{"href":"https:\/\/dev.domkisauny.pl\/cs\/wp-json\/wp\/v2\/media?parent=12019"}],"wp:term":[{"taxonomy":"product_brand","embeddable":true,"href":"https:\/\/dev.domkisauny.pl\/cs\/wp-json\/wp\/v2\/product_brand?post=12019"},{"taxonomy":"product_cat","embeddable":true,"href":"https:\/\/dev.domkisauny.pl\/cs\/wp-json\/wp\/v2\/product_cat?post=12019"},{"taxonomy":"product_tag","embeddable":true,"href":"https:\/\/dev.domkisauny.pl\/cs\/wp-json\/wp\/v2\/product_tag?post=12019"}],"curies":[{"name":"wp","href":"https:\/\/api.w.org\/{rel}","templated":true}]}}