{"id":11980,"date":"2024-06-05T12:42:07","date_gmt":"2024-06-05T10:42:07","guid":{"rendered":"https:\/\/domkisauny.pl\/?post_type=product&#038;p=11980"},"modified":"2025-08-12T10:27:03","modified_gmt":"2025-08-12T08:27:03","slug":"dreveny-bazen-480-x-240-cm-s-polypropylenovym-vlozkou-termo-drevo","status":"publish","type":"product","link":"https:\/\/dev.domkisauny.pl\/cs\/produkt\/dreveny-bazen-480-x-240-cm-s-polypropylenovym-vlozkou-termo-drevo\/","title":{"rendered":"D\u0159ev\u011bn\u00fd baz\u00e9n 480 x 240 cm s polypropylenov\u00fdm vlo\u017ekou (Termo d\u0159evo)"},"content":{"rendered":"<h3>Specifikace baz\u00e9nu<\/h3>\n<h4>Z\u00e1kladn\u00ed vybaven\u00ed:<\/h4>\n<ul>\n<li><strong>Vlo\u017eka z 6mm<\/strong> polypropylenov\u00e9 desky<\/li>\n<li>D\u0159ev\u011bn\u00e9 <strong>schody<\/strong><\/li>\n<li>Nerezov\u00fd <strong>\u017eeb\u0159\u00edk<\/strong><\/li>\n<li><strong>P\u00edskov\u00fd filtr<\/strong> s \u010derpadlem<\/li>\n<li><strong>N\u00e1pl\u0148<\/strong> do p\u00edskov\u00e9ho filtru<\/li>\n<li>Svisl\u00e9 v\u00fdztu\u017en\u00e9 sloupy<\/li>\n<\/ul>\n<h4>Technick\u00e9 \u00fadaje:<\/h4>\n<ul>\n<li>Vn\u011bj\u0161\u00ed \u0161\u00ed\u0159ka:<strong> 240 cm<\/strong><\/li>\n<li>Vnit\u0159n\u00ed \u0161\u00ed\u0159ka: <strong>190 cm<\/strong><\/li>\n<li>Vn\u011bj\u0161\u00ed d\u00e9lka:<strong> 480 cm<\/strong><\/li>\n<li>Vnit\u0159n\u00ed d\u00e9lka: <strong>360 cm<\/strong><\/li>\n<li>Vn\u011bj\u0161\u00ed v\u00fd\u0161ka: <strong>112 cm<\/strong><\/li>\n<li>Hloubka baz\u00e9nu: <strong>100 cm<\/strong><\/li>\n<li>Objem: cca <strong>6,840L<\/strong><\/li>\n<li>Oblo\u017een\u00ed: smrkov\u00e9 prkna <strong>44mm<\/strong><\/li>\n<li>Hmotnost: cca <strong>800kg<\/strong><\/li>\n<\/ul>\n<p>K <strong>d\u00e9lce baz\u00e9nu<\/strong> je t\u0159eba p\u0159ipo\u010d\u00edtat tak\u00e9<strong> integrovanou sk\u0159\u00ed\u0148 na vybaven\u00ed<\/strong> o d\u00e9lce <strong>70 cm!<\/strong><\/p>\n<p><strong><b>Dod\u00e1vka nezahrnuje vykl\u00e1dku u z\u00e1kazn\u00edka<\/b><\/strong>.<\/p>\n<p><img loading=\"lazy\" decoding=\"async\" class=\"aligncenter size-full wp-image-20923\" src=\"https:\/\/domkysauny.cz\/wp-content\/uploads\/2024\/06\/basen-480-thermo-main.webp\" alt=\"\" width=\"2000\" height=\"1600\" srcset=\"https:\/\/dev.domkisauny.pl\/wp-content\/uploads\/2024\/06\/basen-480-thermo-main.webp 2000w, https:\/\/dev.domkisauny.pl\/wp-content\/uploads\/2024\/06\/basen-480-thermo-main-300x240.webp 300w, https:\/\/dev.domkisauny.pl\/wp-content\/uploads\/2024\/06\/basen-480-thermo-main-1024x819.webp 1024w, https:\/\/dev.domkisauny.pl\/wp-content\/uploads\/2024\/06\/basen-480-thermo-main-768x614.webp 768w, https:\/\/dev.domkisauny.pl\/wp-content\/uploads\/2024\/06\/basen-480-thermo-main-1536x1229.webp 1536w, https:\/\/dev.domkisauny.pl\/wp-content\/uploads\/2024\/06\/basen-480-thermo-main-1000x800.webp 1000w\" sizes=\"auto, (max-width: 2000px) 100vw, 2000px\" \/><\/p>\n<p>V\u00fdrobek ve <strong><b>skandin\u00e1vsk\u00e9m stylu<\/b><\/strong>\u00a0V\u00e1m umo\u017en\u00ed vytvo\u0159it relaxa\u010dn\u00ed z\u00f3nu v <strong><b>bl\u00edzkosti p\u0159\u00edrody<\/b><\/strong>\u00a0&#8211; na zahrad\u011b, na pozemku nebo v ubytovac\u00edch za\u0159\u00edzen\u00edch.<\/p>\n<p>Baz\u00e9n o rozm. <strong><b>480 x 240 cm<\/b><\/strong>\u00a0a objemu <strong><b>5 000 litr\u016f<\/b><\/strong>\u00a0poskytne obrovsk\u00fd prostor pro koup\u00e1n\u00ed i relaxaci. Vyroben z <strong><b>masivn\u00edho smrkov\u00e9ho d\u0159eva<\/b><\/strong>. Odoln\u00e9 d\u0159evo, <strong><b>su\u0161en\u00e9 v komo\u0159e<\/b><\/strong>. Tlou\u0161\u0165ka desek <strong><b>je 44 mm<\/b><\/strong>. Uvnit\u0159 vlo\u017eka <strong><b>z polypropylenov\u00fdch vl\u00e1ken<\/b><\/strong>. Baz\u00e9n od <strong><b>A&amp;M<\/b><\/strong>\u00a0obsahuje <strong><b>schody<\/b><\/strong>, <strong><b>\u017eeb\u0159\u00edk<\/b><\/strong>, \u00a0<strong><b>p\u00edskovou filtraci<\/b><\/strong>\u00a0(<strong><b>6 m\u00b3\/h<\/b><\/strong>) a mo\u017enost p\u0159id\u00e1n\u00ed extern\u00edch kamen na d\u0159evo nebo 4 kW tepeln\u00e9ho \u010derpadla.<\/p>\n<p>V\u00fdrobek vy\u017eaduje vlastn\u00ed <strong><b>impregnaci desek lakem<\/b><\/strong>. Baz\u00e9n je <strong><b>dod\u00e1v\u00e1n jako celek<\/b><\/strong> dom\u016f\/na zahradu\/do firmy.<\/p>\n<p><img loading=\"lazy\" decoding=\"async\" class=\"aligncenter size-full wp-image-20919\" src=\"https:\/\/domkysauny.cz\/wp-content\/uploads\/2024\/06\/basen-480-thermo-second-vis.webp\" alt=\"\" width=\"2000\" height=\"1600\" srcset=\"https:\/\/dev.domkisauny.pl\/wp-content\/uploads\/2024\/06\/basen-480-thermo-second-vis.webp 2000w, https:\/\/dev.domkisauny.pl\/wp-content\/uploads\/2024\/06\/basen-480-thermo-second-vis-300x240.webp 300w, https:\/\/dev.domkisauny.pl\/wp-content\/uploads\/2024\/06\/basen-480-thermo-second-vis-1024x819.webp 1024w, https:\/\/dev.domkisauny.pl\/wp-content\/uploads\/2024\/06\/basen-480-thermo-second-vis-768x614.webp 768w, https:\/\/dev.domkisauny.pl\/wp-content\/uploads\/2024\/06\/basen-480-thermo-second-vis-1536x1229.webp 1536w, https:\/\/dev.domkisauny.pl\/wp-content\/uploads\/2024\/06\/basen-480-thermo-second-vis-1000x800.webp 1000w\" sizes=\"auto, (max-width: 2000px) 100vw, 2000px\" \/><\/p>\n<h2><strong>Baz\u00e9n 480 x 240 cm THERMO s polypropylenovou vlo\u017ekou<\/strong><\/h2>\n<h3><strong>Odpo\u010dinek ve vlastn\u00ed zahrad\u011b<\/strong><\/h3>\n<p>Co by to byl za letn\u00ed odpo\u010dinek bez vlastn\u00edho baz\u00e9nu? Umo\u017e\u0148uje v\u00e1m relaxovat podle va\u0161ich p\u0159edstav. <strong>Ve\u010dern\u00ed koupel je dokonal\u00fdm zp\u016fsobem, jak se zbavit stresu po dni pln\u00e9m povinnost\u00ed a dop\u0159\u00e1t si chv\u00edli odpo\u010dinku. <\/strong>Je jako stvo\u0159en\u00e1 pro klidn\u00e9 chv\u00edle o samot\u011b i relax s bl\u00edzk\u00fdmi. Co se skr\u00fdv\u00e1 v baz\u00e9nu THERMO 480\u00d7240 cm s polypropylenovou vlo\u017ekou?<\/p>\n<h3><strong>Materi\u00e1ly nejvy\u0161\u0161\u00ed kvality<\/strong><\/h3>\n<p>Na\u0161e d\u0159ev\u011bn\u00e9 baz\u00e9ny jsou konstruov\u00e1ny tak, aby vydr\u017eely l\u00e9ta. Jejich pevn\u00e9 st\u011bny o tlou\u0161\u0165ce 44 mm jsou vyrobeny z masivn\u00edho d\u0159eva borovice Thermo, kter\u00e9 zaru\u010duje odolnost proti vlhkosti a deformaci. Kompaktn\u00ed velikost 480\u00d7240 cm umo\u017e\u0148uje uskladn\u011bn\u00ed p\u0159ibli\u017en\u011b 5 000 litr\u016f vody, co\u017e bez probl\u00e9m\u016f poskytne prostor i n\u011bkolika lidem.<\/p>\n<p>Pevn\u00e1 konstrukce baz\u00e9nu zaru\u010duje jeho trvanlivost a odolnost na n\u011bkolik sez\u00f3n. Dodate\u010dn\u011b je pro maxim\u00e1ln\u00ed spokojenost mo\u017en\u00e9 baz\u00e9n vybavit kamny na d\u0159evo nebo tepeln\u00fdm \u010derpadlem 4 kW. To v\u00e1m umo\u017en\u00ed nastavit teplotu vody podle va\u0161ich p\u0159edstav.<\/p>\n<h3><strong>U\u017eijte si relax podle vlastn\u00edch pravidel<\/strong><\/h3>\n<p>D\u0159ev\u011bn\u00fd baz\u00e9n Thermo s minimalistick\u00fdm designem inspirovan\u00fdm skandin\u00e1vskou jednoduchost\u00ed a p\u0159\u00edrodn\u00edm d\u0159evem poskytuje dokonal\u00e9 podm\u00ednky pro relaxaci.<strong> S baz\u00e9nem z\u00edsk\u00e1te kdykoli nejen m\u00edsto k relaxaci, ale tak\u00e9 elegantn\u00ed ozdobu va\u0161\u00ed zahrady.<\/strong><\/p>\n<p>Takovou \u0161anci na reset ocen\u00ed zejm\u00e9na host\u00e9, pokud provozujete ubytovac\u00ed za\u0159\u00edzen\u00ed.<\/p>\n<p><img loading=\"lazy\" decoding=\"async\" class=\"aligncenter size-full wp-image-20927\" src=\"https:\/\/domkysauny.cz\/wp-content\/uploads\/2024\/06\/basen-480-thermo-rzut.webp\" alt=\"\" width=\"2000\" height=\"1600\" srcset=\"https:\/\/dev.domkisauny.pl\/wp-content\/uploads\/2024\/06\/basen-480-thermo-rzut.webp 2000w, https:\/\/dev.domkisauny.pl\/wp-content\/uploads\/2024\/06\/basen-480-thermo-rzut-300x240.webp 300w, https:\/\/dev.domkisauny.pl\/wp-content\/uploads\/2024\/06\/basen-480-thermo-rzut-1024x819.webp 1024w, https:\/\/dev.domkisauny.pl\/wp-content\/uploads\/2024\/06\/basen-480-thermo-rzut-768x614.webp 768w, https:\/\/dev.domkisauny.pl\/wp-content\/uploads\/2024\/06\/basen-480-thermo-rzut-1536x1229.webp 1536w, https:\/\/dev.domkisauny.pl\/wp-content\/uploads\/2024\/06\/basen-480-thermo-rzut-1000x800.webp 1000w\" sizes=\"auto, (max-width: 2000px) 100vw, 2000px\" \/><\/p>\n<p>&nbsp;<\/p>\n<p><img loading=\"lazy\" decoding=\"async\" class=\"aligncenter size-full wp-image-20931\" src=\"https:\/\/domkysauny.cz\/wp-content\/uploads\/2024\/06\/basen-480-thermo-rzut2.webp\" alt=\"\" width=\"2000\" height=\"1600\" srcset=\"https:\/\/dev.domkisauny.pl\/wp-content\/uploads\/2024\/06\/basen-480-thermo-rzut2.webp 2000w, https:\/\/dev.domkisauny.pl\/wp-content\/uploads\/2024\/06\/basen-480-thermo-rzut2-300x240.webp 300w, https:\/\/dev.domkisauny.pl\/wp-content\/uploads\/2024\/06\/basen-480-thermo-rzut2-1024x819.webp 1024w, https:\/\/dev.domkisauny.pl\/wp-content\/uploads\/2024\/06\/basen-480-thermo-rzut2-768x614.webp 768w, https:\/\/dev.domkisauny.pl\/wp-content\/uploads\/2024\/06\/basen-480-thermo-rzut2-1536x1229.webp 1536w, https:\/\/dev.domkisauny.pl\/wp-content\/uploads\/2024\/06\/basen-480-thermo-rzut2-1000x800.webp 1000w\" sizes=\"auto, (max-width: 2000px) 100vw, 2000px\" \/><\/p>\n<h3><strong>Bezpe\u010dn\u00fd odpo\u010dinek bez starost\u00ed<\/strong><\/h3>\n<p>Je\u0161t\u011b p\u0159edt\u00edm, ne\u017e si zaplavete v baz\u00e9nu, nezapome\u0148te na bezpe\u010dnost. P\u0159ed instalac\u00ed baz\u00e9nu je d\u016fle\u017eit\u00e9 spr\u00e1vn\u011b p\u0159ipravit p\u016fdu. M\u011bla by b\u00fdt zpevn\u011bn\u00e1, vytvrzen\u00e1 a vyrovnan\u00e1. K tomuto \u00fa\u010delu m\u016f\u017eete pou\u017e\u00edt nap\u0159\u00edklad dla\u017eebn\u00ed kostky, dla\u017edice nebo beton. Na druh\u00e9 stran\u011b, rok od roku vid\u00edme baz\u00e9ny um\u00edst\u011bn\u00e9 na terase st\u00e1le \u010dast\u011bji. Doporu\u010duje se, aby jeho z\u00e1kladn\u00ed konstrukce byla pevn\u00e1, aby unesla celou hmotnost.<\/p>\n<p>D\u00edky tomu je Thermo D\u0159evo jako stvo\u0159en\u00e9 pro pou\u017eit\u00ed v baz\u00e9nech a na\u0161e produkty se mohou vyzna\u010dovat mimo\u0159\u00e1dn\u011b vysokou \u017eivotnost\u00ed.<\/p>\n<p><img loading=\"lazy\" decoding=\"async\" class=\"aligncenter wp-image-20935 size-full\" src=\"https:\/\/domkysauny.cz\/wp-content\/uploads\/2024\/06\/basen-480-thermo-rys.webp\" alt=\"\" width=\"2000\" height=\"1600\" srcset=\"https:\/\/dev.domkisauny.pl\/wp-content\/uploads\/2024\/06\/basen-480-thermo-rys.webp 2000w, https:\/\/dev.domkisauny.pl\/wp-content\/uploads\/2024\/06\/basen-480-thermo-rys-300x240.webp 300w, https:\/\/dev.domkisauny.pl\/wp-content\/uploads\/2024\/06\/basen-480-thermo-rys-1024x819.webp 1024w, https:\/\/dev.domkisauny.pl\/wp-content\/uploads\/2024\/06\/basen-480-thermo-rys-768x614.webp 768w, https:\/\/dev.domkisauny.pl\/wp-content\/uploads\/2024\/06\/basen-480-thermo-rys-1536x1229.webp 1536w, https:\/\/dev.domkisauny.pl\/wp-content\/uploads\/2024\/06\/basen-480-thermo-rys-1000x800.webp 1000w\" sizes=\"auto, (max-width: 2000px) 100vw, 2000px\" \/><\/p>\n<h3><strong>Inovativn\u00ed technologie \u2013 Thermo D\u0159evo<\/strong><\/h3>\n<p>Technologie Thermo D\u0159evo, kter\u00e1 se pou\u017e\u00edv\u00e1 v na\u0161ich baz\u00e9nech, jako je nap\u0159\u00edklad 480\u00d7240 cm THERMO, jim pom\u00e1h\u00e1 udr\u017eovat perfektn\u00ed stav po cel\u00e1 l\u00e9ta. \u00da\u010dinn\u011b je chr\u00e1n\u00ed p\u0159ed vlhkost\u00ed, teplotn\u00edmi zm\u011bnami a deformacemi zp\u016fsoben\u00fdmi nep\u0159\u00edzniv\u00fdmi pov\u011btrnostn\u00edmi podm\u00ednkami. Tento materi\u00e1l se p\u0159ipravuje speci\u00e1ln\u00edm procesem tepeln\u00e9ho zpracov\u00e1n\u00ed. <strong>D\u0159evo tak prakticky v\u016fbec nenasaje vodu, co\u017e zabra\u0148uje vzniku pl\u00edsn\u00ed \u010di hub.<\/strong> D\u016fle\u017eit\u00e9 je, \u017ee takzvan\u00fdm \u201etvrdnut\u00edm\u201c se st\u00e1v\u00e1 je\u0161t\u011b odoln\u011bj\u0161\u00edm. Z toho vypl\u00fdv\u00e1, \u017ee hniloba mu nehroz\u00ed.<\/p>\n<p>&nbsp;<\/p>\n<p><iframe loading=\"lazy\" title=\"Drewniany basen ogrodowy w Twoim ogrodzie!\" width=\"500\" height=\"281\" src=\"https:\/\/www.youtube.com\/embed\/zlAo1wdXvMM?feature=oembed&#038;enablejsapi=1&#038;origin=https:\/\/dev.domkisauny.pl\" frameborder=\"0\" allow=\"accelerometer; autoplay; clipboard-write; encrypted-media; gyroscope; picture-in-picture; web-share\" referrerpolicy=\"strict-origin-when-cross-origin\" allowfullscreen><\/iframe><\/p>\n<p>&nbsp;<\/p>\n<div id=\"gtx-trans\" style=\"position: absolute; left: 391px; top: 1220px;\">\n<div class=\"gtx-trans-icon\"><\/div>\n<\/div>\n","protected":false},"excerpt":{"rendered":"<blockquote>\n<p style=\"text-align: center;\">V\u0161echno za\u0159\u00edzen\u00ed je um\u00edst\u011bno ve schr\u00e1nce<br \/>\np\u0159izp\u016fsoben\u00e9 cel\u00e9 konstrukci baz\u00e9nu [html_block id=\"10020\"]<\/p>\n<p>Fotografie produkt\u016f po\u0159izujeme ve \u0161pi\u010dkov\u00e9 kvalit\u011b. Av\u0161ak vzhledem k zp\u016fsobu reprodukce barev monitor\u016f po\u010d\u00edta\u010de se m\u016f\u017ee barva produkt\u016f na obrazovce m\u00edrn\u011b li\u0161it od skute\u010dnosti.<\/p><\/blockquote>\n","protected":false},"featured_media":20924,"template":"","meta":{"_acf_changed":false},"product_brand":[],"product_cat":[118],"product_tag":[531],"class_list":{"0":"post-11980","1":"product","2":"type-product","3":"status-publish","4":"has-post-thumbnail","6":"product_cat-bazen","7":"product_tag-termo-bazen","8":"product_shipping_class-wysylka-grupa1-cs","10":"first","11":"instock","12":"shipping-taxable","13":"purchasable","14":"product-type-variable"},"acf":[],"yoast_head":"<!-- This site is optimized with the Yoast SEO plugin v27.4 - https:\/\/yoast.com\/product\/yoast-seo-wordpress\/ -->\n<title>Baz\u00e9n 480\u00d7240 cm | Relaxa\u010dn\u00ed z\u00f3na ve Va\u0161\u00ed zahrad\u011b<\/title>\n<meta name=\"description\" content=\"V\u00fdrobek ve skandin\u00e1vsk\u00e9m stylu\u00a0V\u00e1m umo\u017en\u00ed vytvo\u0159it relaxa\u010dn\u00ed z\u00f3nu v bl\u00edzkosti p\u0159\u00edrody\u00a0- na zahrad\u011b, na pozemku nebo v ubytovac\u00edch za\u0159\u00edzen\u00edch.\" \/>\n<meta name=\"robots\" content=\"noindex, follow, max-snippet:-1, max-image-preview:large, max-video-preview:-1\" \/>\n<meta property=\"og:locale\" content=\"cs_CZ\" \/>\n<meta property=\"og:type\" content=\"article\" \/>\n<meta property=\"og:title\" content=\"Baz\u00e9n 480\u00d7240 cm | Relaxa\u010dn\u00ed z\u00f3na ve Va\u0161\u00ed zahrad\u011b\" \/>\n<meta property=\"og:description\" content=\"V\u00fdrobek ve skandin\u00e1vsk\u00e9m stylu\u00a0V\u00e1m umo\u017en\u00ed vytvo\u0159it relaxa\u010dn\u00ed z\u00f3nu v bl\u00edzkosti p\u0159\u00edrody\u00a0- na zahrad\u011b, na pozemku nebo v ubytovac\u00edch za\u0159\u00edzen\u00edch.\" \/>\n<meta property=\"og:url\" content=\"https:\/\/dev.domkisauny.pl\/cs\/produkt\/dreveny-bazen-480-x-240-cm-s-polypropylenovym-vlozkou-termo-drevo\/\" \/>\n<meta property=\"og:site_name\" content=\"Chaty, sauny\" \/>\n<meta property=\"article:publisher\" content=\"https:\/\/www.facebook.com\/DomkiSauny\" \/>\n<meta property=\"article:modified_time\" content=\"2025-08-12T08:27:03+00:00\" \/>\n<meta property=\"og:image\" content=\"https:\/\/dev.domkisauny.pl\/wp-content\/uploads\/2024\/06\/basen-480-thermo-main.webp\" \/>\n\t<meta property=\"og:image:width\" content=\"2000\" \/>\n\t<meta property=\"og:image:height\" content=\"1600\" \/>\n\t<meta property=\"og:image:type\" content=\"image\/webp\" \/>\n<meta name=\"twitter:card\" content=\"summary_large_image\" \/>\n<meta name=\"twitter:label1\" content=\"Odhadovan\u00e1 doba \u010dten\u00ed\" \/>\n\t<meta name=\"twitter:data1\" content=\"5 minut\" \/>\n<script type=\"application\/ld+json\" class=\"yoast-schema-graph\">{\"@context\":\"https:\\\/\\\/schema.org\",\"@graph\":[{\"@type\":\"WebPage\",\"@id\":\"https:\\\/\\\/dev.domkisauny.pl\\\/cs\\\/produkt\\\/dreveny-bazen-480-x-240-cm-s-polypropylenovym-vlozkou-termo-drevo\\\/\",\"url\":\"https:\\\/\\\/dev.domkisauny.pl\\\/cs\\\/produkt\\\/dreveny-bazen-480-x-240-cm-s-polypropylenovym-vlozkou-termo-drevo\\\/\",\"name\":\"Baz\u00e9n 480\u00d7240 cm | Relaxa\u010dn\u00ed z\u00f3na ve Va\u0161\u00ed zahrad\u011b\",\"isPartOf\":{\"@id\":\"https:\\\/\\\/dev.domkisauny.pl\\\/cs\\\/#website\"},\"primaryImageOfPage\":{\"@id\":\"https:\\\/\\\/dev.domkisauny.pl\\\/cs\\\/produkt\\\/dreveny-bazen-480-x-240-cm-s-polypropylenovym-vlozkou-termo-drevo\\\/#primaryimage\"},\"image\":{\"@id\":\"https:\\\/\\\/dev.domkisauny.pl\\\/cs\\\/produkt\\\/dreveny-bazen-480-x-240-cm-s-polypropylenovym-vlozkou-termo-drevo\\\/#primaryimage\"},\"thumbnailUrl\":\"https:\\\/\\\/dev.domkisauny.pl\\\/wp-content\\\/uploads\\\/2024\\\/06\\\/basen-480-thermo-main.webp\",\"datePublished\":\"2024-06-05T10:42:07+00:00\",\"dateModified\":\"2025-08-12T08:27:03+00:00\",\"description\":\"V\u00fdrobek ve skandin\u00e1vsk\u00e9m stylu\u00a0V\u00e1m umo\u017en\u00ed vytvo\u0159it relaxa\u010dn\u00ed z\u00f3nu v bl\u00edzkosti p\u0159\u00edrody\u00a0- na zahrad\u011b, na pozemku nebo v ubytovac\u00edch za\u0159\u00edzen\u00edch.\",\"breadcrumb\":{\"@id\":\"https:\\\/\\\/dev.domkisauny.pl\\\/cs\\\/produkt\\\/dreveny-bazen-480-x-240-cm-s-polypropylenovym-vlozkou-termo-drevo\\\/#breadcrumb\"},\"inLanguage\":\"cs\",\"potentialAction\":[{\"@type\":\"ReadAction\",\"target\":[\"https:\\\/\\\/dev.domkisauny.pl\\\/cs\\\/produkt\\\/dreveny-bazen-480-x-240-cm-s-polypropylenovym-vlozkou-termo-drevo\\\/\"]}]},{\"@type\":\"ImageObject\",\"inLanguage\":\"cs\",\"@id\":\"https:\\\/\\\/dev.domkisauny.pl\\\/cs\\\/produkt\\\/dreveny-bazen-480-x-240-cm-s-polypropylenovym-vlozkou-termo-drevo\\\/#primaryimage\",\"url\":\"https:\\\/\\\/dev.domkisauny.pl\\\/wp-content\\\/uploads\\\/2024\\\/06\\\/basen-480-thermo-main.webp\",\"contentUrl\":\"https:\\\/\\\/dev.domkisauny.pl\\\/wp-content\\\/uploads\\\/2024\\\/06\\\/basen-480-thermo-main.webp\",\"width\":2000,\"height\":1600},{\"@type\":\"BreadcrumbList\",\"@id\":\"https:\\\/\\\/dev.domkisauny.pl\\\/cs\\\/produkt\\\/dreveny-bazen-480-x-240-cm-s-polypropylenovym-vlozkou-termo-drevo\\\/#breadcrumb\",\"itemListElement\":[{\"@type\":\"ListItem\",\"position\":1,\"name\":\"A&amp;M\",\"item\":\"https:\\\/\\\/dev.domkisauny.pl\\\/cs\\\/\"},{\"@type\":\"ListItem\",\"position\":2,\"name\":\"Produkty\",\"item\":\"https:\\\/\\\/dev.domkisauny.pl\\\/produkty\\\/\"},{\"@type\":\"ListItem\",\"position\":3,\"name\":\"Baz\u00e9ny\",\"item\":\"https:\\\/\\\/dev.domkisauny.pl\\\/cs\\\/kategorie-produktu\\\/bazen\\\/\"},{\"@type\":\"ListItem\",\"position\":4,\"name\":\"D\u0159ev\u011bn\u00fd baz\u00e9n 480 x 240 cm s polypropylenov\u00fdm vlo\u017ekou (Termo d\u0159evo)\"}]},{\"@type\":\"WebSite\",\"@id\":\"https:\\\/\\\/dev.domkisauny.pl\\\/cs\\\/#website\",\"url\":\"https:\\\/\\\/dev.domkisauny.pl\\\/cs\\\/\",\"name\":\"Chaty, sauny\",\"description\":\"\",\"publisher\":{\"@id\":\"https:\\\/\\\/dev.domkisauny.pl\\\/cs\\\/#organization\"},\"potentialAction\":[{\"@type\":\"SearchAction\",\"target\":{\"@type\":\"EntryPoint\",\"urlTemplate\":\"https:\\\/\\\/dev.domkisauny.pl\\\/cs\\\/?s={search_term_string}\"},\"query-input\":{\"@type\":\"PropertyValueSpecification\",\"valueRequired\":true,\"valueName\":\"search_term_string\"}}],\"inLanguage\":\"cs\"},{\"@type\":\"Organization\",\"@id\":\"https:\\\/\\\/dev.domkisauny.pl\\\/cs\\\/#organization\",\"name\":\"Chaty, sauny\",\"url\":\"https:\\\/\\\/dev.domkisauny.pl\\\/cs\\\/\",\"logo\":{\"@type\":\"ImageObject\",\"inLanguage\":\"cs\",\"@id\":\"https:\\\/\\\/dev.domkisauny.pl\\\/cs\\\/#\\\/schema\\\/logo\\\/image\\\/\",\"url\":\"https:\\\/\\\/domkisauny.pl\\\/wp-content\\\/uploads\\\/2022\\\/09\\\/logo_03.png\",\"contentUrl\":\"https:\\\/\\\/domkisauny.pl\\\/wp-content\\\/uploads\\\/2022\\\/09\\\/logo_03.png\",\"width\":95,\"height\":81,\"caption\":\"Chaty, sauny\"},\"image\":{\"@id\":\"https:\\\/\\\/dev.domkisauny.pl\\\/cs\\\/#\\\/schema\\\/logo\\\/image\\\/\"},\"sameAs\":[\"https:\\\/\\\/www.facebook.com\\\/DomkiSauny\"]}]}<\/script>\n<!-- \/ Yoast SEO plugin. -->","yoast_head_json":{"title":"Baz\u00e9n 480\u00d7240 cm | Relaxa\u010dn\u00ed z\u00f3na ve Va\u0161\u00ed zahrad\u011b","description":"V\u00fdrobek ve skandin\u00e1vsk\u00e9m stylu\u00a0V\u00e1m umo\u017en\u00ed vytvo\u0159it relaxa\u010dn\u00ed z\u00f3nu v bl\u00edzkosti p\u0159\u00edrody\u00a0- na zahrad\u011b, na pozemku nebo v ubytovac\u00edch za\u0159\u00edzen\u00edch.","robots":{"index":"noindex","follow":"follow","max-snippet":"max-snippet:-1","max-image-preview":"max-image-preview:large","max-video-preview":"max-video-preview:-1"},"og_locale":"cs_CZ","og_type":"article","og_title":"Baz\u00e9n 480\u00d7240 cm | Relaxa\u010dn\u00ed z\u00f3na ve Va\u0161\u00ed zahrad\u011b","og_description":"V\u00fdrobek ve skandin\u00e1vsk\u00e9m stylu\u00a0V\u00e1m umo\u017en\u00ed vytvo\u0159it relaxa\u010dn\u00ed z\u00f3nu v bl\u00edzkosti p\u0159\u00edrody\u00a0- na zahrad\u011b, na pozemku nebo v ubytovac\u00edch za\u0159\u00edzen\u00edch.","og_url":"https:\/\/dev.domkisauny.pl\/cs\/produkt\/dreveny-bazen-480-x-240-cm-s-polypropylenovym-vlozkou-termo-drevo\/","og_site_name":"Chaty, sauny","article_publisher":"https:\/\/www.facebook.com\/DomkiSauny","article_modified_time":"2025-08-12T08:27:03+00:00","og_image":[{"width":2000,"height":1600,"url":"https:\/\/dev.domkisauny.pl\/wp-content\/uploads\/2024\/06\/basen-480-thermo-main.webp","type":"image\/webp"}],"twitter_card":"summary_large_image","twitter_misc":{"Odhadovan\u00e1 doba \u010dten\u00ed":"5 minut"},"schema":{"@context":"https:\/\/schema.org","@graph":[{"@type":"WebPage","@id":"https:\/\/dev.domkisauny.pl\/cs\/produkt\/dreveny-bazen-480-x-240-cm-s-polypropylenovym-vlozkou-termo-drevo\/","url":"https:\/\/dev.domkisauny.pl\/cs\/produkt\/dreveny-bazen-480-x-240-cm-s-polypropylenovym-vlozkou-termo-drevo\/","name":"Baz\u00e9n 480\u00d7240 cm | Relaxa\u010dn\u00ed z\u00f3na ve Va\u0161\u00ed zahrad\u011b","isPartOf":{"@id":"https:\/\/dev.domkisauny.pl\/cs\/#website"},"primaryImageOfPage":{"@id":"https:\/\/dev.domkisauny.pl\/cs\/produkt\/dreveny-bazen-480-x-240-cm-s-polypropylenovym-vlozkou-termo-drevo\/#primaryimage"},"image":{"@id":"https:\/\/dev.domkisauny.pl\/cs\/produkt\/dreveny-bazen-480-x-240-cm-s-polypropylenovym-vlozkou-termo-drevo\/#primaryimage"},"thumbnailUrl":"https:\/\/dev.domkisauny.pl\/wp-content\/uploads\/2024\/06\/basen-480-thermo-main.webp","datePublished":"2024-06-05T10:42:07+00:00","dateModified":"2025-08-12T08:27:03+00:00","description":"V\u00fdrobek ve skandin\u00e1vsk\u00e9m stylu\u00a0V\u00e1m umo\u017en\u00ed vytvo\u0159it relaxa\u010dn\u00ed z\u00f3nu v bl\u00edzkosti p\u0159\u00edrody\u00a0- na zahrad\u011b, na pozemku nebo v ubytovac\u00edch za\u0159\u00edzen\u00edch.","breadcrumb":{"@id":"https:\/\/dev.domkisauny.pl\/cs\/produkt\/dreveny-bazen-480-x-240-cm-s-polypropylenovym-vlozkou-termo-drevo\/#breadcrumb"},"inLanguage":"cs","potentialAction":[{"@type":"ReadAction","target":["https:\/\/dev.domkisauny.pl\/cs\/produkt\/dreveny-bazen-480-x-240-cm-s-polypropylenovym-vlozkou-termo-drevo\/"]}]},{"@type":"ImageObject","inLanguage":"cs","@id":"https:\/\/dev.domkisauny.pl\/cs\/produkt\/dreveny-bazen-480-x-240-cm-s-polypropylenovym-vlozkou-termo-drevo\/#primaryimage","url":"https:\/\/dev.domkisauny.pl\/wp-content\/uploads\/2024\/06\/basen-480-thermo-main.webp","contentUrl":"https:\/\/dev.domkisauny.pl\/wp-content\/uploads\/2024\/06\/basen-480-thermo-main.webp","width":2000,"height":1600},{"@type":"BreadcrumbList","@id":"https:\/\/dev.domkisauny.pl\/cs\/produkt\/dreveny-bazen-480-x-240-cm-s-polypropylenovym-vlozkou-termo-drevo\/#breadcrumb","itemListElement":[{"@type":"ListItem","position":1,"name":"A&amp;M","item":"https:\/\/dev.domkisauny.pl\/cs\/"},{"@type":"ListItem","position":2,"name":"Produkty","item":"https:\/\/dev.domkisauny.pl\/produkty\/"},{"@type":"ListItem","position":3,"name":"Baz\u00e9ny","item":"https:\/\/dev.domkisauny.pl\/cs\/kategorie-produktu\/bazen\/"},{"@type":"ListItem","position":4,"name":"D\u0159ev\u011bn\u00fd baz\u00e9n 480 x 240 cm s polypropylenov\u00fdm vlo\u017ekou (Termo d\u0159evo)"}]},{"@type":"WebSite","@id":"https:\/\/dev.domkisauny.pl\/cs\/#website","url":"https:\/\/dev.domkisauny.pl\/cs\/","name":"Chaty, sauny","description":"","publisher":{"@id":"https:\/\/dev.domkisauny.pl\/cs\/#organization"},"potentialAction":[{"@type":"SearchAction","target":{"@type":"EntryPoint","urlTemplate":"https:\/\/dev.domkisauny.pl\/cs\/?s={search_term_string}"},"query-input":{"@type":"PropertyValueSpecification","valueRequired":true,"valueName":"search_term_string"}}],"inLanguage":"cs"},{"@type":"Organization","@id":"https:\/\/dev.domkisauny.pl\/cs\/#organization","name":"Chaty, sauny","url":"https:\/\/dev.domkisauny.pl\/cs\/","logo":{"@type":"ImageObject","inLanguage":"cs","@id":"https:\/\/dev.domkisauny.pl\/cs\/#\/schema\/logo\/image\/","url":"https:\/\/domkisauny.pl\/wp-content\/uploads\/2022\/09\/logo_03.png","contentUrl":"https:\/\/domkisauny.pl\/wp-content\/uploads\/2022\/09\/logo_03.png","width":95,"height":81,"caption":"Chaty, sauny"},"image":{"@id":"https:\/\/dev.domkisauny.pl\/cs\/#\/schema\/logo\/image\/"},"sameAs":["https:\/\/www.facebook.com\/DomkiSauny"]}]}},"_links":{"self":[{"href":"https:\/\/dev.domkisauny.pl\/cs\/wp-json\/wp\/v2\/product\/11980","targetHints":{"allow":["GET"]}}],"collection":[{"href":"https:\/\/dev.domkisauny.pl\/cs\/wp-json\/wp\/v2\/product"}],"about":[{"href":"https:\/\/dev.domkisauny.pl\/cs\/wp-json\/wp\/v2\/types\/product"}],"wp:featuredmedia":[{"embeddable":true,"href":"https:\/\/dev.domkisauny.pl\/cs\/wp-json\/wp\/v2\/media\/20924"}],"wp:attachment":[{"href":"https:\/\/dev.domkisauny.pl\/cs\/wp-json\/wp\/v2\/media?parent=11980"}],"wp:term":[{"taxonomy":"product_brand","embeddable":true,"href":"https:\/\/dev.domkisauny.pl\/cs\/wp-json\/wp\/v2\/product_brand?post=11980"},{"taxonomy":"product_cat","embeddable":true,"href":"https:\/\/dev.domkisauny.pl\/cs\/wp-json\/wp\/v2\/product_cat?post=11980"},{"taxonomy":"product_tag","embeddable":true,"href":"https:\/\/dev.domkisauny.pl\/cs\/wp-json\/wp\/v2\/product_tag?post=11980"}],"curies":[{"name":"wp","href":"https:\/\/api.w.org\/{rel}","templated":true}]}}