{"id":10594,"date":"2024-03-28T06:36:38","date_gmt":"2024-03-28T05:36:38","guid":{"rendered":"https:\/\/domkisauny.pl\/produkt\/premiumni-bazen-spa-s-jacuzzi-o-rozmerech-485-x-235-metru\/"},"modified":"2025-06-03T12:53:59","modified_gmt":"2025-06-03T10:53:59","slug":"premiumni-bazen-spa-s-jacuzzi-o-rozmerech-485-x-235-cm","status":"publish","type":"product","link":"https:\/\/dev.domkisauny.pl\/cs\/produkt\/premiumni-bazen-spa-s-jacuzzi-o-rozmerech-485-x-235-cm\/","title":{"rendered":"Premiumn\u00ed baz\u00e9n SPA s jacuzzi o rozm\u011brech 485 x 235 cm"},"content":{"rendered":"<p>L\u00e9to je spojeno s blahod\u00e1rn\u00fdm relaxem a \u010dasem str\u00e1ven\u00fdm u vody.<strong> S d\u0159ev\u011bn\u00fdm zahradn\u00edm baz\u00e9nem vybaven\u00fdm jacuzzi si m\u016f\u017eete pln\u011b odpo\u010dinout p\u0159\u00edmo ve sv\u00e9 vlastn\u00ed zahrad\u011b<\/strong>. Tento druh relaxace je dokonal\u00fdm \u00fanikem od pr\u00e1ce, zejm\u00e9na kdy\u017e n\u00e1m po\u010das\u00ed nab\u00edz\u00ed mo\u017enost si ho u\u017e\u00edt.<\/p>\n<h3><strong>Vybaven\u00ed baz\u00e9nu s jacuzzi<\/strong><\/h3>\n<h3>Specifikace baz\u00e9nu<\/h3>\n<h4>Z\u00e1kladn\u00ed vybaven\u00ed:<\/h4>\n<ul>\n<li><strong>Vlo\u017eka<\/strong> z polypropylenov\u00e9 desky <strong>6 mm<\/strong><\/li>\n<li>D\u0159ev\u011bn\u00e9 <strong>schody<\/strong><\/li>\n<li>Nerezov\u00fd <strong>\u017eeb\u0159\u00edk<\/strong><\/li>\n<li><strong>Vodn\u00ed a vzduchov\u00e9 trysky<\/strong> (6 ks)<\/li>\n<li><strong>Filtr skimmer<\/strong><\/li>\n<li><strong>LED osv\u011btlen\u00ed<\/strong><\/li>\n<li><strong>Invertorov\u00e9 tepeln\u00e9 \u010derpadlo 9 kW<\/strong><\/li>\n<li><strong>P\u00edskov\u00fd filtr<\/strong> (sou\u010d\u00e1st\u00ed s vlo\u017ekou)<\/li>\n<li><strong>Gener\u00e1tor chloru<\/strong><\/li>\n<\/ul>\n<h4>Technick\u00e9 \u00fadaje:<\/h4>\n<ul>\n<li>Vn\u011bj\u0161\u00ed \u0161\u00ed\u0159ka: <strong>235 cm<\/strong><\/li>\n<li>Vnit\u0159n\u00ed \u0161\u00ed\u0159ka: <strong>191 cm<\/strong><\/li>\n<li>Vn\u011bj\u0161\u00ed d\u00e9lka: <strong>485 cm<\/strong><\/li>\n<li>Vnit\u0159n\u00ed d\u00e9lka: <strong>360 cm<\/strong><\/li>\n<li>Vn\u011bj\u0161\u00ed v\u00fd\u0161ka: <strong>110 cm<\/strong><\/li>\n<li>Hloubka baz\u00e9nu: 1<strong>00 cm<\/strong><\/li>\n<li>Kapacita: cca <strong>6840 L<\/strong><\/li>\n<li>D\u0159ev\u011bn\u00e1 r\u00e1mov\u00e1 konstrukce, smrk<\/li>\n<li>Lamelov\u00e1 fas\u00e1da z thermo d\u0159eva &#8211; <strong>19 mm<\/strong><\/li>\n<li>Hmotnost: cca <strong>1000 kg<\/strong><\/li>\n<\/ul>\n<p>T\u011bmito \u0159e\u0161en\u00edmi zajist\u00edme, \u017ee tento model dok\u00e1\u017ee splnit ve\u0161ker\u00e1 o\u010dek\u00e1v\u00e1n\u00ed. Nav\u00edc se m\u016f\u017ee pochlubit docela velk\u00fdmi rozm\u011bry. Jeho vn\u011bj\u0161\u00ed rozm\u011bry jsou 485 \u00d7 235 cm, s vnit\u0159n\u00edmi rozm\u011bry 360 \u00d7 190 cm, p\u0159i\u010dem\u017e hloubka baz\u00e9nu je 100 cm.<\/p>\n<p><img loading=\"lazy\" decoding=\"async\" class=\"aligncenter wp-image-9663 size-full\" src=\"https:\/\/domkysauny.cz\/wp-content\/uploads\/2024\/03\/Basen-Premium-485x235-wizualizacja.jpg\" alt=\"\" width=\"1500\" height=\"844\" srcset=\"https:\/\/dev.domkisauny.pl\/wp-content\/uploads\/2024\/03\/Basen-Premium-485x235-wizualizacja.jpg 1500w, https:\/\/dev.domkisauny.pl\/wp-content\/uploads\/2024\/03\/Basen-Premium-485x235-wizualizacja-300x169.jpg 300w, https:\/\/dev.domkisauny.pl\/wp-content\/uploads\/2024\/03\/Basen-Premium-485x235-wizualizacja-768x432.jpg 768w, https:\/\/dev.domkisauny.pl\/wp-content\/uploads\/2024\/03\/Basen-Premium-485x235-wizualizacja-1024x576.jpg 1024w, https:\/\/dev.domkisauny.pl\/wp-content\/uploads\/2024\/03\/Basen-Premium-485x235-wizualizacja-1000x563.jpg 1000w\" sizes=\"auto, (max-width: 1500px) 100vw, 1500px\" \/><\/p>\n<h3><strong>Nejvy\u0161\u0161\u00ed kvalita \u0159emesln\u00e9 pr\u00e1ce d\u0159ev\u011bn\u00e9ho baz\u00e9nu<\/strong><\/h3>\n<p>Premiumn\u00ed baz\u00e9n SPA s jacuzzi o rozm\u011brech 4,85 \u00d7 2,35 m je skv\u011blou kombinac\u00ed estetiky s pevn\u00fdm a praktick\u00fdm designem. <strong>Tento model se vyzna\u010duje minimalistick\u00fdm skandin\u00e1vsk\u00fdm designem, d\u00edky kter\u00e9mu se v n\u011bm snadno c\u00edt\u00edme pohodln\u011b a dr\u017e\u00edme krok s aktu\u00e1ln\u00edmi trendy<\/strong>. Jeho interi\u00e9r je vypln\u011bn modr\u00fdm st\u0159edem z polypropylenov\u00e9ho vl\u00e1kna. P\u0159i dopl\u0148ov\u00e1n\u00ed elegantn\u00edho stylu zahradn\u00edho baz\u00e9nu spo\u010d\u00edv\u00e1 jeho nejv\u011bt\u0161\u00ed v\u00fdhoda v neoceniteln\u00e9 vodot\u011bsnosti. <strong>Celkov\u00e1 odolnost je ovlivn\u011bna i zes\u00edlenou konstrukc\u00ed, kter\u00e1 p\u0159edch\u00e1z\u00ed deformac\u00edm zp\u016fsoben\u00fdm tlakem vody nebo pov\u011btrnostn\u00edmi podm\u00ednkami.<\/strong> Baz\u00e9n je tak\u00e9 vybaven d\u0159ev\u011bn\u00fdmi sch\u016fdky a kovov\u00fdm \u017eeb\u0159\u00edkem, aby bylo zaji\u0161t\u011bno pohodln\u00e9 a bezpe\u010dn\u00e9 pou\u017e\u00edv\u00e1n\u00ed.<\/p>\n<p>Tento model je zejm\u00e9na praktick\u00fd, zaji\u0161\u0165uje neru\u0161en\u00fd relax. To je je\u0161t\u011b umocn\u011bno efektivn\u00edm p\u00edskov\u00fdm filtrem, kter\u00fd udr\u017euje vodu dokonale \u010distou. Teplotu vody v baz\u00e9nu udr\u017euje tepeln\u00e9 \u010derpadlo o v\u00fdkonu 7,6 kW namontovan\u00e9 s jacuzzi.<\/p>\n<p><img loading=\"lazy\" decoding=\"async\" class=\"aligncenter wp-image-20606 size-full\" src=\"https:\/\/domkysauny.sk\/wp-content\/uploads\/2024\/03\/basen-premium-4x85x2x35.jpg\" alt=\"\" width=\"2000\" height=\"1600\" srcset=\"https:\/\/dev.domkisauny.pl\/wp-content\/uploads\/2024\/03\/basen-premium-4x85x2x35.jpg 2000w, https:\/\/dev.domkisauny.pl\/wp-content\/uploads\/2024\/03\/basen-premium-4x85x2x35-300x240.jpg 300w, https:\/\/dev.domkisauny.pl\/wp-content\/uploads\/2024\/03\/basen-premium-4x85x2x35-1024x819.jpg 1024w, https:\/\/dev.domkisauny.pl\/wp-content\/uploads\/2024\/03\/basen-premium-4x85x2x35-768x614.jpg 768w, https:\/\/dev.domkisauny.pl\/wp-content\/uploads\/2024\/03\/basen-premium-4x85x2x35-1536x1229.jpg 1536w, https:\/\/dev.domkisauny.pl\/wp-content\/uploads\/2024\/03\/basen-premium-4x85x2x35-1000x800.jpg 1000w\" sizes=\"auto, (max-width: 2000px) 100vw, 2000px\" \/><\/p>\n<h3><strong>Relaxujte po sv\u00e9m<\/strong><\/h3>\n<p>Pou\u017e\u00edv\u00e1n\u00ed baz\u00e9nu s jacuzzi umo\u017e\u0148uje \u00fapln\u00fd relax. Volbou tohoto baz\u00e9nu d\u00e1v\u00e1te p\u0159ednost ka\u017edodenn\u00ed relaxaci. Tento efekt je pos\u00edlen 6 vodn\u00edmi vzduchov\u00fdmi tryskami, kter\u00e9 pom\u00e1haj\u00ed resetovat a uvolnit nap\u011bt\u00ed v t\u011ble. K vytvo\u0159en\u00ed v\u00fdjime\u010dn\u00fdch z\u00e1\u017eitk\u016f je baz\u00e9n vybaven LED osv\u011btlen\u00edm, kter\u00e9 do zahrady vn\u00e1\u0161\u00ed \u0161petku luxusu. S na\u0161\u00edm premium zahradn\u00edm baz\u00e9nem si m\u016f\u017eete odpo\u010dinout tak, jak milujete nejv\u00edce. S rozm\u011bry 4,85 m x 2,35 m pohodln\u011b poskytuje prostor pro str\u00e1ven\u00ed \u010dasu s bl\u00edzk\u00fdmi.<\/p>\n<h3><strong>Jacuzzi baz\u00e9ny v ubytovac\u00edch za\u0159\u00edzen\u00edch<\/strong><\/h3>\n<p>Volba zahradn\u00edho baz\u00e9nu n\u00e1m d\u00e1v\u00e1 vynikaj\u00edc\u00ed p\u0159\u00edle\u017eitost k venkovn\u00edmu relaxu. Stejn\u011b tak poskytov\u00e1n\u00ed t\u00e9to mo\u017enosti host\u016fm ubytovac\u00edch za\u0159\u00edzen\u00ed obohacuje va\u0161e nab\u00eddky a poskytuje jim perfektn\u00ed \u0161anci k relaxaci.<\/p>\n","protected":false},"excerpt":{"rendered":"<blockquote><p><strong><b>D\u016eLE\u017dIT\u00c9!<\/b><\/strong><\/p>\n<p>Fotografie produkt\u016f po\u0159izujeme ve \u0161pi\u010dkov\u00e9 kvalit\u011b. Av\u0161ak vzhledem k zp\u016fsobu reprodukce barev monitor\u016f po\u010d\u00edta\u010de se m\u016f\u017ee barva produkt\u016f na obrazovce m\u00edrn\u011b li\u0161it od skute\u010dnosti.<\/p><\/blockquote>\n","protected":false},"featured_media":9664,"template":"","meta":{"_acf_changed":false},"product_brand":[],"product_cat":[118],"product_tag":[535],"class_list":{"0":"post-10594","1":"product","2":"type-product","3":"status-publish","4":"has-post-thumbnail","6":"product_cat-bazen","7":"product_tag-premiove-bazeny","8":"product_shipping_class-wysylka-grupa2","10":"first","11":"instock","12":"shipping-taxable","13":"purchasable","14":"product-type-variable"},"acf":[],"yoast_head":"<!-- This site is optimized with the Yoast SEO plugin v27.4 - https:\/\/yoast.com\/product\/yoast-seo-wordpress\/ -->\n<title>Premiumn\u00ed baz\u00e9n SPA s jacuzzi o rozm\u011brech 485 x 235 cm | Chaty, sauny<\/title>\n<meta name=\"robots\" content=\"noindex, follow, max-snippet:-1, max-image-preview:large, max-video-preview:-1\" \/>\n<meta property=\"og:locale\" content=\"cs_CZ\" \/>\n<meta property=\"og:type\" content=\"article\" \/>\n<meta property=\"og:title\" content=\"Premiumn\u00ed baz\u00e9n SPA s jacuzzi o rozm\u011brech 485 x 235 cm | Chaty, sauny\" \/>\n<meta property=\"og:description\" content=\"D\u016eLE\u017dIT\u00c9!  Fotografie produkt\u016f po\u0159izujeme ve \u0161pi\u010dkov\u00e9 kvalit\u011b. Av\u0161ak vzhledem k zp\u016fsobu reprodukce barev monitor\u016f po\u010d\u00edta\u010de se m\u016f\u017ee barva produkt\u016f na obrazovce m\u00edrn\u011b li\u0161it od skute\u010dnosti.\" \/>\n<meta property=\"og:url\" content=\"https:\/\/dev.domkisauny.pl\/cs\/produkt\/premiumni-bazen-spa-s-jacuzzi-o-rozmerech-485-x-235-cm\/\" \/>\n<meta property=\"og:site_name\" content=\"Chaty, sauny\" \/>\n<meta property=\"article:publisher\" content=\"https:\/\/www.facebook.com\/DomkiSauny\" \/>\n<meta property=\"article:modified_time\" content=\"2025-06-03T10:53:59+00:00\" \/>\n<meta property=\"og:image\" content=\"https:\/\/dev.domkisauny.pl\/wp-content\/uploads\/2024\/03\/Basen-Premium-485x235-wizualizacja.jpg\" \/>\n\t<meta property=\"og:image:width\" content=\"1500\" \/>\n\t<meta property=\"og:image:height\" content=\"844\" \/>\n\t<meta property=\"og:image:type\" content=\"image\/jpeg\" \/>\n<meta name=\"twitter:card\" content=\"summary_large_image\" \/>\n<meta name=\"twitter:label1\" content=\"Odhadovan\u00e1 doba \u010dten\u00ed\" \/>\n\t<meta name=\"twitter:data1\" content=\"4 minuty\" \/>\n<script type=\"application\/ld+json\" class=\"yoast-schema-graph\">{\"@context\":\"https:\\\/\\\/schema.org\",\"@graph\":[{\"@type\":\"WebPage\",\"@id\":\"https:\\\/\\\/dev.domkisauny.pl\\\/cs\\\/produkt\\\/premiumni-bazen-spa-s-jacuzzi-o-rozmerech-485-x-235-cm\\\/\",\"url\":\"https:\\\/\\\/dev.domkisauny.pl\\\/cs\\\/produkt\\\/premiumni-bazen-spa-s-jacuzzi-o-rozmerech-485-x-235-cm\\\/\",\"name\":\"Premiumn\u00ed baz\u00e9n SPA s jacuzzi o rozm\u011brech 485 x 235 cm | Chaty, sauny\",\"isPartOf\":{\"@id\":\"https:\\\/\\\/dev.domkisauny.pl\\\/cs\\\/#website\"},\"primaryImageOfPage\":{\"@id\":\"https:\\\/\\\/dev.domkisauny.pl\\\/cs\\\/produkt\\\/premiumni-bazen-spa-s-jacuzzi-o-rozmerech-485-x-235-cm\\\/#primaryimage\"},\"image\":{\"@id\":\"https:\\\/\\\/dev.domkisauny.pl\\\/cs\\\/produkt\\\/premiumni-bazen-spa-s-jacuzzi-o-rozmerech-485-x-235-cm\\\/#primaryimage\"},\"thumbnailUrl\":\"https:\\\/\\\/dev.domkisauny.pl\\\/wp-content\\\/uploads\\\/2024\\\/03\\\/Basen-Premium-485x235-wizualizacja.jpg\",\"datePublished\":\"2024-03-28T05:36:38+00:00\",\"dateModified\":\"2025-06-03T10:53:59+00:00\",\"breadcrumb\":{\"@id\":\"https:\\\/\\\/dev.domkisauny.pl\\\/cs\\\/produkt\\\/premiumni-bazen-spa-s-jacuzzi-o-rozmerech-485-x-235-cm\\\/#breadcrumb\"},\"inLanguage\":\"cs\",\"potentialAction\":[{\"@type\":\"ReadAction\",\"target\":[\"https:\\\/\\\/dev.domkisauny.pl\\\/cs\\\/produkt\\\/premiumni-bazen-spa-s-jacuzzi-o-rozmerech-485-x-235-cm\\\/\"]}]},{\"@type\":\"ImageObject\",\"inLanguage\":\"cs\",\"@id\":\"https:\\\/\\\/dev.domkisauny.pl\\\/cs\\\/produkt\\\/premiumni-bazen-spa-s-jacuzzi-o-rozmerech-485-x-235-cm\\\/#primaryimage\",\"url\":\"https:\\\/\\\/dev.domkisauny.pl\\\/wp-content\\\/uploads\\\/2024\\\/03\\\/Basen-Premium-485x235-wizualizacja.jpg\",\"contentUrl\":\"https:\\\/\\\/dev.domkisauny.pl\\\/wp-content\\\/uploads\\\/2024\\\/03\\\/Basen-Premium-485x235-wizualizacja.jpg\",\"width\":1500,\"height\":844},{\"@type\":\"BreadcrumbList\",\"@id\":\"https:\\\/\\\/dev.domkisauny.pl\\\/cs\\\/produkt\\\/premiumni-bazen-spa-s-jacuzzi-o-rozmerech-485-x-235-cm\\\/#breadcrumb\",\"itemListElement\":[{\"@type\":\"ListItem\",\"position\":1,\"name\":\"A&amp;M\",\"item\":\"https:\\\/\\\/dev.domkisauny.pl\\\/cs\\\/\"},{\"@type\":\"ListItem\",\"position\":2,\"name\":\"Produkty\",\"item\":\"https:\\\/\\\/dev.domkisauny.pl\\\/produkty\\\/\"},{\"@type\":\"ListItem\",\"position\":3,\"name\":\"Baz\u00e9ny\",\"item\":\"https:\\\/\\\/dev.domkisauny.pl\\\/cs\\\/kategorie-produktu\\\/bazen\\\/\"},{\"@type\":\"ListItem\",\"position\":4,\"name\":\"Premiumn\u00ed baz\u00e9n SPA s jacuzzi o rozm\u011brech 485 x 235 cm\"}]},{\"@type\":\"WebSite\",\"@id\":\"https:\\\/\\\/dev.domkisauny.pl\\\/cs\\\/#website\",\"url\":\"https:\\\/\\\/dev.domkisauny.pl\\\/cs\\\/\",\"name\":\"Chaty, sauny\",\"description\":\"\",\"publisher\":{\"@id\":\"https:\\\/\\\/dev.domkisauny.pl\\\/cs\\\/#organization\"},\"potentialAction\":[{\"@type\":\"SearchAction\",\"target\":{\"@type\":\"EntryPoint\",\"urlTemplate\":\"https:\\\/\\\/dev.domkisauny.pl\\\/cs\\\/?s={search_term_string}\"},\"query-input\":{\"@type\":\"PropertyValueSpecification\",\"valueRequired\":true,\"valueName\":\"search_term_string\"}}],\"inLanguage\":\"cs\"},{\"@type\":\"Organization\",\"@id\":\"https:\\\/\\\/dev.domkisauny.pl\\\/cs\\\/#organization\",\"name\":\"Chaty, sauny\",\"url\":\"https:\\\/\\\/dev.domkisauny.pl\\\/cs\\\/\",\"logo\":{\"@type\":\"ImageObject\",\"inLanguage\":\"cs\",\"@id\":\"https:\\\/\\\/dev.domkisauny.pl\\\/cs\\\/#\\\/schema\\\/logo\\\/image\\\/\",\"url\":\"https:\\\/\\\/domkisauny.pl\\\/wp-content\\\/uploads\\\/2022\\\/09\\\/logo_03.png\",\"contentUrl\":\"https:\\\/\\\/domkisauny.pl\\\/wp-content\\\/uploads\\\/2022\\\/09\\\/logo_03.png\",\"width\":95,\"height\":81,\"caption\":\"Chaty, sauny\"},\"image\":{\"@id\":\"https:\\\/\\\/dev.domkisauny.pl\\\/cs\\\/#\\\/schema\\\/logo\\\/image\\\/\"},\"sameAs\":[\"https:\\\/\\\/www.facebook.com\\\/DomkiSauny\"]}]}<\/script>\n<!-- \/ Yoast SEO plugin. -->","yoast_head_json":{"title":"Premiumn\u00ed baz\u00e9n SPA s jacuzzi o rozm\u011brech 485 x 235 cm | Chaty, sauny","robots":{"index":"noindex","follow":"follow","max-snippet":"max-snippet:-1","max-image-preview":"max-image-preview:large","max-video-preview":"max-video-preview:-1"},"og_locale":"cs_CZ","og_type":"article","og_title":"Premiumn\u00ed baz\u00e9n SPA s jacuzzi o rozm\u011brech 485 x 235 cm | Chaty, sauny","og_description":"D\u016eLE\u017dIT\u00c9!  Fotografie produkt\u016f po\u0159izujeme ve \u0161pi\u010dkov\u00e9 kvalit\u011b. Av\u0161ak vzhledem k zp\u016fsobu reprodukce barev monitor\u016f po\u010d\u00edta\u010de se m\u016f\u017ee barva produkt\u016f na obrazovce m\u00edrn\u011b li\u0161it od skute\u010dnosti.","og_url":"https:\/\/dev.domkisauny.pl\/cs\/produkt\/premiumni-bazen-spa-s-jacuzzi-o-rozmerech-485-x-235-cm\/","og_site_name":"Chaty, sauny","article_publisher":"https:\/\/www.facebook.com\/DomkiSauny","article_modified_time":"2025-06-03T10:53:59+00:00","og_image":[{"width":1500,"height":844,"url":"https:\/\/dev.domkisauny.pl\/wp-content\/uploads\/2024\/03\/Basen-Premium-485x235-wizualizacja.jpg","type":"image\/jpeg"}],"twitter_card":"summary_large_image","twitter_misc":{"Odhadovan\u00e1 doba \u010dten\u00ed":"4 minuty"},"schema":{"@context":"https:\/\/schema.org","@graph":[{"@type":"WebPage","@id":"https:\/\/dev.domkisauny.pl\/cs\/produkt\/premiumni-bazen-spa-s-jacuzzi-o-rozmerech-485-x-235-cm\/","url":"https:\/\/dev.domkisauny.pl\/cs\/produkt\/premiumni-bazen-spa-s-jacuzzi-o-rozmerech-485-x-235-cm\/","name":"Premiumn\u00ed baz\u00e9n SPA s jacuzzi o rozm\u011brech 485 x 235 cm | Chaty, sauny","isPartOf":{"@id":"https:\/\/dev.domkisauny.pl\/cs\/#website"},"primaryImageOfPage":{"@id":"https:\/\/dev.domkisauny.pl\/cs\/produkt\/premiumni-bazen-spa-s-jacuzzi-o-rozmerech-485-x-235-cm\/#primaryimage"},"image":{"@id":"https:\/\/dev.domkisauny.pl\/cs\/produkt\/premiumni-bazen-spa-s-jacuzzi-o-rozmerech-485-x-235-cm\/#primaryimage"},"thumbnailUrl":"https:\/\/dev.domkisauny.pl\/wp-content\/uploads\/2024\/03\/Basen-Premium-485x235-wizualizacja.jpg","datePublished":"2024-03-28T05:36:38+00:00","dateModified":"2025-06-03T10:53:59+00:00","breadcrumb":{"@id":"https:\/\/dev.domkisauny.pl\/cs\/produkt\/premiumni-bazen-spa-s-jacuzzi-o-rozmerech-485-x-235-cm\/#breadcrumb"},"inLanguage":"cs","potentialAction":[{"@type":"ReadAction","target":["https:\/\/dev.domkisauny.pl\/cs\/produkt\/premiumni-bazen-spa-s-jacuzzi-o-rozmerech-485-x-235-cm\/"]}]},{"@type":"ImageObject","inLanguage":"cs","@id":"https:\/\/dev.domkisauny.pl\/cs\/produkt\/premiumni-bazen-spa-s-jacuzzi-o-rozmerech-485-x-235-cm\/#primaryimage","url":"https:\/\/dev.domkisauny.pl\/wp-content\/uploads\/2024\/03\/Basen-Premium-485x235-wizualizacja.jpg","contentUrl":"https:\/\/dev.domkisauny.pl\/wp-content\/uploads\/2024\/03\/Basen-Premium-485x235-wizualizacja.jpg","width":1500,"height":844},{"@type":"BreadcrumbList","@id":"https:\/\/dev.domkisauny.pl\/cs\/produkt\/premiumni-bazen-spa-s-jacuzzi-o-rozmerech-485-x-235-cm\/#breadcrumb","itemListElement":[{"@type":"ListItem","position":1,"name":"A&amp;M","item":"https:\/\/dev.domkisauny.pl\/cs\/"},{"@type":"ListItem","position":2,"name":"Produkty","item":"https:\/\/dev.domkisauny.pl\/produkty\/"},{"@type":"ListItem","position":3,"name":"Baz\u00e9ny","item":"https:\/\/dev.domkisauny.pl\/cs\/kategorie-produktu\/bazen\/"},{"@type":"ListItem","position":4,"name":"Premiumn\u00ed baz\u00e9n SPA s jacuzzi o rozm\u011brech 485 x 235 cm"}]},{"@type":"WebSite","@id":"https:\/\/dev.domkisauny.pl\/cs\/#website","url":"https:\/\/dev.domkisauny.pl\/cs\/","name":"Chaty, sauny","description":"","publisher":{"@id":"https:\/\/dev.domkisauny.pl\/cs\/#organization"},"potentialAction":[{"@type":"SearchAction","target":{"@type":"EntryPoint","urlTemplate":"https:\/\/dev.domkisauny.pl\/cs\/?s={search_term_string}"},"query-input":{"@type":"PropertyValueSpecification","valueRequired":true,"valueName":"search_term_string"}}],"inLanguage":"cs"},{"@type":"Organization","@id":"https:\/\/dev.domkisauny.pl\/cs\/#organization","name":"Chaty, sauny","url":"https:\/\/dev.domkisauny.pl\/cs\/","logo":{"@type":"ImageObject","inLanguage":"cs","@id":"https:\/\/dev.domkisauny.pl\/cs\/#\/schema\/logo\/image\/","url":"https:\/\/domkisauny.pl\/wp-content\/uploads\/2022\/09\/logo_03.png","contentUrl":"https:\/\/domkisauny.pl\/wp-content\/uploads\/2022\/09\/logo_03.png","width":95,"height":81,"caption":"Chaty, sauny"},"image":{"@id":"https:\/\/dev.domkisauny.pl\/cs\/#\/schema\/logo\/image\/"},"sameAs":["https:\/\/www.facebook.com\/DomkiSauny"]}]}},"_links":{"self":[{"href":"https:\/\/dev.domkisauny.pl\/cs\/wp-json\/wp\/v2\/product\/10594","targetHints":{"allow":["GET"]}}],"collection":[{"href":"https:\/\/dev.domkisauny.pl\/cs\/wp-json\/wp\/v2\/product"}],"about":[{"href":"https:\/\/dev.domkisauny.pl\/cs\/wp-json\/wp\/v2\/types\/product"}],"wp:featuredmedia":[{"embeddable":true,"href":"https:\/\/dev.domkisauny.pl\/cs\/wp-json\/wp\/v2\/media\/9664"}],"wp:attachment":[{"href":"https:\/\/dev.domkisauny.pl\/cs\/wp-json\/wp\/v2\/media?parent=10594"}],"wp:term":[{"taxonomy":"product_brand","embeddable":true,"href":"https:\/\/dev.domkisauny.pl\/cs\/wp-json\/wp\/v2\/product_brand?post=10594"},{"taxonomy":"product_cat","embeddable":true,"href":"https:\/\/dev.domkisauny.pl\/cs\/wp-json\/wp\/v2\/product_cat?post=10594"},{"taxonomy":"product_tag","embeddable":true,"href":"https:\/\/dev.domkisauny.pl\/cs\/wp-json\/wp\/v2\/product_tag?post=10594"}],"curies":[{"name":"wp","href":"https:\/\/api.w.org\/{rel}","templated":true}]}}